{"id":7055,"date":"2024-12-31T20:13:44","date_gmt":"2024-12-31T20:13:44","guid":{"rendered":"https:\/\/storetest.ivi.ee\/product\/callebaut-lemon-chocolate-27-5-2500g\/"},"modified":"2025-12-16T09:52:58","modified_gmt":"2025-12-16T07:52:58","slug":"callebaut-sidrunisokolaad-27-5-2500g","status":"publish","type":"product","link":"https:\/\/candeebaar.ee\/et\/pood\/callebaut-sidrunisokolaad-27-5-2500g\/","title":{"rendered":"Callebaut sidruni\u0161okolaad 27.5% 2500g"},"content":{"rendered":"<p>Callebaut sidruni\u0161okolaad. Valmistatud sidrunimaitselisest valgest \u0161okolaadist.<br \/>\nV\u00e4rv: roheline<br \/>\nKakaosisaldus 27,5%.<br \/>\nKoostisosad: suhkur, kakaov\u00f5i, terve <strong>PIIM<\/strong> pulber, emulgaator: letsitiinid (<strong>SOJA<\/strong>), looduslik sidrunimaitseaine, v\u00e4rvid: E132, E100, looduslik vanilje maitseaine<br \/>\n2500 g<\/p>\n<table style=\"height: 138px; width: 409px;\" width=\"409\">\n<tbody>\n<tr style=\"height: 23px;\">\n<td style=\"width: 244px; height: 23px;\">Sisu kohta<\/td>\n<td style=\"width: 150.4px; height: 23px;\">100g<\/td>\n<\/tr>\n<tr style=\"height: 23px;\">\n<td style=\"width: 244px; height: 23px;\">Toitev\u00e4\u00e4rtus<\/td>\n<td style=\"width: 150.4px; height: 23px;\">559 kcal 2340 kJ<\/td>\n<\/tr>\n<tr style=\"height: 23px;\">\n<td style=\"width: 244px; height: 23px;\">Rasvad (millest k\u00fcllastunud)<\/td>\n<td style=\"width: 150.4px; height: 23px;\">34 g (20 g)<\/td>\n<\/tr>\n<tr style=\"height: 23px;\">\n<td style=\"width: 244px; height: 23px;\">S\u00fcsivesikud (suhkur)<\/td>\n<td style=\"width: 150.4px; height: 23px;\">59 g (58 g)<\/td>\n<\/tr>\n<tr style=\"height: 23px;\">\n<td style=\"width: 244px; height: 23px;\">Valgud<\/td>\n<td style=\"width: 150.4px; height: 23px;\">5,1 g<\/td>\n<\/tr>\n<tr style=\"height: 23px;\">\n<td style=\"width: 244px; height: 23px;\">soola<\/td>\n<td style=\"width: 150.4px; height: 23px;\">0,18 g<\/td>\n<\/tr>\n<\/tbody>\n<\/table>\n<p>S\u00e4ilitustemperatuur: <strong>12\u201320 \u00b0C<br \/>\n<\/strong>Tootja: CALLEBAUT Belgia.<br \/>\nLisaks leiate veebisaidilt palju uusi retsepte ja saate tutvuda nende toodetega <a href=\"https:\/\/www.callebaut.com\/\">callebaut.com<\/a>.<\/p>\n<p>&nbsp;<\/p>","protected":false},"excerpt":{"rendered":"<p>Callebaut sidruni\u0161okolaad. Valmistatud valgest \u0161okolaadist sidrunimaitsega. V\u00e4rvus: roheline. Kakaosisaldus 27,5%. Koostisosad: suhkur, kakaov\u00f5i, t\u00e4ispiimapulber, emulgaator: letsitiinid (SOJA), looduslik sidrunimaitse, v\u00e4rvained: E132, E100, looduslik vaniljemaitse. 2500g. 100g kohta: Toitev\u00e4\u00e4rtus 559 kcal 2340 kJ. Rasvad (millest k\u00fcllastunud) 34 g (20 g). S\u00fcsivesikud (suhkur) 59 g (58 g).<\/p>","protected":false},"featured_media":4973,"template":"","meta":{"_seopress_robots_primary_cat":"none","_seopress_titles_title":"","_seopress_titles_desc":"","_seopress_robots_index":""},"product_brand":[],"product_cat":[15,110],"product_tag":[],"class_list":{"0":"post-7055","1":"product","2":"type-product","3":"status-publish","4":"has-post-thumbnail","6":"product_cat-all-products","7":"product_cat-callebaut","8":"brand-callebaut","10":"first","11":"instock","12":"taxable","13":"shipping-taxable","14":"purchasable","15":"product-type-simple"},"_links":{"self":[{"href":"https:\/\/candeebaar.ee\/et\/wp-json\/wp\/v2\/product\/7055","targetHints":{"allow":["GET"]}}],"collection":[{"href":"https:\/\/candeebaar.ee\/et\/wp-json\/wp\/v2\/product"}],"about":[{"href":"https:\/\/candeebaar.ee\/et\/wp-json\/wp\/v2\/types\/product"}],"version-history":[{"count":3,"href":"https:\/\/candeebaar.ee\/et\/wp-json\/wp\/v2\/product\/7055\/revisions"}],"predecessor-version":[{"id":11923,"href":"https:\/\/candeebaar.ee\/et\/wp-json\/wp\/v2\/product\/7055\/revisions\/11923"}],"wp:featuredmedia":[{"embeddable":true,"href":"https:\/\/candeebaar.ee\/et\/wp-json\/wp\/v2\/media\/4973"}],"wp:attachment":[{"href":"https:\/\/candeebaar.ee\/et\/wp-json\/wp\/v2\/media?parent=7055"}],"wp:term":[{"taxonomy":"product_brand","embeddable":true,"href":"https:\/\/candeebaar.ee\/et\/wp-json\/wp\/v2\/product_brand?post=7055"},{"taxonomy":"product_cat","embeddable":true,"href":"https:\/\/candeebaar.ee\/et\/wp-json\/wp\/v2\/product_cat?post=7055"},{"taxonomy":"product_tag","embeddable":true,"href":"https:\/\/candeebaar.ee\/et\/wp-json\/wp\/v2\/product_tag?post=7055"}],"curies":[{"name":"t\u00f6\u00f6leht","href":"https:\/\/api.w.org\/{rel}","templated":true}]}}