{"id":7057,"date":"2024-12-31T20:13:44","date_gmt":"2024-12-31T20:13:44","guid":{"rendered":"https:\/\/storetest.ivi.ee\/product\/callebaut-orange-chocolate-29-2500g\/"},"modified":"2025-12-16T09:53:06","modified_gmt":"2025-12-16T07:53:06","slug":"callebaut-apelsinisokolaad-29-2500g","status":"publish","type":"product","link":"https:\/\/candeebaar.ee\/et\/pood\/callebaut-apelsinisokolaad-29-2500g\/","title":{"rendered":"Callebaut Orange Chocolate 29% 2500g"},"content":{"rendered":"<p>Callebaut oran\u017e \u0161okolaad. Valmistatud apelsinimaitsega valgest \u0161okolaadist.<br \/>\nV\u00e4rv: oran\u017e<br \/>\nKakaosisaldus 29%.<br \/>\n2500 g<\/p>\n<table style=\"height: 138px; width: 409px;\" width=\"409\">\n<tbody>\n<tr style=\"height: 23px;\">\n<td style=\"width: 244px; height: 23px;\">Sisu kohta<\/td>\n<td style=\"width: 150.4px; height: 23px;\">100g<\/td>\n<\/tr>\n<tr style=\"height: 23px;\">\n<td style=\"width: 244px; height: 23px;\">Toitev\u00e4\u00e4rtus<\/td>\n<td style=\"width: 150.4px; height: 23px;\">566 kcal 2370 kJ<\/td>\n<\/tr>\n<tr style=\"height: 23px;\">\n<td style=\"width: 244px; height: 23px;\">Rasvad (millest k\u00fcllastunud)<\/td>\n<td style=\"width: 150.4px; height: 23px;\">35 g (21 g)<\/td>\n<\/tr>\n<tr style=\"height: 23px;\">\n<td style=\"width: 244px; height: 23px;\">S\u00fcsivesikud (suhkur)<\/td>\n<td style=\"width: 150.4px; height: 23px;\">56 g (55 g)<\/td>\n<\/tr>\n<tr style=\"height: 23px;\">\n<td style=\"width: 244px; height: 23px;\">Valgud<\/td>\n<td style=\"width: 150.4px; height: 23px;\">6,1 g<\/td>\n<\/tr>\n<tr style=\"height: 23px;\">\n<td style=\"width: 244px; height: 23px;\">soola<\/td>\n<td style=\"width: 150.4px; height: 23px;\">0,22 g<\/td>\n<\/tr>\n<\/tbody>\n<\/table>\n<p>&nbsp;<\/p>\n<p>Koostisosad: kakaov\u00f5i 29%, suhkur, kuiv <strong>piima<\/strong>, emulgaator (<strong>soja<\/strong> letsitiin), looduslik l\u00f5hna- ja maitseaine (apelsin), looduslik l\u00f5hna- ja maitseaine (vanilliin), v\u00e4rvained E160e, sool.<br \/>\nS\u00e4ilitustemperatuur: <strong>12\u201320 \u00b0C<br \/>\n<\/strong>Tootja: CALLEBAUT Belgia.<br \/>\nLisaks veebisaidil <a href=\"https:\/\/www.callebaut.com\/\">callebaut.com<\/a>, v\u00f5ite leida palju uusi retsepte ja tutvuda nende toodetega.<\/p>\n<p>&nbsp;<\/p>","protected":false},"excerpt":{"rendered":"<p>Callebaut oran\u017e \u0161okolaad. Valmistatud apelsinimaitsega valgest \u0161okolaadist. V\u00e4rvus: oran\u017e Kakaosisaldus 29%. 2500g Sisu 100g kohta Toitev\u00e4\u00e4rtus 566 kcal 2370 kJ Rasvad (millest k\u00fcllastunud) 35g (21g) S\u00fcsivesikud (suhkur) 56g (55g) Valgud 6,1g Sool 0,22g Koostis: kakaov\u00f5i 291 TP3, emulsiiv piim , looduslik l\u00f5hna- ja maitseaine (apelsin), looduslik [\u2026]<\/p>","protected":false},"featured_media":4976,"template":"","meta":{"_seopress_robots_primary_cat":"none","_seopress_titles_title":"","_seopress_titles_desc":"","_seopress_robots_index":""},"product_brand":[],"product_cat":[15,110],"product_tag":[],"class_list":{"0":"post-7057","1":"product","2":"type-product","3":"status-publish","4":"has-post-thumbnail","6":"product_cat-all-products","7":"product_cat-callebaut","8":"brand-callebaut","10":"first","11":"instock","12":"taxable","13":"shipping-taxable","14":"purchasable","15":"product-type-simple"},"_links":{"self":[{"href":"https:\/\/candeebaar.ee\/et\/wp-json\/wp\/v2\/product\/7057","targetHints":{"allow":["GET"]}}],"collection":[{"href":"https:\/\/candeebaar.ee\/et\/wp-json\/wp\/v2\/product"}],"about":[{"href":"https:\/\/candeebaar.ee\/et\/wp-json\/wp\/v2\/types\/product"}],"version-history":[{"count":2,"href":"https:\/\/candeebaar.ee\/et\/wp-json\/wp\/v2\/product\/7057\/revisions"}],"predecessor-version":[{"id":10947,"href":"https:\/\/candeebaar.ee\/et\/wp-json\/wp\/v2\/product\/7057\/revisions\/10947"}],"wp:featuredmedia":[{"embeddable":true,"href":"https:\/\/candeebaar.ee\/et\/wp-json\/wp\/v2\/media\/4976"}],"wp:attachment":[{"href":"https:\/\/candeebaar.ee\/et\/wp-json\/wp\/v2\/media?parent=7057"}],"wp:term":[{"taxonomy":"product_brand","embeddable":true,"href":"https:\/\/candeebaar.ee\/et\/wp-json\/wp\/v2\/product_brand?post=7057"},{"taxonomy":"product_cat","embeddable":true,"href":"https:\/\/candeebaar.ee\/et\/wp-json\/wp\/v2\/product_cat?post=7057"},{"taxonomy":"product_tag","embeddable":true,"href":"https:\/\/candeebaar.ee\/et\/wp-json\/wp\/v2\/product_tag?post=7057"}],"curies":[{"name":"t\u00f6\u00f6leht","href":"https:\/\/api.w.org\/{rel}","templated":true}]}}