{"id":7059,"date":"2024-12-31T20:13:44","date_gmt":"2024-12-31T20:13:44","guid":{"rendered":"https:\/\/storetest.ivi.ee\/product\/callebaut-mycryo-600g\/"},"modified":"2025-12-16T10:09:18","modified_gmt":"2025-12-16T08:09:18","slug":"callebaut-mycryo-600g","status":"publish","type":"product","link":"https:\/\/candeebaar.ee\/et\/pood\/callebaut-mycryo-600g\/","title":{"rendered":"Callebaut Mycryo 600g"},"content":{"rendered":"<p>Kakaov\u00f5id \u201cMikrio\u201d kasutatakse laialdaselt toiduvalmistamisel.<br \/>\nSee ei sisalda kolesterooli ja on 100% taimne.<br \/>\nKoostisosad: kakaov\u00f5i<br \/>\n100g sisaldab: 100g rasvu (millest 60g on k\u00fcllastunud)<br \/>\nS\u00e4ilitustemperatuur: 12-20\u00b0C<br \/>\nKasutustemperatuur: kuni 200\u00b0C<br \/>\nKaal: 600g<br \/>\nTootja: Barry Callebaut Belgia<br \/>\n<strong>Toote tarneaeg laos on orienteeruvalt 1 n\u00e4dal.<\/strong><\/p>","protected":false},"excerpt":{"rendered":"<p>Kakaov\u00f5id \u201eMikrio\u201d kasutatakse laialdaselt toiduvalmistamisel. See ei sisalda kolesterooli ja on 100% taimne. Koostis: kakaov\u00f5i 100 g-s on: 100 g rasvu (millest 60 g on k\u00fcllastunud) S\u00e4ilitustemperatuur: 12\u201320 \u00b0C Kasutustemperatuur: kuni 200 \u00b0C Kaal: 600 g Tootja: Barry Callebaut Belgia Toote tarneaeg, kui see on laos, on [\u2026]<\/p>","protected":false},"featured_media":5149,"template":"","meta":{"_seopress_robots_primary_cat":"","_seopress_titles_title":"","_seopress_titles_desc":"","_seopress_robots_index":""},"product_brand":[],"product_cat":[15,110],"product_tag":[],"class_list":{"0":"post-7059","1":"product","2":"type-product","3":"status-publish","4":"has-post-thumbnail","6":"product_cat-all-products","7":"product_cat-callebaut","8":"brand-callebaut","10":"first","11":"instock","12":"taxable","13":"shipping-taxable","14":"purchasable","15":"product-type-simple"},"_links":{"self":[{"href":"https:\/\/candeebaar.ee\/et\/wp-json\/wp\/v2\/product\/7059","targetHints":{"allow":["GET"]}}],"collection":[{"href":"https:\/\/candeebaar.ee\/et\/wp-json\/wp\/v2\/product"}],"about":[{"href":"https:\/\/candeebaar.ee\/et\/wp-json\/wp\/v2\/types\/product"}],"version-history":[{"count":1,"href":"https:\/\/candeebaar.ee\/et\/wp-json\/wp\/v2\/product\/7059\/revisions"}],"predecessor-version":[{"id":7060,"href":"https:\/\/candeebaar.ee\/et\/wp-json\/wp\/v2\/product\/7059\/revisions\/7060"}],"wp:featuredmedia":[{"embeddable":true,"href":"https:\/\/candeebaar.ee\/et\/wp-json\/wp\/v2\/media\/5149"}],"wp:attachment":[{"href":"https:\/\/candeebaar.ee\/et\/wp-json\/wp\/v2\/media?parent=7059"}],"wp:term":[{"taxonomy":"product_brand","embeddable":true,"href":"https:\/\/candeebaar.ee\/et\/wp-json\/wp\/v2\/product_brand?post=7059"},{"taxonomy":"product_cat","embeddable":true,"href":"https:\/\/candeebaar.ee\/et\/wp-json\/wp\/v2\/product_cat?post=7059"},{"taxonomy":"product_tag","embeddable":true,"href":"https:\/\/candeebaar.ee\/et\/wp-json\/wp\/v2\/product_tag?post=7059"}],"curies":[{"name":"t\u00f6\u00f6leht","href":"https:\/\/api.w.org\/{rel}","templated":true}]}}