{"id":7063,"date":"2024-12-31T20:13:44","date_gmt":"2024-12-31T20:13:44","guid":{"rendered":"https:\/\/storetest.ivi.ee\/product\/callebaut-velvet-chocolate-32-2500g\/"},"modified":"2025-12-16T10:11:25","modified_gmt":"2025-12-16T08:11:25","slug":"callebaut-sametsokolaad-32-2500g","status":"publish","type":"product","link":"https:\/\/candeebaar.ee\/et\/pood\/callebaut-sametsokolaad-32-2500g\/","title":{"rendered":"Callebaut Velvet Chocolate (32%) 2500g"},"content":{"rendered":"<p>Valge kuvertuur.<br \/>\nKakaosisaldus 32%.<br \/>\nKaal: 2500g<br \/>\nKoostisosad: suhkur, kakaov\u00f5i, t\u00e4is <strong>piima<\/strong> pulber, <strong>soja<\/strong> letsitiin (emulgaator), looduslik vanilje maitseaine.<br \/>\n\u00dcmberpakendatud tooted v\u00f5ivad sisaldada v\u00f5i olla t\u00f6\u00f6deldud seadmetega, mis puutuvad kokku NISU, MUNA, <strong>MAAP\u00c4HKLID<\/strong>, <strong>SOJA<\/strong>, <strong>P\u00c4HKLID<\/strong>ja\/v\u00f5i <strong>PIIM<\/strong>.<\/p>\n<table style=\"height: 160px; width: 409px;\" width=\"409\">\n<tbody>\n<tr>\n<td style=\"width: 244px;\">Sisu kohta<\/td>\n<td style=\"width: 150.4px;\">100g<\/td>\n<\/tr>\n<tr>\n<td style=\"width: 244px;\">Toitev\u00e4\u00e4rtus<\/td>\n<td style=\"width: 150.4px;\">589 kcal 2465 kJ<\/td>\n<\/tr>\n<tr>\n<td style=\"width: 244px;\">Rasvad (millest k\u00fcllastunud)<\/td>\n<td style=\"width: 150.4px;\">40 g (24 g)<\/td>\n<\/tr>\n<tr>\n<td style=\"width: 244px;\">S\u00fcsivesikud (suhkur)<\/td>\n<td style=\"width: 150.4px;\">51 g (51 g)<\/td>\n<\/tr>\n<tr>\n<td style=\"width: 244px;\">Valgud<\/td>\n<td style=\"width: 150.4px;\">6,1 g<\/td>\n<\/tr>\n<tr>\n<td style=\"width: 244px;\">soola<\/td>\n<td style=\"width: 150.4px;\">0,22 g<\/td>\n<\/tr>\n<\/tbody>\n<\/table>\n<p>S\u00e4ilitustemperatuur: <strong>12\u201320 \u00b0C<\/strong><br \/>\nTootja: CALLEBAUT<br \/>\nLisaks veebisaidil <a href=\"https:\/\/www.callebaut.com\/\">callebaut.com<\/a> saate \u00f5ppida palju uusi retsepte ja tutvuda nende toodetega.<\/p>\n<p>&nbsp;<\/p>","protected":false},"excerpt":{"rendered":"<p>Valge kuvertuur. Kakaosisaldus 32%. Mass: 2500g Koostisosad: suhkur, kakaov\u00f5i, t\u00e4ispiimapulber, sojaletsitiin (emulgaator), looduslik vanilje l\u00f5hna- ja maitseaine. \u00dcmberpakendatud tooted v\u00f5ivad sisaldada NISU, MUNASID, MAAP\u00c4HKLEID, SOJA, P\u00c4HKLEID ja\/v\u00f5i PIIMA v\u00f5i olla t\u00f6\u00f6deldud seadmetega, mis puutuvad kokku NISU, MUNADE, MAAP\u00c4HKLITE, SOJA, P\u00c4HKLITE ja\/v\u00f5i PIIMAGA. Sisu 100g kohta Toitev\u00e4\u00e4rtus 589 kcal 2465 kJ Rasvad (millest k\u00fcllastunud) 40g [\u2026]<\/p>","protected":false},"featured_media":5253,"template":"","meta":{"_seopress_robots_primary_cat":"none","_seopress_titles_title":"","_seopress_titles_desc":"","_seopress_robots_index":""},"product_brand":[],"product_cat":[180,15,110],"product_tag":[],"class_list":{"0":"post-7063","1":"product","2":"type-product","3":"status-publish","4":"has-post-thumbnail","6":"product_cat-wedding-products","7":"product_cat-all-products","8":"product_cat-callebaut","9":"brand-callebaut","11":"first","12":"instock","13":"taxable","14":"shipping-taxable","15":"purchasable","16":"product-type-simple"},"_links":{"self":[{"href":"https:\/\/candeebaar.ee\/et\/wp-json\/wp\/v2\/product\/7063","targetHints":{"allow":["GET"]}}],"collection":[{"href":"https:\/\/candeebaar.ee\/et\/wp-json\/wp\/v2\/product"}],"about":[{"href":"https:\/\/candeebaar.ee\/et\/wp-json\/wp\/v2\/types\/product"}],"version-history":[{"count":3,"href":"https:\/\/candeebaar.ee\/et\/wp-json\/wp\/v2\/product\/7063\/revisions"}],"predecessor-version":[{"id":11899,"href":"https:\/\/candeebaar.ee\/et\/wp-json\/wp\/v2\/product\/7063\/revisions\/11899"}],"wp:featuredmedia":[{"embeddable":true,"href":"https:\/\/candeebaar.ee\/et\/wp-json\/wp\/v2\/media\/5253"}],"wp:attachment":[{"href":"https:\/\/candeebaar.ee\/et\/wp-json\/wp\/v2\/media?parent=7063"}],"wp:term":[{"taxonomy":"product_brand","embeddable":true,"href":"https:\/\/candeebaar.ee\/et\/wp-json\/wp\/v2\/product_brand?post=7063"},{"taxonomy":"product_cat","embeddable":true,"href":"https:\/\/candeebaar.ee\/et\/wp-json\/wp\/v2\/product_cat?post=7063"},{"taxonomy":"product_tag","embeddable":true,"href":"https:\/\/candeebaar.ee\/et\/wp-json\/wp\/v2\/product_tag?post=7063"}],"curies":[{"name":"t\u00f6\u00f6leht","href":"https:\/\/api.w.org\/{rel}","templated":true}]}}