{"id":7065,"date":"2024-12-31T20:13:44","date_gmt":"2024-12-31T20:13:44","guid":{"rendered":"https:\/\/storetest.ivi.ee\/product\/callebaut-caramel-chocolate-31-1-2500g\/"},"modified":"2025-04-22T09:26:57","modified_gmt":"2025-04-22T07:26:57","slug":"callebaut-karamellsokolaad-31-1-2500g","status":"publish","type":"product","link":"https:\/\/candeebaar.ee\/et\/pood\/callebaut-karamellsokolaad-31-1-2500g\/","title":{"rendered":"Callebaut karamell\u0161okolaad (31.1%) 2500g"},"content":{"rendered":"<p>\u0160okolaad karamelli maitse ja v\u00e4rviga. Ideaalne kaunistamiseks, ganache&#039;ide ja kommide jaoks.<br \/>\nValmistatud valgest \u0161okolaadist, on see tempereeritud nagu tavaline valge \u0161okolaad.<br \/>\nKoostisosad: suhkur, kakaov\u00f5i, t\u00e4is <strong>PIIM<\/strong> pulber, kakaomass, kooritud <strong>PIIM<\/strong> pulber, karamelliseeritud suhkur, emulgaator <strong>SOJA<\/strong> letsitiin, l\u00f5hna- ja maitseaine, paprikaekstrakt, looduslik vanilje maitseaine.<br \/>\n2500 g<\/p>\n<table style=\"height: 160px; width: 409px;\" width=\"409\">\n<tbody>\n<tr>\n<td style=\"width: 244px;\">Sisu kohta<\/td>\n<td style=\"width: 150.4px;\">100g<\/td>\n<\/tr>\n<tr>\n<td style=\"width: 244px;\">Toitev\u00e4\u00e4rtus<\/td>\n<td style=\"width: 150.4px;\">566 kcal 2369 kJ<\/td>\n<\/tr>\n<tr>\n<td style=\"width: 244px;\">Rasvad (millest k\u00fcllastunud)<\/td>\n<td style=\"width: 150.4px;\">37 g (22 g)<\/td>\n<\/tr>\n<tr>\n<td style=\"width: 244px;\">S\u00fcsivesikud (suhkur)<\/td>\n<td style=\"width: 150.4px;\">49 g (49 g)<\/td>\n<\/tr>\n<tr>\n<td style=\"width: 244px;\">Valgud<\/td>\n<td style=\"width: 150.4px;\">7,9 g<\/td>\n<\/tr>\n<tr>\n<td style=\"width: 244px;\">soola<\/td>\n<td style=\"width: 150.4px;\">0,25 g<\/td>\n<\/tr>\n<\/tbody>\n<\/table>\n<p>S\u00e4ilitustemperatuur: <strong>12\u201320 \u00b0C<\/strong><br \/>\nTootja: CALLEBAUT Belgia.<br \/>\nCompleteSaate veebisaidilt leida palju uusi retsepte ja tutvuda nende toodetega <a href=\"https:\/\/www.callebaut.com\/\">callebaut.com<\/a>.<\/p>","protected":false},"excerpt":{"rendered":"<p>Karamelli maitse ja v\u00e4rviga \u0161okolaad. Ideaalne kaunistuseks, ganache&#039;ideks ja kommideks. Valmistatud valgest \u0161okolaadist ja karastatud nagu tavaline valge \u0161okolaad. Koostisosad: suhkur, kakaov\u00f5i, t\u00e4ispiimapulber, kakaomass, l\u00f5ssipulber, karamelliseeritud suhkur, emulgaator SOJAletsitiin, l\u00f5hna- ja maitseained, paprikaekstrakt, looduslik vanilje l\u00f5hna- ja maitseained. 2500g Sisu 100g kohta Toitev\u00e4\u00e4rtus 566 kcal [\u2026]<\/p>","protected":false},"featured_media":4919,"template":"","meta":{"_seopress_robots_primary_cat":"none","_seopress_titles_title":"","_seopress_titles_desc":"","_seopress_robots_index":""},"product_brand":[],"product_cat":[15,110],"product_tag":[],"class_list":{"0":"post-7065","1":"product","2":"type-product","3":"status-publish","4":"has-post-thumbnail","6":"product_cat-all-products","7":"product_cat-callebaut","8":"brand-callebaut","10":"first","11":"instock","12":"taxable","13":"shipping-taxable","14":"purchasable","15":"product-type-simple"},"_links":{"self":[{"href":"https:\/\/candeebaar.ee\/et\/wp-json\/wp\/v2\/product\/7065","targetHints":{"allow":["GET"]}}],"collection":[{"href":"https:\/\/candeebaar.ee\/et\/wp-json\/wp\/v2\/product"}],"about":[{"href":"https:\/\/candeebaar.ee\/et\/wp-json\/wp\/v2\/types\/product"}],"version-history":[{"count":5,"href":"https:\/\/candeebaar.ee\/et\/wp-json\/wp\/v2\/product\/7065\/revisions"}],"predecessor-version":[{"id":11931,"href":"https:\/\/candeebaar.ee\/et\/wp-json\/wp\/v2\/product\/7065\/revisions\/11931"}],"wp:featuredmedia":[{"embeddable":true,"href":"https:\/\/candeebaar.ee\/et\/wp-json\/wp\/v2\/media\/4919"}],"wp:attachment":[{"href":"https:\/\/candeebaar.ee\/et\/wp-json\/wp\/v2\/media?parent=7065"}],"wp:term":[{"taxonomy":"product_brand","embeddable":true,"href":"https:\/\/candeebaar.ee\/et\/wp-json\/wp\/v2\/product_brand?post=7065"},{"taxonomy":"product_cat","embeddable":true,"href":"https:\/\/candeebaar.ee\/et\/wp-json\/wp\/v2\/product_cat?post=7065"},{"taxonomy":"product_tag","embeddable":true,"href":"https:\/\/candeebaar.ee\/et\/wp-json\/wp\/v2\/product_tag?post=7065"}],"curies":[{"name":"t\u00f6\u00f6leht","href":"https:\/\/api.w.org\/{rel}","templated":true}]}}