{"id":7078,"date":"2024-12-31T20:13:44","date_gmt":"2024-12-31T20:13:44","guid":{"rendered":"https:\/\/storetest.ivi.ee\/product\/base-180x3mm-reinforced-white-daisy\/"},"modified":"2025-05-07T12:33:43","modified_gmt":"2025-05-07T10:33:43","slug":"pohi-180x3mm-tugevdatud-valge-karikakra","status":"publish","type":"product","link":"https:\/\/candeebaar.ee\/et\/pood\/pohi-180x3mm-tugevdatud-valge-karikakra\/","title":{"rendered":"Koogilaud 180x3mm tugevdatud valge &quot;Daisy&quot;"},"content":{"rendered":"<p>Alus tugevdatud lainepapist.<br \/>\nSee on vajalik magustoitude n\u00f5uetekohaseks s\u00e4ilitamiseks, transportimiseks ja serveerimiseks.<br \/>\nPaksus: 3mm<br \/>\nL\u00e4bim\u00f5\u00f5t: 180mm<br \/>\nV\u00e4rv: valge<\/p>","protected":false},"excerpt":{"rendered":"<p>Alus tugevdatud lainepapist. See on vajalik magustoitude n\u00f5uetekohaseks s\u00e4ilitamiseks, transportimiseks ja serveerimiseks. Paksus: 3mm L\u00e4bim\u00f5\u00f5t: 180mm V\u00e4rvus: valge<\/p>","protected":false},"featured_media":5781,"template":"","meta":{"_seopress_robots_primary_cat":"none","_seopress_titles_title":"","_seopress_titles_desc":"","_seopress_robots_index":""},"product_brand":[],"product_cat":[15,140],"product_tag":[],"class_list":{"0":"post-7078","1":"product","2":"type-product","3":"status-publish","4":"has-post-thumbnail","6":"product_cat-all-products","7":"product_cat-18cm","9":"first","10":"outofstock","11":"taxable","12":"shipping-taxable","13":"purchasable","14":"product-type-simple"},"_links":{"self":[{"href":"https:\/\/candeebaar.ee\/et\/wp-json\/wp\/v2\/product\/7078","targetHints":{"allow":["GET"]}}],"collection":[{"href":"https:\/\/candeebaar.ee\/et\/wp-json\/wp\/v2\/product"}],"about":[{"href":"https:\/\/candeebaar.ee\/et\/wp-json\/wp\/v2\/types\/product"}],"version-history":[{"count":2,"href":"https:\/\/candeebaar.ee\/et\/wp-json\/wp\/v2\/product\/7078\/revisions"}],"predecessor-version":[{"id":9132,"href":"https:\/\/candeebaar.ee\/et\/wp-json\/wp\/v2\/product\/7078\/revisions\/9132"}],"wp:featuredmedia":[{"embeddable":true,"href":"https:\/\/candeebaar.ee\/et\/wp-json\/wp\/v2\/media\/5781"}],"wp:attachment":[{"href":"https:\/\/candeebaar.ee\/et\/wp-json\/wp\/v2\/media?parent=7078"}],"wp:term":[{"taxonomy":"product_brand","embeddable":true,"href":"https:\/\/candeebaar.ee\/et\/wp-json\/wp\/v2\/product_brand?post=7078"},{"taxonomy":"product_cat","embeddable":true,"href":"https:\/\/candeebaar.ee\/et\/wp-json\/wp\/v2\/product_cat?post=7078"},{"taxonomy":"product_tag","embeddable":true,"href":"https:\/\/candeebaar.ee\/et\/wp-json\/wp\/v2\/product_tag?post=7078"}],"curies":[{"name":"t\u00f6\u00f6leht","href":"https:\/\/api.w.org\/{rel}","templated":true}]}}