{"id":7105,"date":"2024-12-31T20:13:47","date_gmt":"2024-12-31T20:13:47","guid":{"rendered":"https:\/\/storetest.ivi.ee\/product\/silicone-syringe-handle-for-decoration\/"},"modified":"2025-07-17T09:48:55","modified_gmt":"2025-07-17T07:48:55","slug":"silikoonsustla-kaepide-kaunistuseks","status":"publish","type":"product","link":"https:\/\/candeebaar.ee\/et\/pood\/silikoonsustla-kaepide-kaunistuseks\/","title":{"rendered":"Kaunistuseks silikoons\u00fcstla k\u00e4epide"},"content":{"rendered":"<p>S\u00fcstla k\u00e4epidet kasutatakse mugavaks kaunistamiseks \u0161okolaadi ja glasuuriga.<br \/>\n Silikoonkorpus v\u00f5imaldab lihtsa vajutusega intuitiivselt kanda soovitud paksusega jooni, parandades oluliselt kaunistuse kvaliteeti.<br \/>\n Kaasas 4 peenikest otsikut (\u00fcmmargune 1 mm, \u00fcmmargune 4 mm, t\u00e4ht 5 punkti, t\u00e4ht 3 punkti).<br \/>\n Materjal: plastik, silikoon<br \/>\n Suurus: 14 cm<br \/>\n Tootja: Hiina<\/p>","protected":false},"excerpt":{"rendered":"<p>S\u00fcstla k\u00e4epidet kasutatakse mugavaks kaunistamiseks \u0161okolaadi ja glasuuriga. Silikoonkorpus v\u00f5imaldab lihtsa vajutusega intuitiivselt kanda soovitud paksusega jooni, parandades oluliselt kaunistuse kvaliteeti. Kaasas 4 peenikest otsikut (\u00fcmmargune 1 mm, \u00fcmmargune 4 mm, t\u00e4ht 5 punkti, t\u00e4ht 3 punkti). Materjal: plastik, silikoon Suurus: 14cm Tootja: [\u2026]<\/p>","protected":false},"featured_media":7107,"template":"","meta":{"_seopress_robots_primary_cat":"","_seopress_titles_title":"","_seopress_titles_desc":"","_seopress_robots_index":""},"product_brand":[],"product_cat":[15,121],"product_tag":[],"class_list":{"0":"post-7105","1":"product","2":"type-product","3":"status-publish","4":"has-post-thumbnail","6":"product_cat-all-products","7":"product_cat-round","9":"first","10":"instock","11":"taxable","12":"shipping-taxable","13":"purchasable","14":"product-type-simple"},"_links":{"self":[{"href":"https:\/\/candeebaar.ee\/et\/wp-json\/wp\/v2\/product\/7105","targetHints":{"allow":["GET"]}}],"collection":[{"href":"https:\/\/candeebaar.ee\/et\/wp-json\/wp\/v2\/product"}],"about":[{"href":"https:\/\/candeebaar.ee\/et\/wp-json\/wp\/v2\/types\/product"}],"version-history":[{"count":1,"href":"https:\/\/candeebaar.ee\/et\/wp-json\/wp\/v2\/product\/7105\/revisions"}],"predecessor-version":[{"id":7106,"href":"https:\/\/candeebaar.ee\/et\/wp-json\/wp\/v2\/product\/7105\/revisions\/7106"}],"wp:featuredmedia":[{"embeddable":true,"href":"https:\/\/candeebaar.ee\/et\/wp-json\/wp\/v2\/media\/7107"}],"wp:attachment":[{"href":"https:\/\/candeebaar.ee\/et\/wp-json\/wp\/v2\/media?parent=7105"}],"wp:term":[{"taxonomy":"product_brand","embeddable":true,"href":"https:\/\/candeebaar.ee\/et\/wp-json\/wp\/v2\/product_brand?post=7105"},{"taxonomy":"product_cat","embeddable":true,"href":"https:\/\/candeebaar.ee\/et\/wp-json\/wp\/v2\/product_cat?post=7105"},{"taxonomy":"product_tag","embeddable":true,"href":"https:\/\/candeebaar.ee\/et\/wp-json\/wp\/v2\/product_tag?post=7105"}],"curies":[{"name":"t\u00f6\u00f6leht","href":"https:\/\/api.w.org\/{rel}","templated":true}]}}