{"id":7108,"date":"2024-12-31T20:13:47","date_gmt":"2024-12-31T20:13:47","guid":{"rendered":"https:\/\/storetest.ivi.ee\/product\/polycarbonate-half-sphere-mold-30mm\/"},"modified":"2026-02-08T14:33:15","modified_gmt":"2026-02-08T12:33:15","slug":"polukarbonaadist-poolkera-vorm-30mm","status":"publish","type":"product","link":"https:\/\/candeebaar.ee\/et\/pood\/polukarbonaadist-poolkera-vorm-30mm\/","title":{"rendered":"Pol\u00fckarbonaadist poolkera vorm 30mm"},"content":{"rendered":"<p>Pol\u00fckarbonaadist vorm \u0161okolaadikommide valmistamiseks. Professionaalseks kasutamiseks.<br \/>\nM\u00f5\u00f5dud: 235x70mm<br \/>\nLahtri suurus: 30 mm<br \/>\nPeske sooja veega ilma abrasiivseid materjale kasutamata.<br \/>\nToodetud: Hiinas<\/p>","protected":false},"excerpt":{"rendered":"<p>Pol\u00fckarbonaadist vorm \u0161okolaadikommide valmistamiseks. Professionaalseks kasutamiseks. Suurus: 235x70mm Lahtri suurus: 30mm Peske sooja veega ilma abrasiivseid materjale kasutamata. Toodetud: Hiinas<\/p>","protected":false},"featured_media":7110,"template":"","meta":{"_seopress_robots_primary_cat":"","_seopress_titles_title":"","_seopress_titles_desc":"","_seopress_robots_index":""},"product_brand":[],"product_cat":[15,82],"product_tag":[],"class_list":{"0":"post-7108","1":"product","2":"type-product","3":"status-publish","4":"has-post-thumbnail","6":"product_cat-all-products","7":"product_cat-chocolate-molds","9":"first","10":"instock","11":"taxable","12":"shipping-taxable","13":"purchasable","14":"product-type-simple"},"_links":{"self":[{"href":"https:\/\/candeebaar.ee\/et\/wp-json\/wp\/v2\/product\/7108","targetHints":{"allow":["GET"]}}],"collection":[{"href":"https:\/\/candeebaar.ee\/et\/wp-json\/wp\/v2\/product"}],"about":[{"href":"https:\/\/candeebaar.ee\/et\/wp-json\/wp\/v2\/types\/product"}],"version-history":[{"count":1,"href":"https:\/\/candeebaar.ee\/et\/wp-json\/wp\/v2\/product\/7108\/revisions"}],"predecessor-version":[{"id":7109,"href":"https:\/\/candeebaar.ee\/et\/wp-json\/wp\/v2\/product\/7108\/revisions\/7109"}],"wp:featuredmedia":[{"embeddable":true,"href":"https:\/\/candeebaar.ee\/et\/wp-json\/wp\/v2\/media\/7110"}],"wp:attachment":[{"href":"https:\/\/candeebaar.ee\/et\/wp-json\/wp\/v2\/media?parent=7108"}],"wp:term":[{"taxonomy":"product_brand","embeddable":true,"href":"https:\/\/candeebaar.ee\/et\/wp-json\/wp\/v2\/product_brand?post=7108"},{"taxonomy":"product_cat","embeddable":true,"href":"https:\/\/candeebaar.ee\/et\/wp-json\/wp\/v2\/product_cat?post=7108"},{"taxonomy":"product_tag","embeddable":true,"href":"https:\/\/candeebaar.ee\/et\/wp-json\/wp\/v2\/product_tag?post=7108"}],"curies":[{"name":"t\u00f6\u00f6leht","href":"https:\/\/api.w.org\/{rel}","templated":true}]}}