{"id":7144,"date":"2024-12-31T20:13:56","date_gmt":"2024-12-31T20:13:56","guid":{"rendered":"https:\/\/storetest.ivi.ee\/product\/base-260x3mm-reinforced-black-gold-daisy\/"},"modified":"2026-01-14T13:36:30","modified_gmt":"2026-01-14T11:36:30","slug":"pohi-260x3mm-tugevdatud-musta-kullaga-karikakra","status":"publish","type":"product","link":"https:\/\/candeebaar.ee\/et\/pood\/pohi-260x3mm-tugevdatud-musta-kullaga-karikakra\/","title":{"rendered":"Tordilaud 260x3mm tugevdatud must-kuldne \u201cDaisy\u201d"},"content":{"rendered":"<p>Alus on kahepoolne papp.<br \/>\nSee on vajalik magustoitude \u00f5igeks s\u00e4ilitamiseks, teisaldamiseks ja serveerimiseks.<br \/>\nPaksus: 3mm<br \/>\nL\u00e4bim\u00f5\u00f5t: 260mm<br \/>\nV\u00e4rvus: kuldne<\/p>","protected":false},"excerpt":{"rendered":"<p>Alus on kahepoolne papp. See on vajalik magustoitude n\u00f5uetekohaseks s\u00e4ilitamiseks, teisaldamiseks ja serveerimiseks. Paksus: 3mm L\u00e4bim\u00f5\u00f5t: 260mm V\u00e4rvus: kuldne<\/p>","protected":false},"featured_media":5316,"template":"","meta":{"_seopress_robots_primary_cat":"none","_seopress_titles_title":"","_seopress_titles_desc":"","_seopress_robots_index":""},"product_brand":[],"product_cat":[15,145],"product_tag":[],"class_list":{"0":"post-7144","1":"product","2":"type-product","3":"status-publish","4":"has-post-thumbnail","6":"product_cat-all-products","7":"product_cat-26cm","9":"first","10":"outofstock","11":"taxable","12":"shipping-taxable","13":"purchasable","14":"product-type-simple"},"_links":{"self":[{"href":"https:\/\/candeebaar.ee\/et\/wp-json\/wp\/v2\/product\/7144","targetHints":{"allow":["GET"]}}],"collection":[{"href":"https:\/\/candeebaar.ee\/et\/wp-json\/wp\/v2\/product"}],"about":[{"href":"https:\/\/candeebaar.ee\/et\/wp-json\/wp\/v2\/types\/product"}],"version-history":[{"count":2,"href":"https:\/\/candeebaar.ee\/et\/wp-json\/wp\/v2\/product\/7144\/revisions"}],"predecessor-version":[{"id":9127,"href":"https:\/\/candeebaar.ee\/et\/wp-json\/wp\/v2\/product\/7144\/revisions\/9127"}],"wp:featuredmedia":[{"embeddable":true,"href":"https:\/\/candeebaar.ee\/et\/wp-json\/wp\/v2\/media\/5316"}],"wp:attachment":[{"href":"https:\/\/candeebaar.ee\/et\/wp-json\/wp\/v2\/media?parent=7144"}],"wp:term":[{"taxonomy":"product_brand","embeddable":true,"href":"https:\/\/candeebaar.ee\/et\/wp-json\/wp\/v2\/product_brand?post=7144"},{"taxonomy":"product_cat","embeddable":true,"href":"https:\/\/candeebaar.ee\/et\/wp-json\/wp\/v2\/product_cat?post=7144"},{"taxonomy":"product_tag","embeddable":true,"href":"https:\/\/candeebaar.ee\/et\/wp-json\/wp\/v2\/product_tag?post=7144"}],"curies":[{"name":"t\u00f6\u00f6leht","href":"https:\/\/api.w.org\/{rel}","templated":true}]}}