{"id":7188,"date":"2024-12-31T20:13:56","date_gmt":"2024-12-31T20:13:56","guid":{"rendered":"https:\/\/storetest.ivi.ee\/product\/gelatinous-dye-orange-30g-fractal-colors\/"},"modified":"2026-04-02T20:46:06","modified_gmt":"2026-04-02T18:46:06","slug":"zelatiinvarv-oranz-30g-fraktaalvarvid","status":"publish","type":"product","link":"https:\/\/candeebaar.ee\/et\/pood\/zelatiinvarv-oranz-30g-fraktaalvarvid\/","title":{"rendered":"Geelv\u00e4rv Oran\u017e 30g Fractal Colors"},"content":{"rendered":"<p>Toiduk\u00f5lblik \u017eelatiinne vees lahustuv v\u00e4rvaine.<br \/>\nKoostis: gl\u00fctseriin, E1520 (prop\u00fcleengl\u00fckool), E153, E110 (v\u00e4rvid).<br \/>\nV\u00e4rv: oran\u017e<br \/>\nKaal: 30 g<br \/>\nHoida pimedas jahedas kohas.<br \/>\nV\u00f5ib kahjustada laste aktiivsust ja t\u00e4helepanu.<br \/>\nTootja: Fractal Colors, Ungari<\/p>","protected":false},"excerpt":{"rendered":"<p>Toiduk\u00f5lblik \u017eelatiinne vees lahustuv v\u00e4rvaine. Koostis: gl\u00fctseriin, E1520 (prop\u00fcleengl\u00fckool), E153, E110 (v\u00e4rvid). V\u00e4rvus: oran\u017e Mass: 30g Hoida pimedas jahedas kohas. V\u00f5ib kahjustada laste aktiivsust ja t\u00e4helepanu. Tootja: Fractal Colors, Ungari<\/p>","protected":false},"featured_media":7167,"template":"","meta":{"_seopress_robots_primary_cat":"none","_seopress_titles_title":"","_seopress_titles_desc":"","_seopress_robots_index":""},"product_brand":[],"product_cat":[15,114],"product_tag":[],"class_list":{"0":"post-7188","1":"product","2":"type-product","3":"status-publish","4":"has-post-thumbnail","6":"product_cat-all-products","7":"product_cat-gel-water-soluble","9":"first","10":"instock","11":"taxable","12":"shipping-taxable","13":"purchasable","14":"product-type-simple"},"_links":{"self":[{"href":"https:\/\/candeebaar.ee\/et\/wp-json\/wp\/v2\/product\/7188","targetHints":{"allow":["GET"]}}],"collection":[{"href":"https:\/\/candeebaar.ee\/et\/wp-json\/wp\/v2\/product"}],"about":[{"href":"https:\/\/candeebaar.ee\/et\/wp-json\/wp\/v2\/types\/product"}],"version-history":[{"count":2,"href":"https:\/\/candeebaar.ee\/et\/wp-json\/wp\/v2\/product\/7188\/revisions"}],"predecessor-version":[{"id":9189,"href":"https:\/\/candeebaar.ee\/et\/wp-json\/wp\/v2\/product\/7188\/revisions\/9189"}],"wp:featuredmedia":[{"embeddable":true,"href":"https:\/\/candeebaar.ee\/et\/wp-json\/wp\/v2\/media\/7167"}],"wp:attachment":[{"href":"https:\/\/candeebaar.ee\/et\/wp-json\/wp\/v2\/media?parent=7188"}],"wp:term":[{"taxonomy":"product_brand","embeddable":true,"href":"https:\/\/candeebaar.ee\/et\/wp-json\/wp\/v2\/product_brand?post=7188"},{"taxonomy":"product_cat","embeddable":true,"href":"https:\/\/candeebaar.ee\/et\/wp-json\/wp\/v2\/product_cat?post=7188"},{"taxonomy":"product_tag","embeddable":true,"href":"https:\/\/candeebaar.ee\/et\/wp-json\/wp\/v2\/product_tag?post=7188"}],"curies":[{"name":"t\u00f6\u00f6leht","href":"https:\/\/api.w.org\/{rel}","templated":true}]}}