{"id":7193,"date":"2024-12-31T20:13:56","date_gmt":"2024-12-31T20:13:56","guid":{"rendered":"https:\/\/storetest.ivi.ee\/product\/green-mastic-royal-steensma-250g\/"},"modified":"2025-01-02T10:53:37","modified_gmt":"2025-01-02T10:53:37","slug":"roheline-mastiks-royal-steensma-250g","status":"publish","type":"product","link":"https:\/\/candeebaar.ee\/et\/pood\/roheline-mastiks-royal-steensma-250g\/","title":{"rendered":"Roheline mastiks Royal Steensma 250g"},"content":{"rendered":"<p>Suhkrumastik figuuride modelleerimiseks ja magustoitude katmiseks.<br \/>\nKoostis: suhkur, t\u00e4rklis, gl\u00fckoosisiirup, taime\u00f5li (palmi\u00f5li), vesi, E133, dekstroos, E422, E472c, E473, E415, E270, E202, l\u00f5hna- ja maitseained.<br \/>\nV\u00e4rv: roheline<br \/>\nKaal: 250g<br \/>\nSisu 100g kohta:<br \/>\nToitev\u00e4\u00e4rtus: 1725 kJ 409 kcal<br \/>\nRasvad (k\u00fcllastunud): 9,3 g (8,3 g)<br \/>\nS\u00fcsivesikud (suhkrud): 80g (60g)<br \/>\nValgud: 0 g<br \/>\nSool: 0,03 g<br \/>\nV\u00f5ib sisaldada <strong>piim, p\u00e4hklid, soja<\/strong>.<br \/>\nHoida \u00f5hukindlas pakendis kuivas ja pimedas kohas temperatuuril +8 \u00b0C kuni +25 \u00b0C<br \/>\nTootja: Royal Steensmaa, Holland<\/p>","protected":false},"excerpt":{"rendered":"<p>Sugar mastic for modeling figures and covering desserts. Composition: Sugar, starch, glucose syrup, vegetable oil (palm), water, E133, dextrose, E422, E472c, E473, E415, E270, E202, flavoring agent. Color: green Mass: 250g Content per 100g: Nutritional value: 1725 kJ 409 kcal Fats (saturated): 9.3g (8.3g) Carbohydrates (sugars): 80g (60g) Proteins: 0g Salt: 0.03g May contain milk, [&hellip;]<\/p>","protected":false},"featured_media":7195,"template":"","meta":{"_seopress_robots_primary_cat":"","_seopress_titles_title":"","_seopress_titles_desc":"","_seopress_robots_index":""},"product_brand":[],"product_cat":[15,104,102],"product_tag":[],"class_list":{"0":"post-7193","1":"product","2":"type-product","3":"status-publish","4":"has-post-thumbnail","6":"product_cat-all-products","7":"product_cat-sprinkles","8":"product_cat-sugars","10":"first","11":"outofstock","12":"sale","13":"taxable","14":"shipping-taxable","15":"purchasable","16":"product-type-simple"},"_links":{"self":[{"href":"https:\/\/candeebaar.ee\/et\/wp-json\/wp\/v2\/product\/7193","targetHints":{"allow":["GET"]}}],"collection":[{"href":"https:\/\/candeebaar.ee\/et\/wp-json\/wp\/v2\/product"}],"about":[{"href":"https:\/\/candeebaar.ee\/et\/wp-json\/wp\/v2\/types\/product"}],"version-history":[{"count":1,"href":"https:\/\/candeebaar.ee\/et\/wp-json\/wp\/v2\/product\/7193\/revisions"}],"predecessor-version":[{"id":7194,"href":"https:\/\/candeebaar.ee\/et\/wp-json\/wp\/v2\/product\/7193\/revisions\/7194"}],"wp:featuredmedia":[{"embeddable":true,"href":"https:\/\/candeebaar.ee\/et\/wp-json\/wp\/v2\/media\/7195"}],"wp:attachment":[{"href":"https:\/\/candeebaar.ee\/et\/wp-json\/wp\/v2\/media?parent=7193"}],"wp:term":[{"taxonomy":"product_brand","embeddable":true,"href":"https:\/\/candeebaar.ee\/et\/wp-json\/wp\/v2\/product_brand?post=7193"},{"taxonomy":"product_cat","embeddable":true,"href":"https:\/\/candeebaar.ee\/et\/wp-json\/wp\/v2\/product_cat?post=7193"},{"taxonomy":"product_tag","embeddable":true,"href":"https:\/\/candeebaar.ee\/et\/wp-json\/wp\/v2\/product_tag?post=7193"}],"curies":[{"name":"t\u00f6\u00f6leht","href":"https:\/\/api.w.org\/{rel}","templated":true}]}}