{"id":7206,"date":"2024-12-31T20:14:02","date_gmt":"2024-12-31T20:14:02","guid":{"rendered":"https:\/\/storetest.ivi.ee\/product\/gift-box-51\/"},"modified":"2025-12-19T13:26:57","modified_gmt":"2025-12-19T11:26:57","slug":"kinkekarp-51","status":"publish","type":"product","link":"https:\/\/candeebaar.ee\/et\/pood\/kinkekarp-51\/","title":{"rendered":"Kinkekarp 5+1"},"content":{"rendered":"<p>Kinkekarp komplektile 5+1.<br \/>\nValmistatud kvaliteetsest tihedast valgest papist.<br \/>\nKaas on l\u00e4bipaistvast plastikust, kaetud m\u00f5lemalt poolt kaitsekilega.<br \/>\nM\u00f5\u00f5dud: 260*260*125mm<br \/>\nTordiaugul on 3 astet: 60, 100, 140 mm<br \/>\nTassikoogi augu suurus: 60 mm (standardsuurus)<\/p>","protected":false},"excerpt":{"rendered":"<p>Kinkekarp komplektile 5+1. Valmistatud kvaliteetsest tihedast valgest papist. Kaas on l\u00e4bipaistvast plastikust, kaetud m\u00f5lemalt poolt kaitsekilega. M\u00f5\u00f5dud: 260*260*125mm Tordiaugul on 3 astet: 60, 100, 140mm Tassikoogi augu suurus: 60mm (standardsuurus)<\/p>","protected":false},"featured_media":7205,"template":"","meta":{"_seopress_robots_primary_cat":"","_seopress_titles_title":"","_seopress_titles_desc":"","_seopress_robots_index":""},"product_brand":[],"product_cat":[15,129,152,93],"product_tag":[],"class_list":{"0":"post-7206","1":"product","2":"type-product","3":"status-publish","4":"has-post-thumbnail","6":"product_cat-all-products","7":"product_cat-small-and-bento-size","8":"product_cat-cupcakes","9":"product_cat-gift-packaging","11":"first","12":"instock","13":"taxable","14":"shipping-taxable","15":"purchasable","16":"product-type-simple"},"_links":{"self":[{"href":"https:\/\/candeebaar.ee\/et\/wp-json\/wp\/v2\/product\/7206","targetHints":{"allow":["GET"]}}],"collection":[{"href":"https:\/\/candeebaar.ee\/et\/wp-json\/wp\/v2\/product"}],"about":[{"href":"https:\/\/candeebaar.ee\/et\/wp-json\/wp\/v2\/types\/product"}],"version-history":[{"count":1,"href":"https:\/\/candeebaar.ee\/et\/wp-json\/wp\/v2\/product\/7206\/revisions"}],"predecessor-version":[{"id":7207,"href":"https:\/\/candeebaar.ee\/et\/wp-json\/wp\/v2\/product\/7206\/revisions\/7207"}],"wp:featuredmedia":[{"embeddable":true,"href":"https:\/\/candeebaar.ee\/et\/wp-json\/wp\/v2\/media\/7205"}],"wp:attachment":[{"href":"https:\/\/candeebaar.ee\/et\/wp-json\/wp\/v2\/media?parent=7206"}],"wp:term":[{"taxonomy":"product_brand","embeddable":true,"href":"https:\/\/candeebaar.ee\/et\/wp-json\/wp\/v2\/product_brand?post=7206"},{"taxonomy":"product_cat","embeddable":true,"href":"https:\/\/candeebaar.ee\/et\/wp-json\/wp\/v2\/product_cat?post=7206"},{"taxonomy":"product_tag","embeddable":true,"href":"https:\/\/candeebaar.ee\/et\/wp-json\/wp\/v2\/product_tag?post=7206"}],"curies":[{"name":"t\u00f6\u00f6leht","href":"https:\/\/api.w.org\/{rel}","templated":true}]}}