{"id":7208,"date":"2024-12-31T20:14:02","date_gmt":"2024-12-31T20:14:02","guid":{"rendered":"https:\/\/storetest.ivi.ee\/product\/edible-paper-a4-20-sheets-decoroyal-icing-sheets\/"},"modified":"2026-04-08T13:37:08","modified_gmt":"2026-04-08T11:37:08","slug":"soodav-paber-a4-20-lehte-dekoratiivsed-glasuurlehed","status":"publish","type":"product","link":"https:\/\/candeebaar.ee\/et\/pood\/soodav-paber-a4-20-lehte-dekoratiivsed-glasuurlehed\/","title":{"rendered":"S\u00f6\u00f6dav paber A4 20 lehte DecoRoyal Icing Sheets"},"content":{"rendered":"<p>Valge suhkruga s\u00f6\u00f6dav paber tr\u00fckkimiseks ja kaunistamiseks. Ei sisalda titaandioksiidi.<br \/>\n<strong>Paberi kvaliteet on suurep\u00e4rane!<\/strong><br \/>\nKoostis: t\u00e4rklis, maltodekstriin, suhkur, E422, dekstroos, vesi, kookos\u00f5li, E460i, E466, E414, E471, E492, E435, l\u00f5hna- ja maitseained, E330, E202.<br \/>\nKaal: 860g<br \/>\n100g sisaldab:<br \/>\nEnergia: 1620kJ\/ 381kcal<br \/>\nRasvad (k\u00fcllastunud): 0,1 g (&lt;0,1 g)<br \/>\nS\u00fcsivesikud (suhkur): 95 g (18 g)<br \/>\nValgud: 0,1 g<br \/>\nSool: 0,23 g<br \/>\nLehe suurus: A4 (20 tk)<br \/>\nHoida suletud pakendis pimedas jahedas kohas.<br \/>\nTootja: Saksamaa Kopyform<\/p>","protected":false},"excerpt":{"rendered":"<p>Valge suhkruga s\u00f6\u00f6dav paber tr\u00fckkimiseks ja kaunistamiseks. Ei sisalda titaandioksiidi. Paberi kvaliteet on suurep\u00e4rane! Koostis: t\u00e4rklis, maltodekstriin, suhkur, E422, dekstroos, vesi, kookos\u00f5li, E460i, E466, E414, E471, E492, E435, l\u00f5hna- ja maitseained, E330, E202. Kaal: 860g 100g sisaldab: Energiat: 1620kJ\/ 381kcal Rasvad (k\u00fcllastunud): 0,1g (&lt;0,1g) S\u00fcsivesikud (suhkur): 95g (18g) Valgud: 0,1g Sool: 0,23g Leht [\u2026]<\/p>","protected":false},"featured_media":10517,"template":"","meta":{"_seopress_robots_primary_cat":"none","_seopress_titles_title":"","_seopress_titles_desc":"","_seopress_robots_index":""},"product_brand":[],"product_cat":[15,105],"product_tag":[],"class_list":{"0":"post-7208","1":"product","2":"type-product","3":"status-publish","4":"has-post-thumbnail","6":"product_cat-all-products","7":"product_cat-edible-print","9":"first","10":"instock","11":"taxable","12":"shipping-taxable","13":"purchasable","14":"product-type-simple"},"_links":{"self":[{"href":"https:\/\/candeebaar.ee\/et\/wp-json\/wp\/v2\/product\/7208","targetHints":{"allow":["GET"]}}],"collection":[{"href":"https:\/\/candeebaar.ee\/et\/wp-json\/wp\/v2\/product"}],"about":[{"href":"https:\/\/candeebaar.ee\/et\/wp-json\/wp\/v2\/types\/product"}],"version-history":[{"count":3,"href":"https:\/\/candeebaar.ee\/et\/wp-json\/wp\/v2\/product\/7208\/revisions"}],"predecessor-version":[{"id":10518,"href":"https:\/\/candeebaar.ee\/et\/wp-json\/wp\/v2\/product\/7208\/revisions\/10518"}],"wp:featuredmedia":[{"embeddable":true,"href":"https:\/\/candeebaar.ee\/et\/wp-json\/wp\/v2\/media\/10517"}],"wp:attachment":[{"href":"https:\/\/candeebaar.ee\/et\/wp-json\/wp\/v2\/media?parent=7208"}],"wp:term":[{"taxonomy":"product_brand","embeddable":true,"href":"https:\/\/candeebaar.ee\/et\/wp-json\/wp\/v2\/product_brand?post=7208"},{"taxonomy":"product_cat","embeddable":true,"href":"https:\/\/candeebaar.ee\/et\/wp-json\/wp\/v2\/product_cat?post=7208"},{"taxonomy":"product_tag","embeddable":true,"href":"https:\/\/candeebaar.ee\/et\/wp-json\/wp\/v2\/product_tag?post=7208"}],"curies":[{"name":"t\u00f6\u00f6leht","href":"https:\/\/api.w.org\/{rel}","templated":true}]}}