{"id":7210,"date":"2024-12-31T20:14:02","date_gmt":"2024-12-31T20:14:02","guid":{"rendered":"https:\/\/storetest.ivi.ee\/product\/edible-paper-a4-1-sheet-decoroyal-icing-sheets\/"},"modified":"2026-03-13T14:57:35","modified_gmt":"2026-03-13T12:57:35","slug":"soodav-paber-a4-1-leht-dekoratiivsed-glasuurlehed","status":"publish","type":"product","link":"https:\/\/candeebaar.ee\/et\/pood\/soodav-paber-a4-1-leht-dekoratiivsed-glasuurlehed\/","title":{"rendered":"S\u00f6\u00f6dav paber A4 1 leht DecoRoyal Icing Sheets"},"content":{"rendered":"<p>Valge suhkruga s\u00f6\u00f6dav paber tr\u00fckkimiseks ja kaunistamiseks. Ei sisalda titaandioksiidi!<br \/>\nKoostis: t\u00e4rklis, maltodekstriin, suhkur, E422, dekstroos, vesi, kookos\u00f5li, E460i, E466, E414, E471, E492, E435, l\u00f5hna- ja maitseained, E330, E202.<br \/>\nKaal: 43g<br \/>\n100g sisaldab:<br \/>\nEnergia: 1620kJ\/ 381kcal<br \/>\nRasvad (k\u00fcllastunud): 0,1 g (&lt;0,1 g)<br \/>\nS\u00fcsivesikud (suhkur): 95 g (18 g)<br \/>\nValgud: 0,1 g<br \/>\nSool: 0,23 g<br \/>\nLehe suurus: A4<br \/>\nHoida \u00f5hukindlas pakendis pimedas jahedas kohas.<br \/>\nTootja: Saksamaa Kopyform<\/p>","protected":false},"excerpt":{"rendered":"<p>Valge suhkruga s\u00f6\u00f6dav paber tr\u00fckkimiseks ja kaunistamiseks. Ei sisalda titaandioksiidi! Koostis: t\u00e4rklis, maltodekstriin, suhkur, E422, dekstroos, vesi, kookos\u00f5li, E460i, E466, E414, E471, E492, E435, l\u00f5hna- ja maitseained, E330, E202. Kaal: 43g 100g sisaldab: Energiat: 1620kJ\/ 381kcal Rasvad (k\u00fcllastunud): 0,1g (&lt;0,1g) S\u00fcsivesikud (suhkur): 95g (18g) Valgud: 0,1g Sool: 0,23g Lehe suurus: A4 Hoida [\u2026]<\/p>","protected":false},"featured_media":10515,"template":"","meta":{"_seopress_robots_primary_cat":"none","_seopress_titles_title":"","_seopress_titles_desc":"","_seopress_robots_index":""},"product_brand":[],"product_cat":[15,109,105],"product_tag":[],"class_list":{"0":"post-7210","1":"product","2":"type-product","3":"status-publish","4":"has-post-thumbnail","6":"product_cat-all-products","7":"product_cat-sale","8":"product_cat-edible-print","10":"first","11":"instock","12":"sale","13":"taxable","14":"shipping-taxable","15":"purchasable","16":"product-type-simple"},"_links":{"self":[{"href":"https:\/\/candeebaar.ee\/et\/wp-json\/wp\/v2\/product\/7210","targetHints":{"allow":["GET"]}}],"collection":[{"href":"https:\/\/candeebaar.ee\/et\/wp-json\/wp\/v2\/product"}],"about":[{"href":"https:\/\/candeebaar.ee\/et\/wp-json\/wp\/v2\/types\/product"}],"version-history":[{"count":3,"href":"https:\/\/candeebaar.ee\/et\/wp-json\/wp\/v2\/product\/7210\/revisions"}],"predecessor-version":[{"id":15091,"href":"https:\/\/candeebaar.ee\/et\/wp-json\/wp\/v2\/product\/7210\/revisions\/15091"}],"wp:featuredmedia":[{"embeddable":true,"href":"https:\/\/candeebaar.ee\/et\/wp-json\/wp\/v2\/media\/10515"}],"wp:attachment":[{"href":"https:\/\/candeebaar.ee\/et\/wp-json\/wp\/v2\/media?parent=7210"}],"wp:term":[{"taxonomy":"product_brand","embeddable":true,"href":"https:\/\/candeebaar.ee\/et\/wp-json\/wp\/v2\/product_brand?post=7210"},{"taxonomy":"product_cat","embeddable":true,"href":"https:\/\/candeebaar.ee\/et\/wp-json\/wp\/v2\/product_cat?post=7210"},{"taxonomy":"product_tag","embeddable":true,"href":"https:\/\/candeebaar.ee\/et\/wp-json\/wp\/v2\/product_tag?post=7210"}],"curies":[{"name":"t\u00f6\u00f6leht","href":"https:\/\/api.w.org\/{rel}","templated":true}]}}