{"id":7212,"date":"2024-12-31T20:14:02","date_gmt":"2024-12-31T20:14:02","guid":{"rendered":"https:\/\/storetest.ivi.ee\/product\/printing-on-edible-a4-paper-decoroyal-icing-sheets\/"},"modified":"2026-02-16T11:17:46","modified_gmt":"2026-02-16T09:17:46","slug":"trukkimine-soodavatele-a4-paberile-dekoratiivsetele-glasuurlehtedele","status":"publish","type":"product","link":"https:\/\/candeebaar.ee\/et\/pood\/trukkimine-soodavatele-a4-paberile-dekoratiivsetele-glasuurlehtedele\/","title":{"rendered":"Tr\u00fckkimine s\u00f6\u00f6davale A4 paberile DecoRoyal Icing Sheets"},"content":{"rendered":"<p>Toidutr\u00fckk s\u00f6\u00f6davale suhkrupaberile, kasutades toiduv\u00e4rvi (E151, E110, E133, E122, E102, E404, E330, E202, E422).<br \/>\nMagustoitudele saate ise luua kaunistusi ja pealseid.<br \/>\nA4 formaat (210x297mm).<br \/>\nToidutr\u00fcki v\u00e4rv ja k\u00fcllastus v\u00f5ivad kasutatud materjalide piirangute t\u00f5ttu veidi erineda klassikalisest. Suurtel \u00fchev\u00e4rvilistel aladel v\u00f5ivad olla m\u00e4rgatavad moonutused. Paindlikkuse s\u00e4ilitamiseks tuleks paberit hoida suletud pakendis.<br \/>\n<strong>T\u00e4htis:<\/strong><br \/>\nFailin\u00f5uded: proovige kasutada <strong>kvaliteetne<\/strong> failid, <strong>PDF-vormingus,<\/strong> muud vormingud pole soovitatavad.<br \/>\n<strong>Paberi servad<\/strong> (vertikaalses asendis k\u00fclgedel (10 mm), \u00fcleval (35 mm) ja all (35 mm)) <strong>ei tr\u00fckita<\/strong>, seega on parem need t\u00fchjaks j\u00e4tta (muidu k\u00e4rbitakse pilt \u00e4ra v\u00f5i muudetakse). Me ei vorminda faile, ei muuda neid ega s\u00e4ilita neid p\u00e4rast kasutamist. Klient vastutab sisu eest. Rahat\u00e4hti riistvarapiirangute t\u00f5ttu ei tr\u00fckita!<br \/>\nSuurte mustade detailidega joonised on ebasoovitavad, kuna see v\u00f5ib p\u00f5hjustada defekte.<br \/>\nFailid tuleks saata aadressile <span style=\"font-family: 'arial black', sans-serif;\"><a href=\"mailto:candeebaar@gmail.com\">candeebaar@gmail.com<\/a> <span style=\"font-family: georgia, palatino, serif;\">teemareal m\u00e4rgitud tellimuse numbriga.<\/span><\/span><\/p>\n<p>Valge suhkruga toidupaber tr\u00fckkimiseks ja kaunistamiseks. Ei sisalda titaandioksiidi!<br \/>\nKoostis: t\u00e4rklis, maltodekstriin, suhkur, E422, dekstroos, vesi, kookos\u00f5li, E460i, E466, E414, E471, E492, E435, l\u00f5hna- ja maitseained, E330, E202.<br \/>\nKaal: 43g<br \/>\n100g sisaldab:<br \/>\nEnergia: 1620kJ\/ 381kcal<br \/>\nRasvad (k\u00fcllastunud): 0,1 g (&lt;0,1 g)<br \/>\nS\u00fcsivesikud (suhkur): 95 g (18 g)<br \/>\nValgud: 0,1 g<br \/>\nSool: 0,23 g<br \/>\nLehe suurus: A4<br \/>\nHoida \u00f5hukindlas pakendis pimedas jahedas kohas.<br \/>\nTootja: Saksamaa Kopyform<\/p>","protected":false},"excerpt":{"rendered":"<p>Toidutr\u00fckk s\u00f6\u00f6davale suhkrupaberile, kasutades toiduv\u00e4rvi (E151, E110, E133, E122, E102, E404, E330, E202, E422). Magustoitudele saate ise luua kaunistusi ja pealseid. A4 formaat (210x297mm). Toidutr\u00fcki v\u00e4rv ja k\u00fcllastus v\u00f5ib kasutatud materjalide piirangute t\u00f5ttu veidi erineda klassikalisest. Suured alad [\u2026]<\/p>","protected":false},"featured_media":10601,"template":"","meta":{"_seopress_robots_primary_cat":"none","_seopress_titles_title":"A4 edible printing. Sugar fondant paper with your design print!","_seopress_titles_desc":"Top quality edible printing from supplier. Choose any design and create beautiful desserts with minimum effort. Fast shipping in Estonia, Latvia, Finland and Lithuania!","_seopress_robots_index":""},"product_brand":[],"product_cat":[182,181,180,15,105],"product_tag":[],"class_list":{"0":"post-7212","1":"product","2":"type-product","3":"status-publish","4":"has-post-thumbnail","6":"product_cat-christmas","7":"product_cat-christmas-new-year","8":"product_cat-wedding-products","9":"product_cat-all-products","10":"product_cat-edible-print","12":"first","13":"instock","14":"taxable","15":"shipping-taxable","16":"purchasable","17":"product-type-simple"},"_links":{"self":[{"href":"https:\/\/candeebaar.ee\/et\/wp-json\/wp\/v2\/product\/7212","targetHints":{"allow":["GET"]}}],"collection":[{"href":"https:\/\/candeebaar.ee\/et\/wp-json\/wp\/v2\/product"}],"about":[{"href":"https:\/\/candeebaar.ee\/et\/wp-json\/wp\/v2\/types\/product"}],"version-history":[{"count":5,"href":"https:\/\/candeebaar.ee\/et\/wp-json\/wp\/v2\/product\/7212\/revisions"}],"predecessor-version":[{"id":15440,"href":"https:\/\/candeebaar.ee\/et\/wp-json\/wp\/v2\/product\/7212\/revisions\/15440"}],"wp:featuredmedia":[{"embeddable":true,"href":"https:\/\/candeebaar.ee\/et\/wp-json\/wp\/v2\/media\/10601"}],"wp:attachment":[{"href":"https:\/\/candeebaar.ee\/et\/wp-json\/wp\/v2\/media?parent=7212"}],"wp:term":[{"taxonomy":"product_brand","embeddable":true,"href":"https:\/\/candeebaar.ee\/et\/wp-json\/wp\/v2\/product_brand?post=7212"},{"taxonomy":"product_cat","embeddable":true,"href":"https:\/\/candeebaar.ee\/et\/wp-json\/wp\/v2\/product_cat?post=7212"},{"taxonomy":"product_tag","embeddable":true,"href":"https:\/\/candeebaar.ee\/et\/wp-json\/wp\/v2\/product_tag?post=7212"}],"curies":[{"name":"t\u00f6\u00f6leht","href":"https:\/\/api.w.org\/{rel}","templated":true}]}}