{"id":7251,"date":"2024-12-31T20:14:06","date_gmt":"2024-12-31T20:14:06","guid":{"rendered":"https:\/\/storetest.ivi.ee\/product\/white-cake-base-30cm3mm\/"},"modified":"2026-04-08T08:43:39","modified_gmt":"2026-04-08T06:43:39","slug":"valge-koogipohi-30cm3mm","status":"publish","type":"product","link":"https:\/\/candeebaar.ee\/et\/pood\/valge-koogipohi-30cm3mm\/","title":{"rendered":"Valge koogilaud 30cm*3mm"},"content":{"rendered":"<p>\u00dcmmargune alus tihedast tugevdatud papist, niiskus- ja rasvakindel.<br \/>\nV\u00e4rv: valge<br \/>\nL\u00e4bim\u00f5\u00f5t: <strong>295<\/strong>mm<br \/>\nPaksus: 3mm<\/p>","protected":false},"excerpt":{"rendered":"<p>\u00dcmmargune alus tihedast tugevdatud papist, niiskus- ja rasvakindel. V\u00e4rvus: valge L\u00e4bim\u00f5\u00f5t: 295mm Paksus: 3mm<\/p>","protected":false},"featured_media":7250,"template":"","meta":{"_seopress_robots_primary_cat":"none","_seopress_titles_title":"","_seopress_titles_desc":"","_seopress_robots_index":""},"product_brand":[],"product_cat":[180,15,147],"product_tag":[],"class_list":{"0":"post-7251","1":"product","2":"type-product","3":"status-publish","4":"has-post-thumbnail","6":"product_cat-wedding-products","7":"product_cat-all-products","8":"product_cat-30cm","10":"first","11":"instock","12":"taxable","13":"shipping-taxable","14":"purchasable","15":"product-type-simple"},"_links":{"self":[{"href":"https:\/\/candeebaar.ee\/et\/wp-json\/wp\/v2\/product\/7251","targetHints":{"allow":["GET"]}}],"collection":[{"href":"https:\/\/candeebaar.ee\/et\/wp-json\/wp\/v2\/product"}],"about":[{"href":"https:\/\/candeebaar.ee\/et\/wp-json\/wp\/v2\/types\/product"}],"version-history":[{"count":4,"href":"https:\/\/candeebaar.ee\/et\/wp-json\/wp\/v2\/product\/7251\/revisions"}],"predecessor-version":[{"id":12802,"href":"https:\/\/candeebaar.ee\/et\/wp-json\/wp\/v2\/product\/7251\/revisions\/12802"}],"wp:featuredmedia":[{"embeddable":true,"href":"https:\/\/candeebaar.ee\/et\/wp-json\/wp\/v2\/media\/7250"}],"wp:attachment":[{"href":"https:\/\/candeebaar.ee\/et\/wp-json\/wp\/v2\/media?parent=7251"}],"wp:term":[{"taxonomy":"product_brand","embeddable":true,"href":"https:\/\/candeebaar.ee\/et\/wp-json\/wp\/v2\/product_brand?post=7251"},{"taxonomy":"product_cat","embeddable":true,"href":"https:\/\/candeebaar.ee\/et\/wp-json\/wp\/v2\/product_cat?post=7251"},{"taxonomy":"product_tag","embeddable":true,"href":"https:\/\/candeebaar.ee\/et\/wp-json\/wp\/v2\/product_tag?post=7251"}],"curies":[{"name":"t\u00f6\u00f6leht","href":"https:\/\/api.w.org\/{rel}","templated":true}]}}