{"id":7259,"date":"2024-12-31T20:14:06","date_gmt":"2024-12-31T20:14:06","guid":{"rendered":"https:\/\/storetest.ivi.ee\/product\/cake-base-0-5mm-30cm\/"},"modified":"2026-04-20T10:06:37","modified_gmt":"2026-04-20T08:06:37","slug":"tordipohi-0-5mm-30cm","status":"publish","type":"product","link":"https:\/\/candeebaar.ee\/et\/pood\/tordipohi-0-5mm-30cm\/","title":{"rendered":"Tordilaud 0,5mm 30cm"},"content":{"rendered":"<p>Lihtne \u00fcmmargune papist tordip\u00f5hi tortidele, mis ei vaja eritingimusi.<br \/>\nMaterjal: papp (lamineerimata)<br \/>\nV\u00e4rv: valge<br \/>\nL\u00e4bim\u00f5\u00f5t: 30 cm<br \/>\nPaksus: 0,5 mm<\/p>","protected":false},"excerpt":{"rendered":"<p>Lihtne \u00fcmmargune papist tordip\u00f5hi tortidele, mis ei vaja eritingimusi. Materjal: papp (lamineerimata) V\u00e4rvus: valge L\u00e4bim\u00f5\u00f5t: 30cm Paksus: 0,5mm<\/p>","protected":false},"featured_media":7258,"template":"","meta":{"_seopress_robots_primary_cat":"none","_seopress_titles_title":"","_seopress_titles_desc":"","_seopress_robots_index":""},"product_brand":[],"product_cat":[15,147],"product_tag":[],"class_list":{"0":"post-7259","1":"product","2":"type-product","3":"status-publish","4":"has-post-thumbnail","6":"product_cat-all-products","7":"product_cat-30cm","9":"first","10":"instock","11":"taxable","12":"shipping-taxable","13":"purchasable","14":"product-type-simple"},"_links":{"self":[{"href":"https:\/\/candeebaar.ee\/et\/wp-json\/wp\/v2\/product\/7259","targetHints":{"allow":["GET"]}}],"collection":[{"href":"https:\/\/candeebaar.ee\/et\/wp-json\/wp\/v2\/product"}],"about":[{"href":"https:\/\/candeebaar.ee\/et\/wp-json\/wp\/v2\/types\/product"}],"version-history":[{"count":2,"href":"https:\/\/candeebaar.ee\/et\/wp-json\/wp\/v2\/product\/7259\/revisions"}],"predecessor-version":[{"id":9125,"href":"https:\/\/candeebaar.ee\/et\/wp-json\/wp\/v2\/product\/7259\/revisions\/9125"}],"wp:featuredmedia":[{"embeddable":true,"href":"https:\/\/candeebaar.ee\/et\/wp-json\/wp\/v2\/media\/7258"}],"wp:attachment":[{"href":"https:\/\/candeebaar.ee\/et\/wp-json\/wp\/v2\/media?parent=7259"}],"wp:term":[{"taxonomy":"product_brand","embeddable":true,"href":"https:\/\/candeebaar.ee\/et\/wp-json\/wp\/v2\/product_brand?post=7259"},{"taxonomy":"product_cat","embeddable":true,"href":"https:\/\/candeebaar.ee\/et\/wp-json\/wp\/v2\/product_cat?post=7259"},{"taxonomy":"product_tag","embeddable":true,"href":"https:\/\/candeebaar.ee\/et\/wp-json\/wp\/v2\/product_tag?post=7259"}],"curies":[{"name":"t\u00f6\u00f6leht","href":"https:\/\/api.w.org\/{rel}","templated":true}]}}