{"id":7261,"date":"2024-12-31T20:14:06","date_gmt":"2024-12-31T20:14:06","guid":{"rendered":"https:\/\/storetest.ivi.ee\/product\/insert-for-4-cupcakes\/"},"modified":"2026-04-16T10:46:18","modified_gmt":"2026-04-16T08:46:18","slug":"vahetukk-4-koogikese-jaoks","status":"publish","type":"product","link":"https:\/\/candeebaar.ee\/et\/pood\/vahetukk-4-koogikese-jaoks\/","title":{"rendered":"Sisestage 4 koogikest"},"content":{"rendered":"<p>Vahet\u00fckk sobib kastile 18*18cm. V\u00f5imaldab koogikesi transportimiseks ja kandmiseks turvaliselt fikseerida.<br \/>\nV\u00e4rv: kraft, valge<br \/>\nMaterjal: papp<br \/>\nSuurus kokkupandult: 175*30mm<\/p>","protected":false},"excerpt":{"rendered":"<p>Vahet\u00fckk sobib kastile 18*18cm. V\u00f5imaldab koogikesi transportimiseks ja kandmiseks turvaliselt fikseerida. V\u00e4rvus: kraft, valge Materjal: papp Suurus kokkuvoldituna: 175*30mm<\/p>","protected":false},"featured_media":7263,"template":"","meta":{"_seopress_robots_primary_cat":"none","_seopress_titles_title":"","_seopress_titles_desc":"","_seopress_robots_index":""},"product_brand":[],"product_cat":[15,152],"product_tag":[],"class_list":{"0":"post-7261","1":"product","2":"type-product","3":"status-publish","4":"has-post-thumbnail","6":"product_cat-all-products","7":"product_cat-cupcakes","9":"first","10":"instock","11":"taxable","12":"shipping-taxable","13":"purchasable","14":"product-type-simple"},"_links":{"self":[{"href":"https:\/\/candeebaar.ee\/et\/wp-json\/wp\/v2\/product\/7261","targetHints":{"allow":["GET"]}}],"collection":[{"href":"https:\/\/candeebaar.ee\/et\/wp-json\/wp\/v2\/product"}],"about":[{"href":"https:\/\/candeebaar.ee\/et\/wp-json\/wp\/v2\/types\/product"}],"version-history":[{"count":1,"href":"https:\/\/candeebaar.ee\/et\/wp-json\/wp\/v2\/product\/7261\/revisions"}],"predecessor-version":[{"id":7262,"href":"https:\/\/candeebaar.ee\/et\/wp-json\/wp\/v2\/product\/7261\/revisions\/7262"}],"wp:featuredmedia":[{"embeddable":true,"href":"https:\/\/candeebaar.ee\/et\/wp-json\/wp\/v2\/media\/7263"}],"wp:attachment":[{"href":"https:\/\/candeebaar.ee\/et\/wp-json\/wp\/v2\/media?parent=7261"}],"wp:term":[{"taxonomy":"product_brand","embeddable":true,"href":"https:\/\/candeebaar.ee\/et\/wp-json\/wp\/v2\/product_brand?post=7261"},{"taxonomy":"product_cat","embeddable":true,"href":"https:\/\/candeebaar.ee\/et\/wp-json\/wp\/v2\/product_cat?post=7261"},{"taxonomy":"product_tag","embeddable":true,"href":"https:\/\/candeebaar.ee\/et\/wp-json\/wp\/v2\/product_tag?post=7261"}],"curies":[{"name":"t\u00f6\u00f6leht","href":"https:\/\/api.w.org\/{rel}","templated":true}]}}