{"id":7276,"date":"2024-12-31T20:14:06","date_gmt":"2024-12-31T20:14:06","guid":{"rendered":"https:\/\/storetest.ivi.ee\/product\/dark-glaze-royal-steensma-300g\/"},"modified":"2024-12-31T20:14:10","modified_gmt":"2024-12-31T20:14:10","slug":"tume-glasuur-royal-steensma-300g","status":"publish","type":"product","link":"https:\/\/candeebaar.ee\/et\/pood\/tume-glasuur-royal-steensma-300g\/","title":{"rendered":"Tume glasuur Royal Steensma 300g"},"content":{"rendered":"<p>Tume glasuur meeldiva maitsega.<br \/>\nKaal: 300g<br \/>\nSisu 100g kohta:<br \/>\nEnergia: 593 kcal\/2467 kJ<br \/>\nRasvad (k\u00fcllastunud): 42(40) g<br \/>\nS\u00fcsivesikud (suhkur): 50 (49) g<br \/>\nKiudained: 3,2 g<br \/>\nValgud: 2,3 g<\/p>\n<p>Koostis: suhkur; taime\u00f5li (palm, kookos), emulgaator E492, E322 (sojaletsitiin), madala rasvasisaldusega kakao, <strong>piima<\/strong>, l\u00f5hna- ja maitseaine.<br \/>\nV\u00e4rv: &quot;tume \u0161okolaad&quot;<\/p>\n<p>Tootja: Royal Steensma, Holland<br \/>\nHoidke toodet puhastes ruumides, kus ei esine v\u00f5\u00f5rl\u00f5hna (suhteline \u00f5huniiskus mitte \u00fcle 70%).<br \/>\nS\u00e4ilitustemperatuur: 12 \u2013 20 \u00b0C<br \/>\nV\u00f5ib sisaldada j\u00e4lgi <strong>piim, laktoos, soja ja p\u00e4hklid.<\/strong><\/p>","protected":false},"excerpt":{"rendered":"<p>Dark glaze with a pleasant taste. Mass: 300g Content per 100g: Energy: 593kCal\/2467kJ Fats (saturated): 42(40)g Carbohydrates (sugar): 50 (49)g Fiber: 3.2g Proteins: 2.3g Composition: sugar; vegetable oil (palm, coconut), emulsifier E492, E322 (soy lecithin), low-fat cocoa, milk, flavoring agent. Color: &#8220;dark chocolate&#8221; Manufacturer: Royal Steensma, Netherlands Store the product in clean rooms, free from [&hellip;]<\/p>","protected":false},"featured_media":7275,"template":"","meta":{"_seopress_robots_primary_cat":"","_seopress_titles_title":"","_seopress_titles_desc":"","_seopress_robots_index":""},"product_brand":[],"product_cat":[15],"product_tag":[],"class_list":{"0":"post-7276","1":"product","2":"type-product","3":"status-publish","4":"has-post-thumbnail","6":"product_cat-all-products","8":"first","9":"outofstock","10":"sale","11":"taxable","12":"shipping-taxable","13":"purchasable","14":"product-type-simple"},"_links":{"self":[{"href":"https:\/\/candeebaar.ee\/et\/wp-json\/wp\/v2\/product\/7276","targetHints":{"allow":["GET"]}}],"collection":[{"href":"https:\/\/candeebaar.ee\/et\/wp-json\/wp\/v2\/product"}],"about":[{"href":"https:\/\/candeebaar.ee\/et\/wp-json\/wp\/v2\/types\/product"}],"version-history":[{"count":1,"href":"https:\/\/candeebaar.ee\/et\/wp-json\/wp\/v2\/product\/7276\/revisions"}],"predecessor-version":[{"id":7277,"href":"https:\/\/candeebaar.ee\/et\/wp-json\/wp\/v2\/product\/7276\/revisions\/7277"}],"wp:featuredmedia":[{"embeddable":true,"href":"https:\/\/candeebaar.ee\/et\/wp-json\/wp\/v2\/media\/7275"}],"wp:attachment":[{"href":"https:\/\/candeebaar.ee\/et\/wp-json\/wp\/v2\/media?parent=7276"}],"wp:term":[{"taxonomy":"product_brand","embeddable":true,"href":"https:\/\/candeebaar.ee\/et\/wp-json\/wp\/v2\/product_brand?post=7276"},{"taxonomy":"product_cat","embeddable":true,"href":"https:\/\/candeebaar.ee\/et\/wp-json\/wp\/v2\/product_cat?post=7276"},{"taxonomy":"product_tag","embeddable":true,"href":"https:\/\/candeebaar.ee\/et\/wp-json\/wp\/v2\/product_tag?post=7276"}],"curies":[{"name":"t\u00f6\u00f6leht","href":"https:\/\/api.w.org\/{rel}","templated":true}]}}