{"id":7333,"date":"2024-12-31T20:14:15","date_gmt":"2024-12-31T20:14:15","guid":{"rendered":"https:\/\/storetest.ivi.ee\/product\/silicone-mold-shell\/"},"modified":"2025-11-13T15:05:28","modified_gmt":"2025-11-13T13:05:28","slug":"silikoonist-vormi-kest","status":"publish","type":"product","link":"https:\/\/candeebaar.ee\/et\/pood\/silikoonist-vormi-kest\/","title":{"rendered":"Silikoonvorm &quot;Shell&quot;"},"content":{"rendered":"<p>Vorm v\u00e4ikeste vahukookide jaoks.<br \/>\nMaterjal: silikoon<br \/>\nT\u00f6\u00f6temperatuur: -60 kuni 230\u00b0C<br \/>\nValmis kesta suurus: 180*150*60mm<\/p>","protected":false},"excerpt":{"rendered":"<p>Vorm v\u00e4ikeste vahukookide jaoks. Materjal: silikoon T\u00f6\u00f6temperatuur: -60 kuni 230\u00b0C Valmis kesta suurus: 180*150*60mm<\/p>","protected":false},"featured_media":7332,"template":"","meta":{"_seopress_robots_primary_cat":"","_seopress_titles_title":"","_seopress_titles_desc":"","_seopress_robots_index":""},"product_brand":[],"product_cat":[15,125],"product_tag":[],"class_list":{"0":"post-7333","1":"product","2":"type-product","3":"status-publish","4":"has-post-thumbnail","6":"product_cat-all-products","7":"product_cat-nature","9":"first","10":"instock","11":"sale","12":"taxable","13":"shipping-taxable","14":"purchasable","15":"product-type-simple"},"_links":{"self":[{"href":"https:\/\/candeebaar.ee\/et\/wp-json\/wp\/v2\/product\/7333","targetHints":{"allow":["GET"]}}],"collection":[{"href":"https:\/\/candeebaar.ee\/et\/wp-json\/wp\/v2\/product"}],"about":[{"href":"https:\/\/candeebaar.ee\/et\/wp-json\/wp\/v2\/types\/product"}],"version-history":[{"count":1,"href":"https:\/\/candeebaar.ee\/et\/wp-json\/wp\/v2\/product\/7333\/revisions"}],"predecessor-version":[{"id":7334,"href":"https:\/\/candeebaar.ee\/et\/wp-json\/wp\/v2\/product\/7333\/revisions\/7334"}],"wp:featuredmedia":[{"embeddable":true,"href":"https:\/\/candeebaar.ee\/et\/wp-json\/wp\/v2\/media\/7332"}],"wp:attachment":[{"href":"https:\/\/candeebaar.ee\/et\/wp-json\/wp\/v2\/media?parent=7333"}],"wp:term":[{"taxonomy":"product_brand","embeddable":true,"href":"https:\/\/candeebaar.ee\/et\/wp-json\/wp\/v2\/product_brand?post=7333"},{"taxonomy":"product_cat","embeddable":true,"href":"https:\/\/candeebaar.ee\/et\/wp-json\/wp\/v2\/product_cat?post=7333"},{"taxonomy":"product_tag","embeddable":true,"href":"https:\/\/candeebaar.ee\/et\/wp-json\/wp\/v2\/product_tag?post=7333"}],"curies":[{"name":"t\u00f6\u00f6leht","href":"https:\/\/api.w.org\/{rel}","templated":true}]}}