{"id":7335,"date":"2024-12-31T20:14:15","date_gmt":"2024-12-31T20:14:15","guid":{"rendered":"https:\/\/storetest.ivi.ee\/product\/silicone-mold-skull-l\/"},"modified":"2025-10-20T18:29:04","modified_gmt":"2025-10-20T16:29:04","slug":"silikoonvormi-kolju-l","status":"publish","type":"product","link":"https:\/\/candeebaar.ee\/et\/pood\/silikoonvormi-kolju-l\/","title":{"rendered":"Silikoonvorm \u201cSkull\u201d L"},"content":{"rendered":"<p>\u0160okolaadivorm koosneb kahest osast: kolju esi- ja tagaosast.<br \/>\nMaterjal: silikoon<br \/>\nT\u00f6\u00f6temperatuur: -60 kuni 230\u00b0C<br \/>\nT\u00e4iskolju suurus (laius x k\u00f5rgus x s\u00fcgavus): 140*215*18mm (vastab t\u00e4iskasvanu keskmisele peale)<\/p>","protected":false},"excerpt":{"rendered":"<p>\u0160okolaadivorm koosneb kahest osast: kolju esi- ja tagaosast. Materjal: silikoon T\u00f6\u00f6temperatuur: -60 kuni 230\u00b0C T\u00e4iskolju suurus (laius x k\u00f5rgus x s\u00fcgavus): 140*215*18mm (vastab t\u00e4iskasvanu keskmisele peale)<\/p>","protected":false},"featured_media":7331,"template":"","meta":{"_seopress_robots_primary_cat":"","_seopress_titles_title":"","_seopress_titles_desc":"","_seopress_robots_index":""},"product_brand":[],"product_cat":[15,82,125,127],"product_tag":[],"class_list":{"0":"post-7335","1":"product","2":"type-product","3":"status-publish","4":"has-post-thumbnail","6":"product_cat-all-products","7":"product_cat-chocolate-molds","8":"product_cat-nature","9":"product_cat-ornament","11":"first","12":"instock","13":"taxable","14":"shipping-taxable","15":"purchasable","16":"product-type-simple"},"_links":{"self":[{"href":"https:\/\/candeebaar.ee\/et\/wp-json\/wp\/v2\/product\/7335","targetHints":{"allow":["GET"]}}],"collection":[{"href":"https:\/\/candeebaar.ee\/et\/wp-json\/wp\/v2\/product"}],"about":[{"href":"https:\/\/candeebaar.ee\/et\/wp-json\/wp\/v2\/types\/product"}],"version-history":[{"count":1,"href":"https:\/\/candeebaar.ee\/et\/wp-json\/wp\/v2\/product\/7335\/revisions"}],"predecessor-version":[{"id":7336,"href":"https:\/\/candeebaar.ee\/et\/wp-json\/wp\/v2\/product\/7335\/revisions\/7336"}],"wp:featuredmedia":[{"embeddable":true,"href":"https:\/\/candeebaar.ee\/et\/wp-json\/wp\/v2\/media\/7331"}],"wp:attachment":[{"href":"https:\/\/candeebaar.ee\/et\/wp-json\/wp\/v2\/media?parent=7335"}],"wp:term":[{"taxonomy":"product_brand","embeddable":true,"href":"https:\/\/candeebaar.ee\/et\/wp-json\/wp\/v2\/product_brand?post=7335"},{"taxonomy":"product_cat","embeddable":true,"href":"https:\/\/candeebaar.ee\/et\/wp-json\/wp\/v2\/product_cat?post=7335"},{"taxonomy":"product_tag","embeddable":true,"href":"https:\/\/candeebaar.ee\/et\/wp-json\/wp\/v2\/product_tag?post=7335"}],"curies":[{"name":"t\u00f6\u00f6leht","href":"https:\/\/api.w.org\/{rel}","templated":true}]}}