{"id":7351,"date":"2024-12-31T20:14:20","date_gmt":"2024-12-31T20:14:20","guid":{"rendered":"https:\/\/storetest.ivi.ee\/product\/box-for-desserts-10153-5cm\/"},"modified":"2026-04-02T11:47:37","modified_gmt":"2026-04-02T09:47:37","slug":"karp-magustoiduks-10153-5cm","status":"publish","type":"product","link":"https:\/\/candeebaar.ee\/et\/pood\/karp-magustoiduks-10153-5cm\/","title":{"rendered":"Magustoidu karp 10*15*3,5cm"},"content":{"rendered":"<p>Kvaliteetne topeltp\u00f5hjaga pappkarp. L\u00e4bipaistvast plastikust kaas. Ideaalne piparkookide ja madala profiiliga esemete jaoks.<br \/>\nV\u00e4rvus: p\u00e4rlmuttervalge<br \/>\nM\u00f5\u00f5dud: 150x100x35mm<br \/>\nTootja: Itaalia<\/p>","protected":false},"excerpt":{"rendered":"<p>Kvaliteetne topeltp\u00f5hjaga pappkarp. L\u00e4bipaistvast plastikust kaas. Ideaalne piparkookide ja madala profiiliga esemete jaoks. V\u00e4rvus: p\u00e4rlvalge Suurus: 150x100x35mm Tootja: Itaalia<\/p>","protected":false},"featured_media":7353,"template":"","meta":{"_seopress_robots_primary_cat":"none","_seopress_titles_title":"","_seopress_titles_desc":"","_seopress_robots_index":""},"product_brand":[],"product_cat":[15,153,156,93],"product_tag":[],"class_list":{"0":"post-7351","1":"product","2":"type-product","3":"status-publish","4":"has-post-thumbnail","6":"product_cat-all-products","7":"product_cat-candy-boxes","8":"product_cat-low-boxes","9":"product_cat-gift-packaging","11":"first","12":"instock","13":"taxable","14":"shipping-taxable","15":"purchasable","16":"product-type-simple"},"_links":{"self":[{"href":"https:\/\/candeebaar.ee\/et\/wp-json\/wp\/v2\/product\/7351","targetHints":{"allow":["GET"]}}],"collection":[{"href":"https:\/\/candeebaar.ee\/et\/wp-json\/wp\/v2\/product"}],"about":[{"href":"https:\/\/candeebaar.ee\/et\/wp-json\/wp\/v2\/types\/product"}],"version-history":[{"count":1,"href":"https:\/\/candeebaar.ee\/et\/wp-json\/wp\/v2\/product\/7351\/revisions"}],"predecessor-version":[{"id":7352,"href":"https:\/\/candeebaar.ee\/et\/wp-json\/wp\/v2\/product\/7351\/revisions\/7352"}],"wp:featuredmedia":[{"embeddable":true,"href":"https:\/\/candeebaar.ee\/et\/wp-json\/wp\/v2\/media\/7353"}],"wp:attachment":[{"href":"https:\/\/candeebaar.ee\/et\/wp-json\/wp\/v2\/media?parent=7351"}],"wp:term":[{"taxonomy":"product_brand","embeddable":true,"href":"https:\/\/candeebaar.ee\/et\/wp-json\/wp\/v2\/product_brand?post=7351"},{"taxonomy":"product_cat","embeddable":true,"href":"https:\/\/candeebaar.ee\/et\/wp-json\/wp\/v2\/product_cat?post=7351"},{"taxonomy":"product_tag","embeddable":true,"href":"https:\/\/candeebaar.ee\/et\/wp-json\/wp\/v2\/product_tag?post=7351"}],"curies":[{"name":"t\u00f6\u00f6leht","href":"https:\/\/api.w.org\/{rel}","templated":true}]}}