{"id":7357,"date":"2024-12-31T20:14:20","date_gmt":"2024-12-31T20:14:20","guid":{"rendered":"https:\/\/storetest.ivi.ee\/product\/paper-bag-with-window-150240mm-30pcs\/"},"modified":"2026-03-29T19:54:26","modified_gmt":"2026-03-29T17:54:26","slug":"paberkott-aknaga-150240mm-30tk","status":"publish","type":"product","link":"https:\/\/candeebaar.ee\/et\/pood\/paberkott-aknaga-150240mm-30tk\/","title":{"rendered":"Aknaga paberkott 150*240mm (30tk)"},"content":{"rendered":"<p>Kott k\u00fcpsetiste jaoks, lihtne ja odav pakkimisv\u00f5imalus. Aken l\u00e4bipaistvast plastikust.<br \/>\nV\u00e4rv: kraft<br \/>\nM\u00f5\u00f5dud: 150*240mm<br \/>\nSisaldab 30 tk.<\/p>","protected":false},"excerpt":{"rendered":"<p>Kott k\u00fcpsetiste jaoks, lihtne ja odav pakkimisv\u00f5imalus. Aken l\u00e4bipaistvast plastikust. V\u00e4rv: kraft Suurus: 150*240mm Sisaldab 30tk.<\/p>","protected":false},"featured_media":7356,"template":"","meta":{"_seopress_robots_primary_cat":"","_seopress_titles_title":"","_seopress_titles_desc":"","_seopress_robots_index":""},"product_brand":[],"product_cat":[15,95],"product_tag":[],"class_list":{"0":"post-7357","1":"product","2":"type-product","3":"status-publish","4":"has-post-thumbnail","6":"product_cat-all-products","7":"product_cat-plastic-and-paper-bags","9":"first","10":"instock","11":"taxable","12":"shipping-taxable","13":"purchasable","14":"product-type-simple"},"_links":{"self":[{"href":"https:\/\/candeebaar.ee\/et\/wp-json\/wp\/v2\/product\/7357","targetHints":{"allow":["GET"]}}],"collection":[{"href":"https:\/\/candeebaar.ee\/et\/wp-json\/wp\/v2\/product"}],"about":[{"href":"https:\/\/candeebaar.ee\/et\/wp-json\/wp\/v2\/types\/product"}],"version-history":[{"count":1,"href":"https:\/\/candeebaar.ee\/et\/wp-json\/wp\/v2\/product\/7357\/revisions"}],"predecessor-version":[{"id":7358,"href":"https:\/\/candeebaar.ee\/et\/wp-json\/wp\/v2\/product\/7357\/revisions\/7358"}],"wp:featuredmedia":[{"embeddable":true,"href":"https:\/\/candeebaar.ee\/et\/wp-json\/wp\/v2\/media\/7356"}],"wp:attachment":[{"href":"https:\/\/candeebaar.ee\/et\/wp-json\/wp\/v2\/media?parent=7357"}],"wp:term":[{"taxonomy":"product_brand","embeddable":true,"href":"https:\/\/candeebaar.ee\/et\/wp-json\/wp\/v2\/product_brand?post=7357"},{"taxonomy":"product_cat","embeddable":true,"href":"https:\/\/candeebaar.ee\/et\/wp-json\/wp\/v2\/product_cat?post=7357"},{"taxonomy":"product_tag","embeddable":true,"href":"https:\/\/candeebaar.ee\/et\/wp-json\/wp\/v2\/product_tag?post=7357"}],"curies":[{"name":"t\u00f6\u00f6leht","href":"https:\/\/api.w.org\/{rel}","templated":true}]}}