{"id":7375,"date":"2024-12-31T20:14:20","date_gmt":"2024-12-31T20:14:20","guid":{"rendered":"https:\/\/storetest.ivi.ee\/product\/box-for-macarons-1955cm\/"},"modified":"2026-04-04T23:28:28","modified_gmt":"2026-04-04T21:28:28","slug":"karp-makroonidele-1955cm","status":"publish","type":"product","link":"https:\/\/candeebaar.ee\/et\/pood\/karp-makroonidele-1955cm\/","title":{"rendered":"Karp makroonidele 19*5*5cm"},"content":{"rendered":"<p>L\u00e4bipaistva kaanega karp makroonide jaoks.<br \/>\nMaterjal: papp, plastik<br \/>\nSuurus: 19*5*5cm<br \/>\nV\u00e4rv: valge<\/p>","protected":false},"excerpt":{"rendered":"<p>L\u00e4bipaistva kaanega karp makroonide jaoks. Materjal: papp, plastik M\u00f5\u00f5dud: 19*5*5cm V\u00e4rvus: valge<\/p>","protected":false},"featured_media":7374,"template":"","meta":{"_seopress_robots_primary_cat":"none","_seopress_titles_title":"","_seopress_titles_desc":"","_seopress_robots_index":""},"product_brand":[],"product_cat":[15,151],"product_tag":[],"class_list":{"0":"post-7375","1":"product","2":"type-product","3":"status-publish","4":"has-post-thumbnail","6":"product_cat-all-products","7":"product_cat-macaron","9":"first","10":"instock","11":"taxable","12":"shipping-taxable","13":"purchasable","14":"product-type-simple"},"_links":{"self":[{"href":"https:\/\/candeebaar.ee\/et\/wp-json\/wp\/v2\/product\/7375","targetHints":{"allow":["GET"]}}],"collection":[{"href":"https:\/\/candeebaar.ee\/et\/wp-json\/wp\/v2\/product"}],"about":[{"href":"https:\/\/candeebaar.ee\/et\/wp-json\/wp\/v2\/types\/product"}],"version-history":[{"count":1,"href":"https:\/\/candeebaar.ee\/et\/wp-json\/wp\/v2\/product\/7375\/revisions"}],"predecessor-version":[{"id":7376,"href":"https:\/\/candeebaar.ee\/et\/wp-json\/wp\/v2\/product\/7375\/revisions\/7376"}],"wp:featuredmedia":[{"embeddable":true,"href":"https:\/\/candeebaar.ee\/et\/wp-json\/wp\/v2\/media\/7374"}],"wp:attachment":[{"href":"https:\/\/candeebaar.ee\/et\/wp-json\/wp\/v2\/media?parent=7375"}],"wp:term":[{"taxonomy":"product_brand","embeddable":true,"href":"https:\/\/candeebaar.ee\/et\/wp-json\/wp\/v2\/product_brand?post=7375"},{"taxonomy":"product_cat","embeddable":true,"href":"https:\/\/candeebaar.ee\/et\/wp-json\/wp\/v2\/product_cat?post=7375"},{"taxonomy":"product_tag","embeddable":true,"href":"https:\/\/candeebaar.ee\/et\/wp-json\/wp\/v2\/product_tag?post=7375"}],"curies":[{"name":"t\u00f6\u00f6leht","href":"https:\/\/api.w.org\/{rel}","templated":true}]}}