{"id":7399,"date":"2024-12-31T20:14:20","date_gmt":"2024-12-31T20:14:20","guid":{"rendered":"https:\/\/storetest.ivi.ee\/product\/isomalt-beneo-100g\/"},"modified":"2026-04-08T09:42:04","modified_gmt":"2026-04-08T07:42:04","slug":"isomalt-beneo-100g","status":"publish","type":"product","link":"https:\/\/candeebaar.ee\/et\/pood\/isomalt-beneo-100g\/","title":{"rendered":"Isomalt &quot;Beneo&quot; 100g"},"content":{"rendered":"<p>Isomalti kasutatakse karamellmassi valmistamiseks.<br \/>\nSee ei muuda v\u00e4rvi nagu tavaline suhkur ja seda saab v\u00e4rvida.<br \/>\nKookidele saab luua ebatavalisi kaunistusi.<br \/>\nSulamistemperatuur 145\u00b0C<br \/>\nKuuma massi kasutamisel tuleb j\u00e4rgida ettevaatusabin\u00f5usid!<br \/>\nKaal: 100g<br \/>\n100g sisaldab: 100g s\u00fcsivesikuid<br \/>\n0 rasva<br \/>\n0 valku<br \/>\nKoostisosad: isomalt E953<br \/>\nK\u00f5lblikkusaeg: vt. pakendamine<br \/>\nTootja: Beneo, Saksamaa<\/p>","protected":false},"excerpt":{"rendered":"<p>Isomalti kasutatakse karamellmassi valmistamiseks. See ei muuda v\u00e4rvi nagu tavaline suhkur ja seda saab v\u00e4rvida. Kookidele saab luua ebatavalisi kaunistusi. Sulamistemperatuur 145\u00b0C Kuuma massi kasutamisel tuleb j\u00e4rgida ettevaatusabin\u00f5usid! Mass: 100g 100g sisaldab: 100g s\u00fcsivesikuid 0 rasvu 0 valke Koostis: isomalt E953 S\u00e4ilivusaeg: vt. pakend Tootja: [\u2026]<\/p>","protected":false},"featured_media":5074,"template":"","meta":{"_seopress_robots_primary_cat":"","_seopress_titles_title":"","_seopress_titles_desc":"","_seopress_robots_index":""},"product_brand":[],"product_cat":[182,181,15,102],"product_tag":[],"class_list":{"0":"post-7399","1":"product","2":"type-product","3":"status-publish","4":"has-post-thumbnail","6":"product_cat-christmas","7":"product_cat-christmas-new-year","8":"product_cat-all-products","9":"product_cat-sugars","11":"first","12":"instock","13":"taxable","14":"shipping-taxable","15":"purchasable","16":"product-type-simple"},"_links":{"self":[{"href":"https:\/\/candeebaar.ee\/et\/wp-json\/wp\/v2\/product\/7399","targetHints":{"allow":["GET"]}}],"collection":[{"href":"https:\/\/candeebaar.ee\/et\/wp-json\/wp\/v2\/product"}],"about":[{"href":"https:\/\/candeebaar.ee\/et\/wp-json\/wp\/v2\/types\/product"}],"version-history":[{"count":1,"href":"https:\/\/candeebaar.ee\/et\/wp-json\/wp\/v2\/product\/7399\/revisions"}],"predecessor-version":[{"id":7400,"href":"https:\/\/candeebaar.ee\/et\/wp-json\/wp\/v2\/product\/7399\/revisions\/7400"}],"wp:featuredmedia":[{"embeddable":true,"href":"https:\/\/candeebaar.ee\/et\/wp-json\/wp\/v2\/media\/5074"}],"wp:attachment":[{"href":"https:\/\/candeebaar.ee\/et\/wp-json\/wp\/v2\/media?parent=7399"}],"wp:term":[{"taxonomy":"product_brand","embeddable":true,"href":"https:\/\/candeebaar.ee\/et\/wp-json\/wp\/v2\/product_brand?post=7399"},{"taxonomy":"product_cat","embeddable":true,"href":"https:\/\/candeebaar.ee\/et\/wp-json\/wp\/v2\/product_cat?post=7399"},{"taxonomy":"product_tag","embeddable":true,"href":"https:\/\/candeebaar.ee\/et\/wp-json\/wp\/v2\/product_tag?post=7399"}],"curies":[{"name":"t\u00f6\u00f6leht","href":"https:\/\/api.w.org\/{rel}","templated":true}]}}