{"id":7448,"date":"2024-12-31T20:14:28","date_gmt":"2024-12-31T20:14:28","guid":{"rendered":"https:\/\/storetest.ivi.ee\/product\/side-scraper-wave-24cm\/"},"modified":"2025-06-07T20:12:12","modified_gmt":"2025-06-07T18:12:12","slug":"kulgne-kaabitsa-laine-24cm","status":"publish","type":"product","link":"https:\/\/candeebaar.ee\/et\/pood\/kulgne-kaabitsa-laine-24cm\/","title":{"rendered":"K\u00fclgkaabits \u201cWave\u201d 24cm"},"content":{"rendered":"<p>Kahepoolne kaabits v\u00f5imaldab luua k\u00fcljele kauni lainemustri.<br \/>\nMaterjal: akr\u00fc\u00fcl<br \/>\nSuurus: 24*10cm<\/p>","protected":false},"excerpt":{"rendered":"<p>Kahepoolne kaabits v\u00f5imaldab luua k\u00fcljele kauni lainemustri. Materjal: akr\u00fc\u00fcl Suurus: 24*10cm<\/p>","protected":false},"featured_media":7450,"template":"","meta":{"_seopress_robots_primary_cat":"","_seopress_titles_title":"","_seopress_titles_desc":"","_seopress_robots_index":""},"product_brand":[],"product_cat":[15,84],"product_tag":[],"class_list":{"0":"post-7448","1":"product","2":"type-product","3":"status-publish","4":"has-post-thumbnail","6":"product_cat-all-products","7":"product_cat-tools","9":"first","10":"outofstock","11":"taxable","12":"shipping-taxable","13":"purchasable","14":"product-type-simple"},"_links":{"self":[{"href":"https:\/\/candeebaar.ee\/et\/wp-json\/wp\/v2\/product\/7448","targetHints":{"allow":["GET"]}}],"collection":[{"href":"https:\/\/candeebaar.ee\/et\/wp-json\/wp\/v2\/product"}],"about":[{"href":"https:\/\/candeebaar.ee\/et\/wp-json\/wp\/v2\/types\/product"}],"version-history":[{"count":1,"href":"https:\/\/candeebaar.ee\/et\/wp-json\/wp\/v2\/product\/7448\/revisions"}],"predecessor-version":[{"id":7449,"href":"https:\/\/candeebaar.ee\/et\/wp-json\/wp\/v2\/product\/7448\/revisions\/7449"}],"wp:featuredmedia":[{"embeddable":true,"href":"https:\/\/candeebaar.ee\/et\/wp-json\/wp\/v2\/media\/7450"}],"wp:attachment":[{"href":"https:\/\/candeebaar.ee\/et\/wp-json\/wp\/v2\/media?parent=7448"}],"wp:term":[{"taxonomy":"product_brand","embeddable":true,"href":"https:\/\/candeebaar.ee\/et\/wp-json\/wp\/v2\/product_brand?post=7448"},{"taxonomy":"product_cat","embeddable":true,"href":"https:\/\/candeebaar.ee\/et\/wp-json\/wp\/v2\/product_cat?post=7448"},{"taxonomy":"product_tag","embeddable":true,"href":"https:\/\/candeebaar.ee\/et\/wp-json\/wp\/v2\/product_tag?post=7448"}],"curies":[{"name":"t\u00f6\u00f6leht","href":"https:\/\/api.w.org\/{rel}","templated":true}]}}