{"id":7452,"date":"2024-12-31T20:14:28","date_gmt":"2024-12-31T20:14:28","guid":{"rendered":"https:\/\/storetest.ivi.ee\/product\/side-scraper-zigzag-24cm\/"},"modified":"2026-04-06T13:24:25","modified_gmt":"2026-04-06T11:24:25","slug":"kulgkraabits-siksak-24cm","status":"publish","type":"product","link":"https:\/\/candeebaar.ee\/et\/pood\/kulgkraabits-siksak-24cm\/","title":{"rendered":"K\u00fclgkaabits \u201cZigzag\u201d 24cm"},"content":{"rendered":"<p>Kahepoolne kaabits v\u00f5imaldab luua kauni k\u00fcljemustri.<br \/>\nMaterjal: akr\u00fc\u00fcl<br \/>\nSuurus: 24*10cm<\/p>","protected":false},"excerpt":{"rendered":"<p>Kahepoolne kaabits v\u00f5imaldab luua kauni k\u00fcljemustri. Materjal: akr\u00fc\u00fcl Suurus: 24*10cm<\/p>","protected":false},"featured_media":7451,"template":"","meta":{"_seopress_robots_primary_cat":"none","_seopress_titles_title":"","_seopress_titles_desc":"","_seopress_robots_index":""},"product_brand":[],"product_cat":[15,84],"product_tag":[],"class_list":{"0":"post-7452","1":"product","2":"type-product","3":"status-publish","4":"has-post-thumbnail","6":"product_cat-all-products","7":"product_cat-tools","9":"first","10":"outofstock","11":"sale","12":"taxable","13":"shipping-taxable","14":"purchasable","15":"product-type-simple"},"_links":{"self":[{"href":"https:\/\/candeebaar.ee\/et\/wp-json\/wp\/v2\/product\/7452","targetHints":{"allow":["GET"]}}],"collection":[{"href":"https:\/\/candeebaar.ee\/et\/wp-json\/wp\/v2\/product"}],"about":[{"href":"https:\/\/candeebaar.ee\/et\/wp-json\/wp\/v2\/types\/product"}],"version-history":[{"count":1,"href":"https:\/\/candeebaar.ee\/et\/wp-json\/wp\/v2\/product\/7452\/revisions"}],"predecessor-version":[{"id":7453,"href":"https:\/\/candeebaar.ee\/et\/wp-json\/wp\/v2\/product\/7452\/revisions\/7453"}],"wp:featuredmedia":[{"embeddable":true,"href":"https:\/\/candeebaar.ee\/et\/wp-json\/wp\/v2\/media\/7451"}],"wp:attachment":[{"href":"https:\/\/candeebaar.ee\/et\/wp-json\/wp\/v2\/media?parent=7452"}],"wp:term":[{"taxonomy":"product_brand","embeddable":true,"href":"https:\/\/candeebaar.ee\/et\/wp-json\/wp\/v2\/product_brand?post=7452"},{"taxonomy":"product_cat","embeddable":true,"href":"https:\/\/candeebaar.ee\/et\/wp-json\/wp\/v2\/product_cat?post=7452"},{"taxonomy":"product_tag","embeddable":true,"href":"https:\/\/candeebaar.ee\/et\/wp-json\/wp\/v2\/product_tag?post=7452"}],"curies":[{"name":"t\u00f6\u00f6leht","href":"https:\/\/api.w.org\/{rel}","templated":true}]}}