{"id":7454,"date":"2024-12-31T20:14:28","date_gmt":"2024-12-31T20:14:28","guid":{"rendered":"https:\/\/storetest.ivi.ee\/product\/metal-rolling-pin-with-height-limiters-34cm\/"},"modified":"2026-03-31T12:16:53","modified_gmt":"2026-03-31T10:16:53","slug":"metallist-taignarull-koos-korguse-piirajatega-34cm","status":"publish","type":"product","link":"https:\/\/candeebaar.ee\/et\/pood\/metallist-taignarull-koos-korguse-piirajatega-34cm\/","title":{"rendered":"Metallist taignarull koos k\u00f5rguspiirikutega 34cm"},"content":{"rendered":"<p>Professionaalne taignarull koos k\u00f5rguse piirajatega, v\u00f5imaldab saavutada \u00fchtlase kihi.<br \/>\nT\u00f6\u00f6laius: 34 cm<br \/>\nS\u00f5rmuste k\u00f5rgus: 2mm 3mm 6mm 10mm<br \/>\nMaterjal: roostevaba teras, plastik<\/p>","protected":false},"excerpt":{"rendered":"<p>Professionaalne taignarull koos k\u00f5rguse piirajatega, v\u00f5imaldab saavutada \u00fchtlase kihi. T\u00f6\u00f6laius: 34cm R\u00f5ngaste k\u00f5rgus: 2mm 3mm 6mm 10mm Materjal: roostevaba teras, plast<\/p>","protected":false},"featured_media":7456,"template":"","meta":{"_seopress_robots_primary_cat":"none","_seopress_titles_title":"","_seopress_titles_desc":"","_seopress_robots_index":""},"product_brand":[],"product_cat":[15,84],"product_tag":[],"class_list":{"0":"post-7454","1":"product","2":"type-product","3":"status-publish","4":"has-post-thumbnail","6":"product_cat-all-products","7":"product_cat-tools","9":"first","10":"instock","11":"sale","12":"taxable","13":"shipping-taxable","14":"purchasable","15":"product-type-simple"},"_links":{"self":[{"href":"https:\/\/candeebaar.ee\/et\/wp-json\/wp\/v2\/product\/7454","targetHints":{"allow":["GET"]}}],"collection":[{"href":"https:\/\/candeebaar.ee\/et\/wp-json\/wp\/v2\/product"}],"about":[{"href":"https:\/\/candeebaar.ee\/et\/wp-json\/wp\/v2\/types\/product"}],"version-history":[{"count":1,"href":"https:\/\/candeebaar.ee\/et\/wp-json\/wp\/v2\/product\/7454\/revisions"}],"predecessor-version":[{"id":7455,"href":"https:\/\/candeebaar.ee\/et\/wp-json\/wp\/v2\/product\/7454\/revisions\/7455"}],"wp:featuredmedia":[{"embeddable":true,"href":"https:\/\/candeebaar.ee\/et\/wp-json\/wp\/v2\/media\/7456"}],"wp:attachment":[{"href":"https:\/\/candeebaar.ee\/et\/wp-json\/wp\/v2\/media?parent=7454"}],"wp:term":[{"taxonomy":"product_brand","embeddable":true,"href":"https:\/\/candeebaar.ee\/et\/wp-json\/wp\/v2\/product_brand?post=7454"},{"taxonomy":"product_cat","embeddable":true,"href":"https:\/\/candeebaar.ee\/et\/wp-json\/wp\/v2\/product_cat?post=7454"},{"taxonomy":"product_tag","embeddable":true,"href":"https:\/\/candeebaar.ee\/et\/wp-json\/wp\/v2\/product_tag?post=7454"}],"curies":[{"name":"t\u00f6\u00f6leht","href":"https:\/\/api.w.org\/{rel}","templated":true}]}}