{"id":7457,"date":"2024-12-31T20:14:28","date_gmt":"2024-12-31T20:14:28","guid":{"rendered":"https:\/\/storetest.ivi.ee\/product\/plastic-rolling-pin-with-height-limiters-20cm\/"},"modified":"2026-03-31T12:17:10","modified_gmt":"2026-03-31T10:17:10","slug":"plastikust-tainarull-korguse-piirajatega-20-cm","status":"publish","type":"product","link":"https:\/\/candeebaar.ee\/et\/pood\/plastikust-tainarull-korguse-piirajatega-20-cm\/","title":{"rendered":"Plastikust taignarull k\u00f5rguspiirikuga 20cm"},"content":{"rendered":"<p>Professionaalne taignarull koos k\u00f5rguse piirajatega, v\u00f5imaldab \u00fchtlase kihi.<br \/>\nT\u00f6\u00f6laius: 20 cm<br \/>\nR\u00f5ngaste k\u00f5rgus: 1mm ja 2mm<br \/>\nMaterjal: plastik<br \/>\nTootja: Hiina<\/p>","protected":false},"excerpt":{"rendered":"<p>Professionaalne taignarull koos k\u00f5rguse piirajatega, v\u00f5imaldab \u00fchtlase kihi. T\u00f6\u00f6laius: 20cm R\u00f5ngaste k\u00f5rgus: 1mm ja 2mm Materjal: plastik Tootja: Hiina<\/p>","protected":false},"featured_media":7459,"template":"","meta":{"_seopress_robots_primary_cat":"none","_seopress_titles_title":"","_seopress_titles_desc":"","_seopress_robots_index":""},"product_brand":[],"product_cat":[15,84],"product_tag":[],"class_list":{"0":"post-7457","1":"product","2":"type-product","3":"status-publish","4":"has-post-thumbnail","6":"product_cat-all-products","7":"product_cat-tools","9":"first","10":"instock","11":"taxable","12":"shipping-taxable","13":"purchasable","14":"product-type-simple"},"_links":{"self":[{"href":"https:\/\/candeebaar.ee\/et\/wp-json\/wp\/v2\/product\/7457","targetHints":{"allow":["GET"]}}],"collection":[{"href":"https:\/\/candeebaar.ee\/et\/wp-json\/wp\/v2\/product"}],"about":[{"href":"https:\/\/candeebaar.ee\/et\/wp-json\/wp\/v2\/types\/product"}],"version-history":[{"count":1,"href":"https:\/\/candeebaar.ee\/et\/wp-json\/wp\/v2\/product\/7457\/revisions"}],"predecessor-version":[{"id":7458,"href":"https:\/\/candeebaar.ee\/et\/wp-json\/wp\/v2\/product\/7457\/revisions\/7458"}],"wp:featuredmedia":[{"embeddable":true,"href":"https:\/\/candeebaar.ee\/et\/wp-json\/wp\/v2\/media\/7459"}],"wp:attachment":[{"href":"https:\/\/candeebaar.ee\/et\/wp-json\/wp\/v2\/media?parent=7457"}],"wp:term":[{"taxonomy":"product_brand","embeddable":true,"href":"https:\/\/candeebaar.ee\/et\/wp-json\/wp\/v2\/product_brand?post=7457"},{"taxonomy":"product_cat","embeddable":true,"href":"https:\/\/candeebaar.ee\/et\/wp-json\/wp\/v2\/product_cat?post=7457"},{"taxonomy":"product_tag","embeddable":true,"href":"https:\/\/candeebaar.ee\/et\/wp-json\/wp\/v2\/product_tag?post=7457"}],"curies":[{"name":"t\u00f6\u00f6leht","href":"https:\/\/api.w.org\/{rel}","templated":true}]}}