{"id":7462,"date":"2024-12-31T20:14:34","date_gmt":"2024-12-31T20:14:34","guid":{"rendered":"https:\/\/storetest.ivi.ee\/product\/cupcake-baking-mold-50pcs-gold\/"},"modified":"2026-03-31T12:11:06","modified_gmt":"2026-03-31T10:11:06","slug":"koogikupsetusvorm-50tk-kuldne","status":"publish","type":"product","link":"https:\/\/candeebaar.ee\/et\/pood\/koogikupsetusvorm-50tk-kuldne\/","title":{"rendered":"Koogik\u00fcpsetusvorm 50tk \u201cGold\u201d"},"content":{"rendered":"<p>Paberist kuumakindel vorm sobib suurep\u00e4raselt koogikeste k\u00fcpsetamiseks. Hoiab oma kuju ega vaja t\u00e4iendavat metallist alust t\u00e4nu koolutatud \u00fclemisele servale.<br \/>\nP\u00f5hja l\u00e4bim\u00f5\u00f5t: 5 cm<br \/>\n\u00dclemise l\u00e4bim\u00f5\u00f5t: 6,8 cm<br \/>\nK\u00f5rgus: 3,8 cm<br \/>\nV\u00e4rvus: kuldne<br \/>\nPakis 50 tk (+-2 tk).<\/p>","protected":false},"excerpt":{"rendered":"<p>Paberist kuumakindel vorm sobib ideaalselt muffinite k\u00fcpsetamiseks. Hoiab oma kuju ega vaja t\u00e4nu kumerale \u00fclemisele servale t\u00e4iendavat metallalust. Alumise osa l\u00e4bim\u00f5\u00f5t: 5 cm \u00dclemise osa l\u00e4bim\u00f5\u00f5t: 6,8 cm K\u00f5rgus: 3,8 cm V\u00e4rv: kuldne Pakis 50 tk (+-2 tk).<\/p>","protected":false},"featured_media":7464,"template":"","meta":{"_seopress_robots_primary_cat":"none","_seopress_titles_title":"","_seopress_titles_desc":"","_seopress_robots_index":""},"product_brand":[],"product_cat":[182,181,15,117,90],"product_tag":[],"class_list":{"0":"post-7462","1":"product","2":"type-product","3":"status-publish","4":"has-post-thumbnail","6":"product_cat-christmas","7":"product_cat-christmas-new-year","8":"product_cat-all-products","9":"product_cat-paper","10":"product_cat-paper-cups-and-tulips","12":"first","13":"instock","14":"taxable","15":"shipping-taxable","16":"purchasable","17":"product-type-simple"},"_links":{"self":[{"href":"https:\/\/candeebaar.ee\/et\/wp-json\/wp\/v2\/product\/7462","targetHints":{"allow":["GET"]}}],"collection":[{"href":"https:\/\/candeebaar.ee\/et\/wp-json\/wp\/v2\/product"}],"about":[{"href":"https:\/\/candeebaar.ee\/et\/wp-json\/wp\/v2\/types\/product"}],"version-history":[{"count":3,"href":"https:\/\/candeebaar.ee\/et\/wp-json\/wp\/v2\/product\/7462\/revisions"}],"predecessor-version":[{"id":14870,"href":"https:\/\/candeebaar.ee\/et\/wp-json\/wp\/v2\/product\/7462\/revisions\/14870"}],"wp:featuredmedia":[{"embeddable":true,"href":"https:\/\/candeebaar.ee\/et\/wp-json\/wp\/v2\/media\/7464"}],"wp:attachment":[{"href":"https:\/\/candeebaar.ee\/et\/wp-json\/wp\/v2\/media?parent=7462"}],"wp:term":[{"taxonomy":"product_brand","embeddable":true,"href":"https:\/\/candeebaar.ee\/et\/wp-json\/wp\/v2\/product_brand?post=7462"},{"taxonomy":"product_cat","embeddable":true,"href":"https:\/\/candeebaar.ee\/et\/wp-json\/wp\/v2\/product_cat?post=7462"},{"taxonomy":"product_tag","embeddable":true,"href":"https:\/\/candeebaar.ee\/et\/wp-json\/wp\/v2\/product_tag?post=7462"}],"curies":[{"name":"t\u00f6\u00f6leht","href":"https:\/\/api.w.org\/{rel}","templated":true}]}}