{"id":7466,"date":"2024-12-31T20:14:34","date_gmt":"2024-12-31T20:14:34","guid":{"rendered":"https:\/\/storetest.ivi.ee\/product\/cupcake-baking-mold-50pcs-silver\/"},"modified":"2026-03-31T12:11:26","modified_gmt":"2026-03-31T10:11:26","slug":"koogikupsetusvorm-50tk-hobedane","status":"publish","type":"product","link":"https:\/\/candeebaar.ee\/et\/pood\/koogikupsetusvorm-50tk-hobedane\/","title":{"rendered":"Koogik\u00fcpsetusvorm 50tk \u201cSilver\u201d"},"content":{"rendered":"<p>Paberist kuumakindel vorm sobib suurep\u00e4raselt koogikeste k\u00fcpsetamiseks. Hoiab oma kuju ega vaja t\u00e4iendavat metallist alust t\u00e4nu koolutatud \u00fclemisele servale.<br \/>\nP\u00f5hja l\u00e4bim\u00f5\u00f5t: 5 cm<br \/>\n\u00dclemise l\u00e4bim\u00f5\u00f5t: 6,8 cm<br \/>\nK\u00f5rgus: 3,8 cm<br \/>\nV\u00e4rvus: h\u00f5bedane<br \/>\nPakis 50tk.<\/p>","protected":false},"excerpt":{"rendered":"<p>Paberist kuumakindel vorm sobib suurep\u00e4raselt koogikeste k\u00fcpsetamiseks. Hoiab oma kuju ega vaja t\u00e4iendavat metallist alust t\u00e4nu koolutatud \u00fclemisele servale. P\u00f5hja l\u00e4bim\u00f5\u00f5t: 5cm Pealmine l\u00e4bim\u00f5\u00f5t: 6,8cm K\u00f5rgus: 3,8cm V\u00e4rvus: h\u00f5bedane Pakis 50tk.<\/p>","protected":false},"featured_media":7465,"template":"","meta":{"_seopress_robots_primary_cat":"none","_seopress_titles_title":"","_seopress_titles_desc":"","_seopress_robots_index":""},"product_brand":[],"product_cat":[182,181,15,117,90],"product_tag":[],"class_list":{"0":"post-7466","1":"product","2":"type-product","3":"status-publish","4":"has-post-thumbnail","6":"product_cat-christmas","7":"product_cat-christmas-new-year","8":"product_cat-all-products","9":"product_cat-paper","10":"product_cat-paper-cups-and-tulips","12":"first","13":"instock","14":"taxable","15":"shipping-taxable","16":"purchasable","17":"product-type-simple"},"_links":{"self":[{"href":"https:\/\/candeebaar.ee\/et\/wp-json\/wp\/v2\/product\/7466","targetHints":{"allow":["GET"]}}],"collection":[{"href":"https:\/\/candeebaar.ee\/et\/wp-json\/wp\/v2\/product"}],"about":[{"href":"https:\/\/candeebaar.ee\/et\/wp-json\/wp\/v2\/types\/product"}],"version-history":[{"count":1,"href":"https:\/\/candeebaar.ee\/et\/wp-json\/wp\/v2\/product\/7466\/revisions"}],"predecessor-version":[{"id":7467,"href":"https:\/\/candeebaar.ee\/et\/wp-json\/wp\/v2\/product\/7466\/revisions\/7467"}],"wp:featuredmedia":[{"embeddable":true,"href":"https:\/\/candeebaar.ee\/et\/wp-json\/wp\/v2\/media\/7465"}],"wp:attachment":[{"href":"https:\/\/candeebaar.ee\/et\/wp-json\/wp\/v2\/media?parent=7466"}],"wp:term":[{"taxonomy":"product_brand","embeddable":true,"href":"https:\/\/candeebaar.ee\/et\/wp-json\/wp\/v2\/product_brand?post=7466"},{"taxonomy":"product_cat","embeddable":true,"href":"https:\/\/candeebaar.ee\/et\/wp-json\/wp\/v2\/product_cat?post=7466"},{"taxonomy":"product_tag","embeddable":true,"href":"https:\/\/candeebaar.ee\/et\/wp-json\/wp\/v2\/product_tag?post=7466"}],"curies":[{"name":"t\u00f6\u00f6leht","href":"https:\/\/api.w.org\/{rel}","templated":true}]}}