{"id":7481,"date":"2024-12-31T20:14:34","date_gmt":"2024-12-31T20:14:34","guid":{"rendered":"https:\/\/storetest.ivi.ee\/product\/box-for-4-cupcakes-double-sided-with-a-window\/"},"modified":"2026-04-02T11:09:54","modified_gmt":"2026-04-02T09:09:54","slug":"kahepoolne-aknaga-karp-4-koogi-jaoks","status":"publish","type":"product","link":"https:\/\/candeebaar.ee\/et\/pood\/kahepoolne-aknaga-karp-4-koogi-jaoks\/","title":{"rendered":"Karp 4 koogi jaoks, kahepoolne aknaga"},"content":{"rendered":"<p>Tassikoogikarp.<br \/>\nSellel on spetsiaalne vahet\u00fckk, mis hoiab koogikesi kindlalt paigal. Aken l\u00e4bipaistvast plastikust.<br \/>\nLaius: 16 cm<br \/>\nK\u00f5rgus: 10 cm<br \/>\nKahepoolne: valge ja kraft<br \/>\nMaterjal: papp<\/p>\n<p>&nbsp;<\/p>","protected":false},"excerpt":{"rendered":"<p>Tassikoogikarp. Sellel on spetsiaalne vahet\u00fckk, mis hoiab koogikesi kindlalt paigal. Aken l\u00e4bipaistvast plastikust. Laius: 16cm K\u00f5rgus: 10cm Kahepoolne: valge ja kraft Materjal: papp &nbsp;<\/p>","protected":false},"featured_media":7483,"template":"","meta":{"_seopress_robots_primary_cat":"none","_seopress_titles_title":"","_seopress_titles_desc":"","_seopress_robots_index":""},"product_brand":[],"product_cat":[15,152],"product_tag":[],"class_list":{"0":"post-7481","1":"product","2":"type-product","3":"status-publish","4":"has-post-thumbnail","6":"product_cat-all-products","7":"product_cat-cupcakes","9":"first","10":"outofstock","11":"taxable","12":"shipping-taxable","13":"purchasable","14":"product-type-simple"},"_links":{"self":[{"href":"https:\/\/candeebaar.ee\/et\/wp-json\/wp\/v2\/product\/7481","targetHints":{"allow":["GET"]}}],"collection":[{"href":"https:\/\/candeebaar.ee\/et\/wp-json\/wp\/v2\/product"}],"about":[{"href":"https:\/\/candeebaar.ee\/et\/wp-json\/wp\/v2\/types\/product"}],"version-history":[{"count":2,"href":"https:\/\/candeebaar.ee\/et\/wp-json\/wp\/v2\/product\/7481\/revisions"}],"predecessor-version":[{"id":13816,"href":"https:\/\/candeebaar.ee\/et\/wp-json\/wp\/v2\/product\/7481\/revisions\/13816"}],"wp:featuredmedia":[{"embeddable":true,"href":"https:\/\/candeebaar.ee\/et\/wp-json\/wp\/v2\/media\/7483"}],"wp:attachment":[{"href":"https:\/\/candeebaar.ee\/et\/wp-json\/wp\/v2\/media?parent=7481"}],"wp:term":[{"taxonomy":"product_brand","embeddable":true,"href":"https:\/\/candeebaar.ee\/et\/wp-json\/wp\/v2\/product_brand?post=7481"},{"taxonomy":"product_cat","embeddable":true,"href":"https:\/\/candeebaar.ee\/et\/wp-json\/wp\/v2\/product_cat?post=7481"},{"taxonomy":"product_tag","embeddable":true,"href":"https:\/\/candeebaar.ee\/et\/wp-json\/wp\/v2\/product_tag?post=7481"}],"curies":[{"name":"t\u00f6\u00f6leht","href":"https:\/\/api.w.org\/{rel}","templated":true}]}}