{"id":7486,"date":"2024-12-31T20:14:34","date_gmt":"2024-12-31T20:14:34","guid":{"rendered":"https:\/\/storetest.ivi.ee\/product\/white-cake-board-22cm3mm\/"},"modified":"2026-03-31T07:07:36","modified_gmt":"2026-03-31T05:07:36","slug":"valge-koogilaud-22cm3mm","status":"publish","type":"product","link":"https:\/\/candeebaar.ee\/et\/pood\/valge-koogilaud-22cm3mm\/","title":{"rendered":"Valge koogilaud 22cm*3mm"},"content":{"rendered":"<p>Tihedast tugevdatud papist \u00fcmarlaud, niiskus- ja rasvakindel.<br \/>\nV\u00e4rv: valge<br \/>\nL\u00e4bim\u00f5\u00f5t: 219 mm<br \/>\nPaksus: 3mm<\/p>","protected":false},"excerpt":{"rendered":"<p>Tihedast tugevdatud papist \u00fcmarlaud, niiskus- ja rasvakindel. V\u00e4rvus: valge L\u00e4bim\u00f5\u00f5t: 219mm Paksus: 3mm<\/p>","protected":false},"featured_media":7250,"template":"","meta":{"_seopress_robots_primary_cat":"none","_seopress_titles_title":"","_seopress_titles_desc":"","_seopress_robots_index":""},"product_brand":[],"product_cat":[15,142],"product_tag":[],"class_list":{"0":"post-7486","1":"product","2":"type-product","3":"status-publish","4":"has-post-thumbnail","6":"product_cat-all-products","7":"product_cat-22cm","9":"first","10":"outofstock","11":"taxable","12":"shipping-taxable","13":"purchasable","14":"product-type-simple"},"_links":{"self":[{"href":"https:\/\/candeebaar.ee\/et\/wp-json\/wp\/v2\/product\/7486","targetHints":{"allow":["GET"]}}],"collection":[{"href":"https:\/\/candeebaar.ee\/et\/wp-json\/wp\/v2\/product"}],"about":[{"href":"https:\/\/candeebaar.ee\/et\/wp-json\/wp\/v2\/types\/product"}],"version-history":[{"count":2,"href":"https:\/\/candeebaar.ee\/et\/wp-json\/wp\/v2\/product\/7486\/revisions"}],"predecessor-version":[{"id":9117,"href":"https:\/\/candeebaar.ee\/et\/wp-json\/wp\/v2\/product\/7486\/revisions\/9117"}],"wp:featuredmedia":[{"embeddable":true,"href":"https:\/\/candeebaar.ee\/et\/wp-json\/wp\/v2\/media\/7250"}],"wp:attachment":[{"href":"https:\/\/candeebaar.ee\/et\/wp-json\/wp\/v2\/media?parent=7486"}],"wp:term":[{"taxonomy":"product_brand","embeddable":true,"href":"https:\/\/candeebaar.ee\/et\/wp-json\/wp\/v2\/product_brand?post=7486"},{"taxonomy":"product_cat","embeddable":true,"href":"https:\/\/candeebaar.ee\/et\/wp-json\/wp\/v2\/product_cat?post=7486"},{"taxonomy":"product_tag","embeddable":true,"href":"https:\/\/candeebaar.ee\/et\/wp-json\/wp\/v2\/product_tag?post=7486"}],"curies":[{"name":"t\u00f6\u00f6leht","href":"https:\/\/api.w.org\/{rel}","templated":true}]}}