{"id":7494,"date":"2024-12-31T20:14:34","date_gmt":"2024-12-31T20:14:34","guid":{"rendered":"https:\/\/storetest.ivi.ee\/product\/fat-soluble-blue-dye-20g-food-colours\/"},"modified":"2026-03-11T23:15:06","modified_gmt":"2026-03-11T21:15:06","slug":"rasvlahustuv-sinine-varvaine-20g-toiduvarve","status":"publish","type":"product","link":"https:\/\/candeebaar.ee\/et\/pood\/rasvlahustuv-sinine-varvaine-20g-toiduvarve\/","title":{"rendered":"Rasvlahustuv Blue Dye 20g toiduv\u00e4rvid"},"content":{"rendered":"<p>Toiduv\u00e4rv, mis on rasvlahustuv, kasutatakse valge \u0161okolaadi ja muude rasva sisaldavate toodete v\u00e4rvimiseks.<br \/>\nKaal: 10g<br \/>\nKoostisosad: toiduv\u00e4rv E133 (v\u00f5ib avaldada negatiivset m\u00f5ju laste aktiivsusele ja t\u00e4helepanuv\u00f5imele).<br \/>\nTootja: Food Colours, Poola<\/p>","protected":false},"excerpt":{"rendered":"<p>Toiduv\u00e4rv, mis on rasvlahustuv, kasutatakse valge \u0161okolaadi ja muude rasva sisaldavate toodete v\u00e4rvimiseks. Mass: 10g Koostis: toiduv\u00e4rv E133 (v\u00f5ib avaldada negatiivset m\u00f5ju laste aktiivsusele ja t\u00e4helepanuv\u00f5imele). Tootja: Food Colours, Poola<\/p>","protected":false},"featured_media":7496,"template":"","meta":{"_seopress_robots_primary_cat":"","_seopress_titles_title":"","_seopress_titles_desc":"","_seopress_robots_index":""},"product_brand":[],"product_cat":[15,113],"product_tag":[],"class_list":{"0":"post-7494","1":"product","2":"type-product","3":"status-publish","4":"has-post-thumbnail","6":"product_cat-all-products","7":"product_cat-powder-fat-soluble","9":"first","10":"instock","11":"taxable","12":"shipping-taxable","13":"purchasable","14":"product-type-simple"},"_links":{"self":[{"href":"https:\/\/candeebaar.ee\/et\/wp-json\/wp\/v2\/product\/7494","targetHints":{"allow":["GET"]}}],"collection":[{"href":"https:\/\/candeebaar.ee\/et\/wp-json\/wp\/v2\/product"}],"about":[{"href":"https:\/\/candeebaar.ee\/et\/wp-json\/wp\/v2\/types\/product"}],"version-history":[{"count":1,"href":"https:\/\/candeebaar.ee\/et\/wp-json\/wp\/v2\/product\/7494\/revisions"}],"predecessor-version":[{"id":7495,"href":"https:\/\/candeebaar.ee\/et\/wp-json\/wp\/v2\/product\/7494\/revisions\/7495"}],"wp:featuredmedia":[{"embeddable":true,"href":"https:\/\/candeebaar.ee\/et\/wp-json\/wp\/v2\/media\/7496"}],"wp:attachment":[{"href":"https:\/\/candeebaar.ee\/et\/wp-json\/wp\/v2\/media?parent=7494"}],"wp:term":[{"taxonomy":"product_brand","embeddable":true,"href":"https:\/\/candeebaar.ee\/et\/wp-json\/wp\/v2\/product_brand?post=7494"},{"taxonomy":"product_cat","embeddable":true,"href":"https:\/\/candeebaar.ee\/et\/wp-json\/wp\/v2\/product_cat?post=7494"},{"taxonomy":"product_tag","embeddable":true,"href":"https:\/\/candeebaar.ee\/et\/wp-json\/wp\/v2\/product_tag?post=7494"}],"curies":[{"name":"t\u00f6\u00f6leht","href":"https:\/\/api.w.org\/{rel}","templated":true}]}}