{"id":7513,"date":"2024-12-31T20:14:34","date_gmt":"2024-12-31T20:14:34","guid":{"rendered":"https:\/\/storetest.ivi.ee\/product\/gift-box-for-cake-262624cm-white-transparent\/"},"modified":"2026-02-25T10:05:44","modified_gmt":"2026-02-25T08:05:44","slug":"kinkekarp-koogile-262624cm-valge-labipaistev","status":"publish","type":"product","link":"https:\/\/candeebaar.ee\/et\/pood\/kinkekarp-koogile-262624cm-valge-labipaistev\/","title":{"rendered":"Kinkekarp koogile 26*26*24cm valge\/l\u00e4bipaistev"},"content":{"rendered":"<p>L\u00e4bipaistva korpusega kinkekarp koogile, v\u00f5imaldab torti parimal v\u00f5imalikul moel esitleda!<br \/>\nKast koosneb 3 osast.<br \/>\nAlumine: t\u00f6\u00f6kindel alus k\u00f5rgusega 12mm, eelmonteeritud, j\u00e4iga struktuuriga, valmistatud valgest lamineeritud papist.<br \/>\nK\u00fclgosa: l\u00e4bipaistev plastik, lihtne kokku panna, m\u00f5lemal k\u00fcljel kaitsekile (ideaalse seisukorra s\u00e4ilitamiseks tuleb kile enne kokkupanekut eemaldada).<br \/>\nKaas: valge papp, vajab keskmise keerukusega kokkupanekut.<br \/>\nKarbi suurus: 26*26*24cm<br \/>\nT\u00f6\u00f6m\u00f5\u00f5t: 255*255*225mm<\/p>","protected":false},"excerpt":{"rendered":"<p>L\u00e4bipaistva korpusega kinkekarp koogile, v\u00f5imaldab torti parimal v\u00f5imalikul moel esitleda! Kast koosneb 3 osast. Alumine: t\u00f6\u00f6kindel alus k\u00f5rgusega 12mm, eelmonteeritud, j\u00e4iga struktuuriga, valmistatud valgest lamineeritud papist. K\u00fclgosa: l\u00e4bipaistev plastik, kergesti kokkupandav, kaitsekilega [\u2026]<\/p>","protected":false},"featured_media":7507,"template":"","meta":{"_seopress_robots_primary_cat":"none","_seopress_titles_title":"","_seopress_titles_desc":"","_seopress_robots_index":""},"product_brand":[],"product_cat":[15,132,93],"product_tag":[],"class_list":{"0":"post-7513","1":"product","2":"type-product","3":"status-publish","4":"has-post-thumbnail","6":"product_cat-all-products","7":"product_cat-26-29cm-base","8":"product_cat-gift-packaging","10":"first","11":"instock","12":"taxable","13":"shipping-taxable","14":"purchasable","15":"product-type-simple"},"_links":{"self":[{"href":"https:\/\/candeebaar.ee\/et\/wp-json\/wp\/v2\/product\/7513","targetHints":{"allow":["GET"]}}],"collection":[{"href":"https:\/\/candeebaar.ee\/et\/wp-json\/wp\/v2\/product"}],"about":[{"href":"https:\/\/candeebaar.ee\/et\/wp-json\/wp\/v2\/types\/product"}],"version-history":[{"count":1,"href":"https:\/\/candeebaar.ee\/et\/wp-json\/wp\/v2\/product\/7513\/revisions"}],"predecessor-version":[{"id":7514,"href":"https:\/\/candeebaar.ee\/et\/wp-json\/wp\/v2\/product\/7513\/revisions\/7514"}],"wp:featuredmedia":[{"embeddable":true,"href":"https:\/\/candeebaar.ee\/et\/wp-json\/wp\/v2\/media\/7507"}],"wp:attachment":[{"href":"https:\/\/candeebaar.ee\/et\/wp-json\/wp\/v2\/media?parent=7513"}],"wp:term":[{"taxonomy":"product_brand","embeddable":true,"href":"https:\/\/candeebaar.ee\/et\/wp-json\/wp\/v2\/product_brand?post=7513"},{"taxonomy":"product_cat","embeddable":true,"href":"https:\/\/candeebaar.ee\/et\/wp-json\/wp\/v2\/product_cat?post=7513"},{"taxonomy":"product_tag","embeddable":true,"href":"https:\/\/candeebaar.ee\/et\/wp-json\/wp\/v2\/product_tag?post=7513"}],"curies":[{"name":"t\u00f6\u00f6leht","href":"https:\/\/api.w.org\/{rel}","templated":true}]}}