{"id":7515,"date":"2024-12-31T20:14:40","date_gmt":"2024-12-31T20:14:40","guid":{"rendered":"https:\/\/storetest.ivi.ee\/product\/gift-box-for-cake-171720cm-white-transparent\/"},"modified":"2026-03-31T12:30:26","modified_gmt":"2026-03-31T10:30:26","slug":"kinkekarp-koogile-171720cm-valge-labipaistev","status":"publish","type":"product","link":"https:\/\/candeebaar.ee\/et\/pood\/kinkekarp-koogile-171720cm-valge-labipaistev\/","title":{"rendered":"Kinkekarp koogile 17*17*20cm valge\/l\u00e4bipaistev"},"content":{"rendered":"<p>L\u00e4bipaistva korpusega kinkekarp koogile, v\u00f5imaldab torti parimal v\u00f5imalikul moel esitleda!<br \/>\nKast koosneb 3 osast.<br \/>\nAlumine: t\u00f6\u00f6kindel alus k\u00f5rgusega 12mm, eelmonteeritud, j\u00e4iga struktuuriga, valmistatud valgest lamineeritud papist.<br \/>\nK\u00fclgosa: l\u00e4bipaistev plastik, lihtne kokku panna, m\u00f5lemal k\u00fcljel kaitsekile (ideaalse seisukorra s\u00e4ilitamiseks tuleb kile enne kokkupanekut eemaldada).<br \/>\nKaas: valge papp, vajab keskmise keerukusega kokkupanekut.<br \/>\nKarbi suurus: 17*17*20cm<br \/>\nT\u00f6\u00f6m\u00f5\u00f5t: 170*170*185mm<\/p>","protected":false},"excerpt":{"rendered":"<p>L\u00e4bipaistva korpusega kinkekarp koogile, v\u00f5imaldab torti parimal v\u00f5imalikul moel esitleda! Kast koosneb 3 osast. Alumine: t\u00f6\u00f6kindel alus k\u00f5rgusega 12mm, eelmonteeritud, j\u00e4iga struktuuriga, valmistatud valgest lamineeritud papist. K\u00fclgosa: l\u00e4bipaistev plastik, kergesti kokkupandav, kaitsekilega [\u2026]<\/p>","protected":false},"featured_media":7508,"template":"","meta":{"_seopress_robots_primary_cat":"none","_seopress_titles_title":"","_seopress_titles_desc":"","_seopress_robots_index":""},"product_brand":[],"product_cat":[182,178,15,129,93],"product_tag":[175],"class_list":{"0":"post-7515","1":"product","2":"type-product","3":"status-publish","4":"has-post-thumbnail","6":"product_cat-christmas","7":"product_cat-easter-products","8":"product_cat-all-products","9":"product_cat-small-and-bento-size","10":"product_cat-gift-packaging","11":"product_tag-easter","13":"first","14":"instock","15":"taxable","16":"shipping-taxable","17":"purchasable","18":"product-type-simple"},"_links":{"self":[{"href":"https:\/\/candeebaar.ee\/et\/wp-json\/wp\/v2\/product\/7515","targetHints":{"allow":["GET"]}}],"collection":[{"href":"https:\/\/candeebaar.ee\/et\/wp-json\/wp\/v2\/product"}],"about":[{"href":"https:\/\/candeebaar.ee\/et\/wp-json\/wp\/v2\/types\/product"}],"version-history":[{"count":1,"href":"https:\/\/candeebaar.ee\/et\/wp-json\/wp\/v2\/product\/7515\/revisions"}],"predecessor-version":[{"id":7516,"href":"https:\/\/candeebaar.ee\/et\/wp-json\/wp\/v2\/product\/7515\/revisions\/7516"}],"wp:featuredmedia":[{"embeddable":true,"href":"https:\/\/candeebaar.ee\/et\/wp-json\/wp\/v2\/media\/7508"}],"wp:attachment":[{"href":"https:\/\/candeebaar.ee\/et\/wp-json\/wp\/v2\/media?parent=7515"}],"wp:term":[{"taxonomy":"product_brand","embeddable":true,"href":"https:\/\/candeebaar.ee\/et\/wp-json\/wp\/v2\/product_brand?post=7515"},{"taxonomy":"product_cat","embeddable":true,"href":"https:\/\/candeebaar.ee\/et\/wp-json\/wp\/v2\/product_cat?post=7515"},{"taxonomy":"product_tag","embeddable":true,"href":"https:\/\/candeebaar.ee\/et\/wp-json\/wp\/v2\/product_tag?post=7515"}],"curies":[{"name":"t\u00f6\u00f6leht","href":"https:\/\/api.w.org\/{rel}","templated":true}]}}