{"id":7539,"date":"2024-12-31T20:14:40","date_gmt":"2024-12-31T20:14:40","guid":{"rendered":"https:\/\/storetest.ivi.ee\/product\/metal-ring-d250\/"},"modified":"2026-03-20T06:46:04","modified_gmt":"2026-03-20T04:46:04","slug":"metallist-sormus-d250","status":"publish","type":"product","link":"https:\/\/candeebaar.ee\/et\/pood\/metallist-sormus-d250\/","title":{"rendered":"Metallist r\u00f5ngas D250"},"content":{"rendered":"<p>Tugevast terasest r\u00f5ngas. Usaldusv\u00e4\u00e4rne ja vastupidav igaks kasutuseks.<br \/>\nTerase paksus: 1 mm<br \/>\nK\u00f5rgus: 100mm<br \/>\nL\u00e4bim\u00f5\u00f5t: 250 mm<\/p>","protected":false},"excerpt":{"rendered":"<p>Tugevast terasest r\u00f5ngas. Usaldusv\u00e4\u00e4rne ja vastupidav igaks kasutuseks. Terase paksus: 1mm K\u00f5rgus: 100mm L\u00e4bim\u00f5\u00f5t: 250mm<\/p>","protected":false},"featured_media":7527,"template":"","meta":{"_seopress_robots_primary_cat":"","_seopress_titles_title":"","_seopress_titles_desc":"","_seopress_robots_index":""},"product_brand":[],"product_cat":[15,116,109],"product_tag":[],"class_list":{"0":"post-7539","1":"product","2":"type-product","3":"status-publish","4":"has-post-thumbnail","6":"product_cat-all-products","7":"product_cat-metal","8":"product_cat-sale","10":"first","11":"instock","12":"sale","13":"taxable","14":"shipping-taxable","15":"purchasable","16":"product-type-simple"},"_links":{"self":[{"href":"https:\/\/candeebaar.ee\/et\/wp-json\/wp\/v2\/product\/7539","targetHints":{"allow":["GET"]}}],"collection":[{"href":"https:\/\/candeebaar.ee\/et\/wp-json\/wp\/v2\/product"}],"about":[{"href":"https:\/\/candeebaar.ee\/et\/wp-json\/wp\/v2\/types\/product"}],"version-history":[{"count":1,"href":"https:\/\/candeebaar.ee\/et\/wp-json\/wp\/v2\/product\/7539\/revisions"}],"predecessor-version":[{"id":7540,"href":"https:\/\/candeebaar.ee\/et\/wp-json\/wp\/v2\/product\/7539\/revisions\/7540"}],"wp:featuredmedia":[{"embeddable":true,"href":"https:\/\/candeebaar.ee\/et\/wp-json\/wp\/v2\/media\/7527"}],"wp:attachment":[{"href":"https:\/\/candeebaar.ee\/et\/wp-json\/wp\/v2\/media?parent=7539"}],"wp:term":[{"taxonomy":"product_brand","embeddable":true,"href":"https:\/\/candeebaar.ee\/et\/wp-json\/wp\/v2\/product_brand?post=7539"},{"taxonomy":"product_cat","embeddable":true,"href":"https:\/\/candeebaar.ee\/et\/wp-json\/wp\/v2\/product_cat?post=7539"},{"taxonomy":"product_tag","embeddable":true,"href":"https:\/\/candeebaar.ee\/et\/wp-json\/wp\/v2\/product_tag?post=7539"}],"curies":[{"name":"t\u00f6\u00f6leht","href":"https:\/\/api.w.org\/{rel}","templated":true}]}}