{"id":7590,"date":"2024-12-31T20:14:51","date_gmt":"2024-12-31T20:14:51","guid":{"rendered":"https:\/\/storetest.ivi.ee\/product\/cooking-tongs-24cm\/"},"modified":"2025-05-24T19:08:21","modified_gmt":"2025-05-24T17:08:21","slug":"keedutangid-24cm","status":"publish","type":"product","link":"https:\/\/candeebaar.ee\/et\/pood\/keedutangid-24cm\/","title":{"rendered":"Keedutangid 24cm"},"content":{"rendered":"<p>Lihtsad ja usaldusv\u00e4\u00e4rsed tangid, monoliitne konstruktsioon v\u00f5imaldab h\u00f5lpsat puhastamist ja kasutamist, kartmata purunemist.<br \/>\nM\u00f5\u00f5dud: 24cm*43mm<\/p>","protected":false},"excerpt":{"rendered":"<p>Lihtsad ja usaldusv\u00e4\u00e4rsed tangid, monoliitne konstruktsioon v\u00f5imaldab h\u00f5lpsat puhastamist ja kasutamist, kartmata purunemist. M\u00f5\u00f5dud: 24cm*43mm<\/p>","protected":false},"featured_media":7566,"template":"","meta":{"_seopress_robots_primary_cat":"none","_seopress_titles_title":"","_seopress_titles_desc":"","_seopress_robots_index":""},"product_brand":[],"product_cat":[15,84],"product_tag":[],"class_list":{"0":"post-7590","1":"product","2":"type-product","3":"status-publish","4":"has-post-thumbnail","6":"product_cat-all-products","7":"product_cat-tools","9":"first","10":"outofstock","11":"sale","12":"taxable","13":"shipping-taxable","14":"purchasable","15":"product-type-simple"},"_links":{"self":[{"href":"https:\/\/candeebaar.ee\/et\/wp-json\/wp\/v2\/product\/7590","targetHints":{"allow":["GET"]}}],"collection":[{"href":"https:\/\/candeebaar.ee\/et\/wp-json\/wp\/v2\/product"}],"about":[{"href":"https:\/\/candeebaar.ee\/et\/wp-json\/wp\/v2\/types\/product"}],"version-history":[{"count":2,"href":"https:\/\/candeebaar.ee\/et\/wp-json\/wp\/v2\/product\/7590\/revisions"}],"predecessor-version":[{"id":12391,"href":"https:\/\/candeebaar.ee\/et\/wp-json\/wp\/v2\/product\/7590\/revisions\/12391"}],"wp:featuredmedia":[{"embeddable":true,"href":"https:\/\/candeebaar.ee\/et\/wp-json\/wp\/v2\/media\/7566"}],"wp:attachment":[{"href":"https:\/\/candeebaar.ee\/et\/wp-json\/wp\/v2\/media?parent=7590"}],"wp:term":[{"taxonomy":"product_brand","embeddable":true,"href":"https:\/\/candeebaar.ee\/et\/wp-json\/wp\/v2\/product_brand?post=7590"},{"taxonomy":"product_cat","embeddable":true,"href":"https:\/\/candeebaar.ee\/et\/wp-json\/wp\/v2\/product_cat?post=7590"},{"taxonomy":"product_tag","embeddable":true,"href":"https:\/\/candeebaar.ee\/et\/wp-json\/wp\/v2\/product_tag?post=7590"}],"curies":[{"name":"t\u00f6\u00f6leht","href":"https:\/\/api.w.org\/{rel}","templated":true}]}}