{"id":7636,"date":"2024-12-31T20:14:53","date_gmt":"2024-12-31T20:14:53","guid":{"rendered":"https:\/\/storetest.ivi.ee\/product\/white-fondant-modecor-pop-250g\/"},"modified":"2026-03-15T08:28:33","modified_gmt":"2026-03-15T06:28:33","slug":"valge-fondant-modecor-pop-250g","status":"publish","type":"product","link":"https:\/\/candeebaar.ee\/et\/pood\/valge-fondant-modecor-pop-250g\/","title":{"rendered":"Valge fondant Modecor POP 250g"},"content":{"rendered":"<p>Suhkrupasta figuuride modelleerimiseks ja magustoitude katmiseks.<br \/>\nKoostis: Suhkur 74%, gl\u00fckoosisiirup, taime\u00f5li (p\u00e4evalill, palm), \u00fcmberp\u00f6\u00f6ratud siirup, stabilisaator E420ii, E415, E471, E330, l\u00f5hna- ja maitseaine, E202, E300.<br \/>\nMass:<strong> 250 g<\/strong><br \/>\nSisu 100g kohta:<br \/>\nToitev\u00e4\u00e4rtus: 1704 kJ 407 kcal<br \/>\nRasvad (k\u00fcllastunud): 6,4 g (3,5 g)<br \/>\nS\u00fcsivesikud (suhkrud): 87g (82g)<br \/>\nValgud: 0 g<br \/>\nSool: 0,04 g<br \/>\nV\u00f5ib sisaldada <strong>piim, p\u00e4hklid, soja<\/strong>.<br \/>\nHoida \u00f5hukindlas pakendis kuivas, pimedas kohas, temperatuuril: +8\u00b0C kuni +25\u00b0C<br \/>\nTootja: Modecor, Itaalia<\/p>","protected":false},"excerpt":{"rendered":"<p>Suhkrupasta figuuride modelleerimiseks ja magustoitude katmiseks. Koostis: suhkur 74%, gl\u00fckoosisiirup, taime\u00f5li (p\u00e4evalille-, palmi\u00f5li), invertsiirup, stabilisaator E420ii, E415, E471, E330, l\u00f5hna- ja maitseained, E202, E300. Kaal: 250 g Sisu 100 g kohta: Toitev\u00e4\u00e4rtus: 1704 kJ 407 kcal Rasvad (k\u00fcllastunud): 6,4 g (3,5 g) S\u00fcsivesikud (suhkrud): 87 g (82 g) Valgud: 0 g Sool: 0,04 g V\u00f5ib sisaldada piima, p\u00e4hkleid, soja. [\u2026]<\/p>","protected":false},"featured_media":4985,"template":"","meta":{"_seopress_robots_primary_cat":"","_seopress_titles_title":"","_seopress_titles_desc":"","_seopress_robots_index":""},"product_brand":[],"product_cat":[15,102],"product_tag":[],"class_list":{"0":"post-7636","1":"product","2":"type-product","3":"status-publish","4":"has-post-thumbnail","6":"product_cat-all-products","7":"product_cat-sugars","9":"first","10":"instock","11":"taxable","12":"shipping-taxable","13":"purchasable","14":"product-type-simple"},"_links":{"self":[{"href":"https:\/\/candeebaar.ee\/et\/wp-json\/wp\/v2\/product\/7636","targetHints":{"allow":["GET"]}}],"collection":[{"href":"https:\/\/candeebaar.ee\/et\/wp-json\/wp\/v2\/product"}],"about":[{"href":"https:\/\/candeebaar.ee\/et\/wp-json\/wp\/v2\/types\/product"}],"version-history":[{"count":1,"href":"https:\/\/candeebaar.ee\/et\/wp-json\/wp\/v2\/product\/7636\/revisions"}],"predecessor-version":[{"id":7637,"href":"https:\/\/candeebaar.ee\/et\/wp-json\/wp\/v2\/product\/7636\/revisions\/7637"}],"wp:featuredmedia":[{"embeddable":true,"href":"https:\/\/candeebaar.ee\/et\/wp-json\/wp\/v2\/media\/4985"}],"wp:attachment":[{"href":"https:\/\/candeebaar.ee\/et\/wp-json\/wp\/v2\/media?parent=7636"}],"wp:term":[{"taxonomy":"product_brand","embeddable":true,"href":"https:\/\/candeebaar.ee\/et\/wp-json\/wp\/v2\/product_brand?post=7636"},{"taxonomy":"product_cat","embeddable":true,"href":"https:\/\/candeebaar.ee\/et\/wp-json\/wp\/v2\/product_cat?post=7636"},{"taxonomy":"product_tag","embeddable":true,"href":"https:\/\/candeebaar.ee\/et\/wp-json\/wp\/v2\/product_tag?post=7636"}],"curies":[{"name":"t\u00f6\u00f6leht","href":"https:\/\/api.w.org\/{rel}","templated":true}]}}