{"id":7640,"date":"2024-12-31T20:14:53","date_gmt":"2024-12-31T20:14:53","guid":{"rendered":"https:\/\/storetest.ivi.ee\/product\/gel-food-coloring-royal-salmon-20g-food-colours-20-07-2024\/"},"modified":"2025-01-02T10:08:11","modified_gmt":"2025-01-02T10:08:11","slug":"geeltoiduvarv-kuninglik-lohe-20g-toiduvarvid-20-07-2024","status":"publish","type":"product","link":"https:\/\/candeebaar.ee\/et\/pood\/geeltoiduvarv-kuninglik-lohe-20g-toiduvarvid-20-07-2024\/","title":{"rendered":"Geeljas toiduv\u00e4rv Royal Salmon 20g toiduv\u00e4rvid (20.07.2024)"},"content":{"rendered":"<p>Roheline geeljas toiduv\u00e4rv k\u00f5rge kontsentratsiooniga.<br \/>\nVeega lahjendatud, kasutatakse mustrite loomiseks ja kreemide, taigna v\u00e4rvimiseks ja muuks toiduks.<br \/>\nKoostis: gl\u00fckoosisiirup, gl\u00fctseriin E422, vesi, v\u00e4rvained E102*, E122*, l\u00f5hna- ja maitseained, E202, E330, E464.<br \/>\n*v\u00f5ib avaldada negatiivset m\u00f5ju laste aktiivsusele ja t\u00e4helepanuv\u00f5imele.<br \/>\nKaal: 20 g<br \/>\nTootja: Food Colours, Poola<\/p>","protected":false},"excerpt":{"rendered":"<p>Gel food coloring green high concentration. Diluted with water, used for creating patterns and coloring creams, dough, and other food purposes. Composition: glucose syrup, glycerin E422, water, dyes E102*, E122*, flavoring, E202, E330, E464. *may have a negative impact on the activity and attention of children. Mass: 20g Manufacturer: Food Colours, Poland<\/p>","protected":false},"featured_media":7642,"template":"","meta":{"_seopress_robots_primary_cat":"","_seopress_titles_title":"","_seopress_titles_desc":"","_seopress_robots_index":""},"product_brand":[],"product_cat":[15,114],"product_tag":[],"class_list":{"0":"post-7640","1":"product","2":"type-product","3":"status-publish","4":"has-post-thumbnail","6":"product_cat-all-products","7":"product_cat-gel-water-soluble","9":"first","10":"outofstock","11":"sale","12":"taxable","13":"shipping-taxable","14":"purchasable","15":"product-type-simple"},"_links":{"self":[{"href":"https:\/\/candeebaar.ee\/et\/wp-json\/wp\/v2\/product\/7640","targetHints":{"allow":["GET"]}}],"collection":[{"href":"https:\/\/candeebaar.ee\/et\/wp-json\/wp\/v2\/product"}],"about":[{"href":"https:\/\/candeebaar.ee\/et\/wp-json\/wp\/v2\/types\/product"}],"version-history":[{"count":1,"href":"https:\/\/candeebaar.ee\/et\/wp-json\/wp\/v2\/product\/7640\/revisions"}],"predecessor-version":[{"id":7641,"href":"https:\/\/candeebaar.ee\/et\/wp-json\/wp\/v2\/product\/7640\/revisions\/7641"}],"wp:featuredmedia":[{"embeddable":true,"href":"https:\/\/candeebaar.ee\/et\/wp-json\/wp\/v2\/media\/7642"}],"wp:attachment":[{"href":"https:\/\/candeebaar.ee\/et\/wp-json\/wp\/v2\/media?parent=7640"}],"wp:term":[{"taxonomy":"product_brand","embeddable":true,"href":"https:\/\/candeebaar.ee\/et\/wp-json\/wp\/v2\/product_brand?post=7640"},{"taxonomy":"product_cat","embeddable":true,"href":"https:\/\/candeebaar.ee\/et\/wp-json\/wp\/v2\/product_cat?post=7640"},{"taxonomy":"product_tag","embeddable":true,"href":"https:\/\/candeebaar.ee\/et\/wp-json\/wp\/v2\/product_tag?post=7640"}],"curies":[{"name":"t\u00f6\u00f6leht","href":"https:\/\/api.w.org\/{rel}","templated":true}]}}