{"id":7652,"date":"2024-12-31T20:14:53","date_gmt":"2024-12-31T20:14:53","guid":{"rendered":"https:\/\/storetest.ivi.ee\/product\/box-for-cake-pops-215150305200mm\/"},"modified":"2026-03-10T12:39:27","modified_gmt":"2026-03-10T10:39:27","slug":"karp-tortide-jaoks-215150305200mm","status":"publish","type":"product","link":"https:\/\/candeebaar.ee\/et\/pood\/karp-tortide-jaoks-215150305200mm\/","title":{"rendered":"Karp kookide jaoks 215*150*305(200)mm"},"content":{"rendered":"<p>Karp kookide jaoks, spetsiaalne disain mugavaks transportimiseks ja esitlemiseks.<br \/>\n P\u00f5hi \u2013 215*150mm, sellel on 18 auku (\u223c3mm), dubleeritud karbi s\u00fcgavuses magustoitude turvaliseks paigutamiseks. 4mm l\u00e4bim\u00f5\u00f5duga pulkade kasutamisel on soovitatav esmalt t\u00fchja pulgaga augud laiendada, et oleks lihtsam valmistoote paigaldada.<br \/>\n Kaanel on k\u00fcljeaknad, \u00fcldk\u00f5rgus \u2013 30cm, t\u00f6\u00f6k\u00f5rgus \u2013 20cm. Sidumiseks ja edasiseks kandmiseks on vaja paela, mis (nagu fotol) hoiab alust ja v\u00f5imaldab p\u00e4rast lahtisidumist kaane lihtsalt eemaldada.<br \/>\nV\u00e4rv: valge<br \/>\nMaterjal: papp<br \/>\nKarbi kokkupanek pole just k\u00f5ige lihtsam, kuid kogenud kondiitri jaoks pole seda raske k\u00e4sitseda.<\/p>","protected":false},"excerpt":{"rendered":"<p>Koogipunnide karp, spetsiaalne disain mugavaks transportimiseks ja esitlemiseks. P\u00f5hi \u2013 215 * 150 mm, 18 auku (\u223c3 mm), dubleeritud karbi s\u00fcgavuses magustoitude turvaliseks paigutamiseks. 4 mm l\u00e4bim\u00f5\u00f5duga pulkade kasutamisel on soovitatav auke k\u00f5igepealt t\u00fchja pulkaga laiendada, et oleks lihtsam [\u2026]<\/p>","protected":false},"featured_media":7654,"template":"","meta":{"_seopress_robots_primary_cat":"","_seopress_titles_title":"","_seopress_titles_desc":"","_seopress_robots_index":""},"product_brand":[],"product_cat":[15,154,93],"product_tag":[],"class_list":{"0":"post-7652","1":"product","2":"type-product","3":"status-publish","4":"has-post-thumbnail","6":"product_cat-all-products","7":"product_cat-different-style","8":"product_cat-gift-packaging","10":"first","11":"instock","12":"taxable","13":"shipping-taxable","14":"purchasable","15":"product-type-simple"},"_links":{"self":[{"href":"https:\/\/candeebaar.ee\/et\/wp-json\/wp\/v2\/product\/7652","targetHints":{"allow":["GET"]}}],"collection":[{"href":"https:\/\/candeebaar.ee\/et\/wp-json\/wp\/v2\/product"}],"about":[{"href":"https:\/\/candeebaar.ee\/et\/wp-json\/wp\/v2\/types\/product"}],"version-history":[{"count":1,"href":"https:\/\/candeebaar.ee\/et\/wp-json\/wp\/v2\/product\/7652\/revisions"}],"predecessor-version":[{"id":7653,"href":"https:\/\/candeebaar.ee\/et\/wp-json\/wp\/v2\/product\/7652\/revisions\/7653"}],"wp:featuredmedia":[{"embeddable":true,"href":"https:\/\/candeebaar.ee\/et\/wp-json\/wp\/v2\/media\/7654"}],"wp:attachment":[{"href":"https:\/\/candeebaar.ee\/et\/wp-json\/wp\/v2\/media?parent=7652"}],"wp:term":[{"taxonomy":"product_brand","embeddable":true,"href":"https:\/\/candeebaar.ee\/et\/wp-json\/wp\/v2\/product_brand?post=7652"},{"taxonomy":"product_cat","embeddable":true,"href":"https:\/\/candeebaar.ee\/et\/wp-json\/wp\/v2\/product_cat?post=7652"},{"taxonomy":"product_tag","embeddable":true,"href":"https:\/\/candeebaar.ee\/et\/wp-json\/wp\/v2\/product_tag?post=7652"}],"curies":[{"name":"t\u00f6\u00f6leht","href":"https:\/\/api.w.org\/{rel}","templated":true}]}}