{"id":7664,"date":"2024-12-31T20:14:53","date_gmt":"2024-12-31T20:14:53","guid":{"rendered":"https:\/\/storetest.ivi.ee\/product\/pink-flower-box-42cm\/"},"modified":"2025-02-24T20:28:27","modified_gmt":"2025-02-24T18:28:27","slug":"roosa-lillekast-42cm","status":"publish","type":"product","link":"https:\/\/candeebaar.ee\/et\/pood\/roosa-lillekast-42cm\/","title":{"rendered":"Roosa lillekarp 42cm"},"content":{"rendered":"<p>Karp v\u00e4ikeste kimpude jaoks, n\u00e4iteks 3 lille. Pealkiri: &quot;Suur ait\u00e4h&quot;<br \/>\nLihtne, kuid originaalne pakend lilledele.<br \/>\nMaterjal: papp<br \/>\nM\u00f5\u00f5dud: 135*425mm<br \/>\nV\u00e4rv: roosa<\/p>","protected":false},"excerpt":{"rendered":"<p>Karp v\u00e4ikeste kimpude jaoks, n\u00e4iteks 3 lille. Pealkiri: \u201cThank You So Much\u201d Lihtne, kuid originaalne pakend lilledele. Materjal: papp Suurus: 135*425mm V\u00e4rvus: roosa<\/p>","protected":false},"featured_media":7661,"template":"","meta":{"_seopress_robots_primary_cat":"","_seopress_titles_title":"","_seopress_titles_desc":"","_seopress_robots_index":""},"product_brand":[],"product_cat":[15,93],"product_tag":[],"class_list":{"0":"post-7664","1":"product","2":"type-product","3":"status-publish","4":"has-post-thumbnail","6":"product_cat-all-products","7":"product_cat-gift-packaging","9":"first","10":"instock","11":"sale","12":"taxable","13":"shipping-taxable","14":"purchasable","15":"product-type-simple"},"_links":{"self":[{"href":"https:\/\/candeebaar.ee\/et\/wp-json\/wp\/v2\/product\/7664","targetHints":{"allow":["GET"]}}],"collection":[{"href":"https:\/\/candeebaar.ee\/et\/wp-json\/wp\/v2\/product"}],"about":[{"href":"https:\/\/candeebaar.ee\/et\/wp-json\/wp\/v2\/types\/product"}],"version-history":[{"count":1,"href":"https:\/\/candeebaar.ee\/et\/wp-json\/wp\/v2\/product\/7664\/revisions"}],"predecessor-version":[{"id":7665,"href":"https:\/\/candeebaar.ee\/et\/wp-json\/wp\/v2\/product\/7664\/revisions\/7665"}],"wp:featuredmedia":[{"embeddable":true,"href":"https:\/\/candeebaar.ee\/et\/wp-json\/wp\/v2\/media\/7661"}],"wp:attachment":[{"href":"https:\/\/candeebaar.ee\/et\/wp-json\/wp\/v2\/media?parent=7664"}],"wp:term":[{"taxonomy":"product_brand","embeddable":true,"href":"https:\/\/candeebaar.ee\/et\/wp-json\/wp\/v2\/product_brand?post=7664"},{"taxonomy":"product_cat","embeddable":true,"href":"https:\/\/candeebaar.ee\/et\/wp-json\/wp\/v2\/product_cat?post=7664"},{"taxonomy":"product_tag","embeddable":true,"href":"https:\/\/candeebaar.ee\/et\/wp-json\/wp\/v2\/product_tag?post=7664"}],"curies":[{"name":"t\u00f6\u00f6leht","href":"https:\/\/api.w.org\/{rel}","templated":true}]}}