{"id":7700,"date":"2024-12-31T20:15:01","date_gmt":"2024-12-31T20:15:01","guid":{"rendered":"https:\/\/storetest.ivi.ee\/product\/cupcake-baking-mold-100pcs-brown\/"},"modified":"2026-04-17T06:18:17","modified_gmt":"2026-04-17T04:18:17","slug":"koogikupsetusvorm-100tk-pruun","status":"publish","type":"product","link":"https:\/\/candeebaar.ee\/et\/pood\/koogikupsetusvorm-100tk-pruun\/","title":{"rendered":"Koogik\u00fcpsetusvorm 100tk Pruun"},"content":{"rendered":"<p>Pabervorm sobib suurep\u00e4raselt koogikeste k\u00fcpsetamiseks. Hoiab oma kuju ega vaja t\u00e4iendavat metallist alust t\u00e4nu painutatud \u00fclemisele servale.<br \/>\nP\u00f5hja l\u00e4bim\u00f5\u00f5t: 5 cm<br \/>\n\u00dclemise l\u00e4bim\u00f5\u00f5t: 6,8 cm<br \/>\nK\u00f5rgus: 3,8 cm<br \/>\nV\u00e4rvus: pruun<br \/>\n100 tk pakendis.<\/p>","protected":false},"excerpt":{"rendered":"<p>Pabervorm sobib suurep\u00e4raselt koogikeste k\u00fcpsetamiseks. Hoiab oma kuju ega vaja t\u00e4iendavat metallist alust t\u00e4nu painutatud \u00fclemisele servale. P\u00f5hja l\u00e4bim\u00f5\u00f5t: 5cm Pealmine l\u00e4bim\u00f5\u00f5t: 6,8cm K\u00f5rgus: 3,8cm V\u00e4rvus: pruun Pakendis 100tk.<\/p>","protected":false},"featured_media":7691,"template":"","meta":{"_seopress_robots_primary_cat":"none","_seopress_titles_title":"","_seopress_titles_desc":"","_seopress_robots_index":""},"product_brand":[],"product_cat":[15,117,90],"product_tag":[],"class_list":{"0":"post-7700","1":"product","2":"type-product","3":"status-publish","4":"has-post-thumbnail","6":"product_cat-all-products","7":"product_cat-paper","8":"product_cat-paper-cups-and-tulips","10":"first","11":"instock","12":"taxable","13":"shipping-taxable","14":"purchasable","15":"product-type-simple"},"_links":{"self":[{"href":"https:\/\/candeebaar.ee\/et\/wp-json\/wp\/v2\/product\/7700","targetHints":{"allow":["GET"]}}],"collection":[{"href":"https:\/\/candeebaar.ee\/et\/wp-json\/wp\/v2\/product"}],"about":[{"href":"https:\/\/candeebaar.ee\/et\/wp-json\/wp\/v2\/types\/product"}],"version-history":[{"count":1,"href":"https:\/\/candeebaar.ee\/et\/wp-json\/wp\/v2\/product\/7700\/revisions"}],"predecessor-version":[{"id":7701,"href":"https:\/\/candeebaar.ee\/et\/wp-json\/wp\/v2\/product\/7700\/revisions\/7701"}],"wp:featuredmedia":[{"embeddable":true,"href":"https:\/\/candeebaar.ee\/et\/wp-json\/wp\/v2\/media\/7691"}],"wp:attachment":[{"href":"https:\/\/candeebaar.ee\/et\/wp-json\/wp\/v2\/media?parent=7700"}],"wp:term":[{"taxonomy":"product_brand","embeddable":true,"href":"https:\/\/candeebaar.ee\/et\/wp-json\/wp\/v2\/product_brand?post=7700"},{"taxonomy":"product_cat","embeddable":true,"href":"https:\/\/candeebaar.ee\/et\/wp-json\/wp\/v2\/product_cat?post=7700"},{"taxonomy":"product_tag","embeddable":true,"href":"https:\/\/candeebaar.ee\/et\/wp-json\/wp\/v2\/product_tag?post=7700"}],"curies":[{"name":"t\u00f6\u00f6leht","href":"https:\/\/api.w.org\/{rel}","templated":true}]}}