{"id":7728,"date":"2024-12-31T20:15:10","date_gmt":"2024-12-31T20:15:10","guid":{"rendered":"https:\/\/storetest.ivi.ee\/product\/gelatinous-dye-lime-green-30g-fractal-colors\/"},"modified":"2026-04-12T18:27:14","modified_gmt":"2026-04-12T16:27:14","slug":"zelatiinvarv-laimiroheline-30g-fraktaalvarvid","status":"publish","type":"product","link":"https:\/\/candeebaar.ee\/et\/pood\/zelatiinvarv-laimiroheline-30g-fraktaalvarvid\/","title":{"rendered":"Geelv\u00e4rv laimiroheline 30g Fractal Colors"},"content":{"rendered":"<p>Toiduk\u00f5lblik \u017eelatiinne vees lahustuv v\u00e4rvaine.<br \/>\nKoostisosad: gl\u00fctseriin, E1520 (prop\u00fcleengl\u00fckool), (v\u00e4rv) E133, E104, E551 (r\u00e4nidioksiid).<br \/>\nV\u00e4rv: laimi<br \/>\nKaal: 30 g<br \/>\nHoida pimedas jahedas kohas.<br \/>\nV\u00f5ib kahjustada laste aktiivsust ja t\u00e4helepanu.<br \/>\nTootja: Fractal Colors, Ungari<\/p>","protected":false},"excerpt":{"rendered":"<p>Toiduk\u00f5lblik \u017eelatiinne vees lahustuv v\u00e4rvaine. Koostis: gl\u00fctseriin, E1520 (prop\u00fcleengl\u00fckool), (v\u00e4rvaine) E133, E104, E551 (r\u00e4nidioksiid). V\u00e4rvaine: lubi. Mass: 30 g. Hoida pimedas ja jahedas kohas. V\u00f5ib kahjustada laste aktiivsust ja t\u00e4helepanu. Tootja: Fractal Colors, Ungari.<\/p>","protected":false},"featured_media":7726,"template":"","meta":{"_seopress_robots_primary_cat":"","_seopress_titles_title":"","_seopress_titles_desc":"","_seopress_robots_index":""},"product_brand":[],"product_cat":[15,114],"product_tag":[],"class_list":{"0":"post-7728","1":"product","2":"type-product","3":"status-publish","4":"has-post-thumbnail","6":"product_cat-all-products","7":"product_cat-gel-water-soluble","9":"first","10":"outofstock","11":"taxable","12":"shipping-taxable","13":"purchasable","14":"product-type-simple"},"_links":{"self":[{"href":"https:\/\/candeebaar.ee\/et\/wp-json\/wp\/v2\/product\/7728","targetHints":{"allow":["GET"]}}],"collection":[{"href":"https:\/\/candeebaar.ee\/et\/wp-json\/wp\/v2\/product"}],"about":[{"href":"https:\/\/candeebaar.ee\/et\/wp-json\/wp\/v2\/types\/product"}],"version-history":[{"count":2,"href":"https:\/\/candeebaar.ee\/et\/wp-json\/wp\/v2\/product\/7728\/revisions"}],"predecessor-version":[{"id":9165,"href":"https:\/\/candeebaar.ee\/et\/wp-json\/wp\/v2\/product\/7728\/revisions\/9165"}],"wp:featuredmedia":[{"embeddable":true,"href":"https:\/\/candeebaar.ee\/et\/wp-json\/wp\/v2\/media\/7726"}],"wp:attachment":[{"href":"https:\/\/candeebaar.ee\/et\/wp-json\/wp\/v2\/media?parent=7728"}],"wp:term":[{"taxonomy":"product_brand","embeddable":true,"href":"https:\/\/candeebaar.ee\/et\/wp-json\/wp\/v2\/product_brand?post=7728"},{"taxonomy":"product_cat","embeddable":true,"href":"https:\/\/candeebaar.ee\/et\/wp-json\/wp\/v2\/product_cat?post=7728"},{"taxonomy":"product_tag","embeddable":true,"href":"https:\/\/candeebaar.ee\/et\/wp-json\/wp\/v2\/product_tag?post=7728"}],"curies":[{"name":"t\u00f6\u00f6leht","href":"https:\/\/api.w.org\/{rel}","templated":true}]}}