{"id":7736,"date":"2024-12-31T20:15:10","date_gmt":"2024-12-31T20:15:10","guid":{"rendered":"https:\/\/storetest.ivi.ee\/product\/wafer-paper-0-35mm-a4-1-sheet\/"},"modified":"2026-04-01T11:29:27","modified_gmt":"2026-04-01T09:29:27","slug":"vahvlipaber-0-35mm-a4-1-leht","status":"publish","type":"product","link":"https:\/\/candeebaar.ee\/et\/pood\/vahvlipaber-0-35mm-a4-1-leht\/","title":{"rendered":"Vahvlipaber 0,35mm A4 1 leht"},"content":{"rendered":"<p>Vahvlipaberit kasutatakse toiduainete tr\u00fckkimiseks ja s\u00f6\u00f6davate kaunistuste loomiseks.<br \/>\nSellel on sile k\u00fclg (printimiseks) ja kare k\u00fclg.<br \/>\nPaksus: 0,35 mm<br \/>\nM\u00f5\u00f5dud: 210x297mm<br \/>\nKogus: 1tk<br \/>\nKaal: ~7g<br \/>\nToitev\u00e4\u00e4rtus 100 g kohta:<br \/>\n1589 kJ \/ 380 kcal<br \/>\nRasvad (k\u00fcllastunud): 3 g (0,4 g)<br \/>\nS\u00fcsivesikud: 88,1g<br \/>\nValgud: 0,1 g<br \/>\nKoostis: kartulit\u00e4rklis, vesi, oliivi\u00f5li.<br \/>\nHoida tihedalt suletud pakendis, jahedas pimedas kohas.<br \/>\nTootja: Saksamaa<\/p>","protected":false},"excerpt":{"rendered":"<p>Vahvlipaberit kasutatakse toiduainete tr\u00fckkimiseks ja s\u00f6\u00f6davate kaunistuste loomiseks. Sellel on sile k\u00fclg (printimiseks) ja kare k\u00fclg. Paksus: 0,35mm Suurus: 210x297mm Kogus: 1tk Kaal: ~7g Toitev\u00e4\u00e4rtus 100g kohta: 1589kJ\/380kcal Rasvad (k\u00fcllastunud): 3g (0,4g) S\u00fcsivesikud: 88,1g Valgud1 T\u00e4rklis:, Koostis:0. Hoida tihedalt suletud pakendis, [\u2026]<\/p>","protected":false},"featured_media":5224,"template":"","meta":{"_seopress_robots_primary_cat":"","_seopress_titles_title":"","_seopress_titles_desc":"","_seopress_robots_index":""},"product_brand":[],"product_cat":[15],"product_tag":[],"class_list":{"0":"post-7736","1":"product","2":"type-product","3":"status-publish","4":"has-post-thumbnail","6":"product_cat-all-products","8":"first","9":"instock","10":"taxable","11":"shipping-taxable","12":"purchasable","13":"product-type-simple"},"_links":{"self":[{"href":"https:\/\/candeebaar.ee\/et\/wp-json\/wp\/v2\/product\/7736","targetHints":{"allow":["GET"]}}],"collection":[{"href":"https:\/\/candeebaar.ee\/et\/wp-json\/wp\/v2\/product"}],"about":[{"href":"https:\/\/candeebaar.ee\/et\/wp-json\/wp\/v2\/types\/product"}],"version-history":[{"count":1,"href":"https:\/\/candeebaar.ee\/et\/wp-json\/wp\/v2\/product\/7736\/revisions"}],"predecessor-version":[{"id":7737,"href":"https:\/\/candeebaar.ee\/et\/wp-json\/wp\/v2\/product\/7736\/revisions\/7737"}],"wp:featuredmedia":[{"embeddable":true,"href":"https:\/\/candeebaar.ee\/et\/wp-json\/wp\/v2\/media\/5224"}],"wp:attachment":[{"href":"https:\/\/candeebaar.ee\/et\/wp-json\/wp\/v2\/media?parent=7736"}],"wp:term":[{"taxonomy":"product_brand","embeddable":true,"href":"https:\/\/candeebaar.ee\/et\/wp-json\/wp\/v2\/product_brand?post=7736"},{"taxonomy":"product_cat","embeddable":true,"href":"https:\/\/candeebaar.ee\/et\/wp-json\/wp\/v2\/product_cat?post=7736"},{"taxonomy":"product_tag","embeddable":true,"href":"https:\/\/candeebaar.ee\/et\/wp-json\/wp\/v2\/product_tag?post=7736"}],"curies":[{"name":"t\u00f6\u00f6leht","href":"https:\/\/api.w.org\/{rel}","templated":true}]}}