{"id":7740,"date":"2024-12-31T20:15:10","date_gmt":"2024-12-31T20:15:10","guid":{"rendered":"https:\/\/storetest.ivi.ee\/product\/cake-base-3mm-mdf-white-25cm\/"},"modified":"2026-04-06T11:54:55","modified_gmt":"2026-04-06T09:54:55","slug":"tordipohi-3mm-mdf-valge-25cm","status":"publish","type":"product","link":"https:\/\/candeebaar.ee\/et\/pood\/tordipohi-3mm-mdf-valge-25cm\/","title":{"rendered":"Koogilaud 3mm (MDF) valge 25cm"},"content":{"rendered":"<p>MDF-plaadist tihe koogip\u00f5hi.<br \/>\nLamineeritud niiskuskindla valge kattega (ei ole sertifitseeritud otseseks kokkupuuteks toiduainetega; p\u00f5hjaks soovitame kasutada n\u00e4iteks toidup\u00e4rgamenti).<br \/>\nV\u00f5ib korduvalt kasutada, kuid serva ja p\u00f5hja ei ole soovitatav niiskuse k\u00e4tte j\u00e4tta.<br \/>\nV\u00e4rv: valge<br \/>\nM\u00f5\u00f5dud: 245*3mm<br \/>\nTootmine: Eesti<\/p>","protected":false},"excerpt":{"rendered":"<p>MDF-plaadist tihe koogip\u00f5hi. Lamineeritud niiskuskindla valge kattega (ei ole sertifitseeritud otseseks kokkupuuteks toiduainetega; p\u00f5hjaks soovitame kasutada n\u00e4iteks toidup\u00e4rgamenti). V\u00f5ib korduvalt kasutada, kuid serva ja p\u00f5hja ei ole soovitatav niiskuse k\u00e4tte j\u00e4tta. V\u00e4rvus: valge Suurus: 245*3mm Tootmine: Eesti<\/p>","protected":false},"featured_media":7742,"template":"","meta":{"_seopress_robots_primary_cat":"none","_seopress_titles_title":"","_seopress_titles_desc":"","_seopress_robots_index":""},"product_brand":[],"product_cat":[15,144],"product_tag":[],"class_list":{"0":"post-7740","1":"product","2":"type-product","3":"status-publish","4":"has-post-thumbnail","6":"product_cat-all-products","7":"product_cat-25cm","9":"first","10":"instock","11":"taxable","12":"shipping-taxable","13":"purchasable","14":"product-type-simple"},"_links":{"self":[{"href":"https:\/\/candeebaar.ee\/et\/wp-json\/wp\/v2\/product\/7740","targetHints":{"allow":["GET"]}}],"collection":[{"href":"https:\/\/candeebaar.ee\/et\/wp-json\/wp\/v2\/product"}],"about":[{"href":"https:\/\/candeebaar.ee\/et\/wp-json\/wp\/v2\/types\/product"}],"version-history":[{"count":3,"href":"https:\/\/candeebaar.ee\/et\/wp-json\/wp\/v2\/product\/7740\/revisions"}],"predecessor-version":[{"id":9916,"href":"https:\/\/candeebaar.ee\/et\/wp-json\/wp\/v2\/product\/7740\/revisions\/9916"}],"wp:featuredmedia":[{"embeddable":true,"href":"https:\/\/candeebaar.ee\/et\/wp-json\/wp\/v2\/media\/7742"}],"wp:attachment":[{"href":"https:\/\/candeebaar.ee\/et\/wp-json\/wp\/v2\/media?parent=7740"}],"wp:term":[{"taxonomy":"product_brand","embeddable":true,"href":"https:\/\/candeebaar.ee\/et\/wp-json\/wp\/v2\/product_brand?post=7740"},{"taxonomy":"product_cat","embeddable":true,"href":"https:\/\/candeebaar.ee\/et\/wp-json\/wp\/v2\/product_cat?post=7740"},{"taxonomy":"product_tag","embeddable":true,"href":"https:\/\/candeebaar.ee\/et\/wp-json\/wp\/v2\/product_tag?post=7740"}],"curies":[{"name":"t\u00f6\u00f6leht","href":"https:\/\/api.w.org\/{rel}","templated":true}]}}