{"id":7753,"date":"2024-12-31T20:15:10","date_gmt":"2024-12-31T20:15:10","guid":{"rendered":"https:\/\/storetest.ivi.ee\/product\/silicone-mold-half-sphere-26mm\/"},"modified":"2025-10-30T10:29:55","modified_gmt":"2025-10-30T08:29:55","slug":"silikoonvorm-poolkera-26mm","status":"publish","type":"product","link":"https:\/\/candeebaar.ee\/et\/pood\/silikoonvorm-poolkera-26mm\/","title":{"rendered":"Silikoonvorm poolkera 26mm"},"content":{"rendered":"<p>Vorm \u0161okolaadi jaoks<br \/>\nSuurus: 29 * 16,5 * 1,5 cm<br \/>\nPoolkera l\u00e4bim\u00f5\u00f5t: 26 mm (24 elementi)<br \/>\nMaterjal: toidu silikoon<br \/>\nKasutustemperatuur: -60\u00b0C kuni 230\u00b0C<br \/>\nTootmine: Hiina<\/p>","protected":false},"excerpt":{"rendered":"<p>\u0160okolaadivorm Suurus: 29 * 16,5 * 1,5 cm Poolkera l\u00e4bim\u00f5\u00f5t: 26 mm (24 elementi) Materjal: toidusilikoon Kasutustemperatuur: -60 \u00b0C kuni 230 \u00b0C Tootmisriik: Hiina<\/p>","protected":false},"featured_media":7755,"template":"","meta":{"_seopress_robots_primary_cat":"none","_seopress_titles_title":"","_seopress_titles_desc":"","_seopress_robots_index":""},"product_brand":[],"product_cat":[15,82,123],"product_tag":[],"class_list":{"0":"post-7753","1":"product","2":"type-product","3":"status-publish","4":"has-post-thumbnail","6":"product_cat-all-products","7":"product_cat-chocolate-molds","8":"product_cat-geometry","10":"first","11":"outofstock","12":"taxable","13":"shipping-taxable","14":"purchasable","15":"product-type-simple"},"_links":{"self":[{"href":"https:\/\/candeebaar.ee\/et\/wp-json\/wp\/v2\/product\/7753","targetHints":{"allow":["GET"]}}],"collection":[{"href":"https:\/\/candeebaar.ee\/et\/wp-json\/wp\/v2\/product"}],"about":[{"href":"https:\/\/candeebaar.ee\/et\/wp-json\/wp\/v2\/types\/product"}],"version-history":[{"count":1,"href":"https:\/\/candeebaar.ee\/et\/wp-json\/wp\/v2\/product\/7753\/revisions"}],"predecessor-version":[{"id":7754,"href":"https:\/\/candeebaar.ee\/et\/wp-json\/wp\/v2\/product\/7753\/revisions\/7754"}],"wp:featuredmedia":[{"embeddable":true,"href":"https:\/\/candeebaar.ee\/et\/wp-json\/wp\/v2\/media\/7755"}],"wp:attachment":[{"href":"https:\/\/candeebaar.ee\/et\/wp-json\/wp\/v2\/media?parent=7753"}],"wp:term":[{"taxonomy":"product_brand","embeddable":true,"href":"https:\/\/candeebaar.ee\/et\/wp-json\/wp\/v2\/product_brand?post=7753"},{"taxonomy":"product_cat","embeddable":true,"href":"https:\/\/candeebaar.ee\/et\/wp-json\/wp\/v2\/product_cat?post=7753"},{"taxonomy":"product_tag","embeddable":true,"href":"https:\/\/candeebaar.ee\/et\/wp-json\/wp\/v2\/product_tag?post=7753"}],"curies":[{"name":"t\u00f6\u00f6leht","href":"https:\/\/api.w.org\/{rel}","templated":true}]}}