{"id":7795,"date":"2024-12-31T20:15:17","date_gmt":"2024-12-31T20:15:17","guid":{"rendered":"https:\/\/storetest.ivi.ee\/product\/cacao-mill-dark-chocolate-56-300g\/"},"modified":"2026-03-24T07:38:36","modified_gmt":"2026-03-24T05:38:36","slug":"kakaoveski-tume-sokolaad-56-300g","status":"publish","type":"product","link":"https:\/\/candeebaar.ee\/et\/pood\/kakaoveski-tume-sokolaad-56-300g\/","title":{"rendered":"Cacao Mill Tume \u0161okolaad (56%) 300g"},"content":{"rendered":"<p>Rikkaliku kakaomaitsega tume \u0161okolaad.<br \/>\nVooluvus: 2\/5<br \/>\nKaal: 300g<br \/>\nSisu 100g kohta:<br \/>\nEnergia: 531,2 kcal\/2212,7 kJ<br \/>\nRasvad: 32,6 g<br \/>\nS\u00fcsivesikud: 47,7 g<br \/>\nValgud: 7,6 g<br \/>\nKakaosisaldus: 56%<br \/>\nKoostisosad: kakaomass, kakaov\u00f5i, suhkur, E322 (letsitiin <strong>soja<\/strong>), pol\u00fcgl\u00fctseriin, vanilliin.<\/p>\n<p>Tootja: Natra Cacao, Hispaania<br \/>\nS\u00e4ilitustemperatuur: <strong>18 <\/strong>\u00b0<strong>C<br \/>\n<\/strong>V\u00f5ib sisaldada j\u00e4lgi <strong>piim, laktoos, soja ja p\u00e4hklid.<br \/>\n<\/strong><\/p>","protected":false},"excerpt":{"rendered":"<p>Rikkaliku kakaomaitsega tume \u0161okolaad. Vooluvus: 2\/5 Mass: 300g Sisu 100g kohta: Energia: 531,2 kcal\/2212,7 kJ Rasvad: 32,6g S\u00fcsivesikud: 47,7g Valgud: 7,6g Kakaosisaldus: 56% Koostis: kakaomass, kakaomass2, kookosuhkur2 , pol\u00fcgl\u00fctseriin, vanilliin. Tootja: Natra Cacao, Hispaania S\u00e4ilitustemperatuur: 18 \u00b0C V\u00f5ib sisaldada j\u00e4lgi piimast, laktoosist, sojast ja p\u00e4hklitest.<\/p>","protected":false},"featured_media":5397,"template":"","meta":{"_seopress_robots_primary_cat":"none","_seopress_titles_title":"","_seopress_titles_desc":"","_seopress_robots_index":""},"product_brand":[],"product_cat":[15,111],"product_tag":[],"class_list":{"0":"post-7795","1":"product","2":"type-product","3":"status-publish","4":"has-post-thumbnail","6":"product_cat-all-products","7":"product_cat-cacao-mill","9":"first","10":"instock","11":"taxable","12":"shipping-taxable","13":"purchasable","14":"product-type-simple"},"_links":{"self":[{"href":"https:\/\/candeebaar.ee\/et\/wp-json\/wp\/v2\/product\/7795","targetHints":{"allow":["GET"]}}],"collection":[{"href":"https:\/\/candeebaar.ee\/et\/wp-json\/wp\/v2\/product"}],"about":[{"href":"https:\/\/candeebaar.ee\/et\/wp-json\/wp\/v2\/types\/product"}],"version-history":[{"count":2,"href":"https:\/\/candeebaar.ee\/et\/wp-json\/wp\/v2\/product\/7795\/revisions"}],"predecessor-version":[{"id":13595,"href":"https:\/\/candeebaar.ee\/et\/wp-json\/wp\/v2\/product\/7795\/revisions\/13595"}],"wp:featuredmedia":[{"embeddable":true,"href":"https:\/\/candeebaar.ee\/et\/wp-json\/wp\/v2\/media\/5397"}],"wp:attachment":[{"href":"https:\/\/candeebaar.ee\/et\/wp-json\/wp\/v2\/media?parent=7795"}],"wp:term":[{"taxonomy":"product_brand","embeddable":true,"href":"https:\/\/candeebaar.ee\/et\/wp-json\/wp\/v2\/product_brand?post=7795"},{"taxonomy":"product_cat","embeddable":true,"href":"https:\/\/candeebaar.ee\/et\/wp-json\/wp\/v2\/product_cat?post=7795"},{"taxonomy":"product_tag","embeddable":true,"href":"https:\/\/candeebaar.ee\/et\/wp-json\/wp\/v2\/product_tag?post=7795"}],"curies":[{"name":"t\u00f6\u00f6leht","href":"https:\/\/api.w.org\/{rel}","templated":true}]}}