{"id":7799,"date":"2024-12-31T20:15:17","date_gmt":"2024-12-31T20:15:17","guid":{"rendered":"https:\/\/storetest.ivi.ee\/product\/cacao-mill-dark-chocolate-62-1000g\/"},"modified":"2026-01-06T19:31:01","modified_gmt":"2026-01-06T17:31:01","slug":"kakaoveski-tume-sokolaad-62-1000g","status":"publish","type":"product","link":"https:\/\/candeebaar.ee\/et\/pood\/kakaoveski-tume-sokolaad-62-1000g\/","title":{"rendered":"Cacao Mill Tume \u0161okolaad (62%) 1000g"},"content":{"rendered":"<p>Rikkaliku kakaomaitsega tume \u0161okolaad.<br \/>\nVooluvus: 3\/5<br \/>\nKaal: 1000g<br \/>\nSisu 100g kohta:<br \/>\nEnergia: 563,7 kcal\/2343 kJ<br \/>\nRasvad: 38,9 g<br \/>\nS\u00fcsivesikud: 41,8 g<br \/>\nValgud: 7,5 g<br \/>\nKakaosisaldus: 62%<br \/>\nKoostisosad: kakaomass, kakaov\u00f5i, suhkur, E322 (letsitiin <strong>soja<\/strong>), vanilliin.<\/p>\n<p>Tootja: Natra Cacao, Hispaania<br \/>\nS\u00e4ilitustemperatuur: <strong>18 <\/strong>\u00b0<strong>C<br \/>\n<\/strong>V\u00f5ib sisaldada j\u00e4lgi <strong>piim, laktoos, soja ja p\u00e4hklid.<br \/>\n<\/strong><\/p>","protected":false},"excerpt":{"rendered":"<p>Rikkaliku kakaomaitsega tume \u0161okolaad. Vooluvus: 3\/5 Mass: 1000g Sisu 100g kohta: Energia: 563,7 kcal\/2343 kJ Rasvad: 38,9g S\u00fcsivesikud: 41,8g Valgud: 7,5g Kakaosisaldus: 62% Koostis: kakaomass, suhkur, kakaov\u00f5i2 , vanilliin. Tootja: Natra Cacao, Hispaania S\u00e4ilitustemperatuur: 18 \u00b0C V\u00f5ib sisaldada j\u00e4lgi piimast, laktoosist, sojast ja p\u00e4hklitest.<\/p>","protected":false},"featured_media":5403,"template":"","meta":{"_seopress_robots_primary_cat":"none","_seopress_titles_title":"","_seopress_titles_desc":"","_seopress_robots_index":""},"product_brand":[],"product_cat":[15,111],"product_tag":[],"class_list":{"0":"post-7799","1":"product","2":"type-product","3":"status-publish","4":"has-post-thumbnail","6":"product_cat-all-products","7":"product_cat-cacao-mill","9":"first","10":"outofstock","11":"taxable","12":"shipping-taxable","13":"purchasable","14":"product-type-simple"},"_links":{"self":[{"href":"https:\/\/candeebaar.ee\/et\/wp-json\/wp\/v2\/product\/7799","targetHints":{"allow":["GET"]}}],"collection":[{"href":"https:\/\/candeebaar.ee\/et\/wp-json\/wp\/v2\/product"}],"about":[{"href":"https:\/\/candeebaar.ee\/et\/wp-json\/wp\/v2\/types\/product"}],"version-history":[{"count":3,"href":"https:\/\/candeebaar.ee\/et\/wp-json\/wp\/v2\/product\/7799\/revisions"}],"predecessor-version":[{"id":12685,"href":"https:\/\/candeebaar.ee\/et\/wp-json\/wp\/v2\/product\/7799\/revisions\/12685"}],"wp:featuredmedia":[{"embeddable":true,"href":"https:\/\/candeebaar.ee\/et\/wp-json\/wp\/v2\/media\/5403"}],"wp:attachment":[{"href":"https:\/\/candeebaar.ee\/et\/wp-json\/wp\/v2\/media?parent=7799"}],"wp:term":[{"taxonomy":"product_brand","embeddable":true,"href":"https:\/\/candeebaar.ee\/et\/wp-json\/wp\/v2\/product_brand?post=7799"},{"taxonomy":"product_cat","embeddable":true,"href":"https:\/\/candeebaar.ee\/et\/wp-json\/wp\/v2\/product_cat?post=7799"},{"taxonomy":"product_tag","embeddable":true,"href":"https:\/\/candeebaar.ee\/et\/wp-json\/wp\/v2\/product_tag?post=7799"}],"curies":[{"name":"t\u00f6\u00f6leht","href":"https:\/\/api.w.org\/{rel}","templated":true}]}}