{"id":7803,"date":"2024-12-31T20:15:17","date_gmt":"2024-12-31T20:15:17","guid":{"rendered":"https:\/\/storetest.ivi.ee\/product\/cacao-mill-dark-chocolate-70-1000g\/"},"modified":"2025-08-16T18:46:00","modified_gmt":"2025-08-16T16:46:00","slug":"kakaoveski-tume-sokolaad-70-1000g","status":"publish","type":"product","link":"https:\/\/candeebaar.ee\/et\/pood\/kakaoveski-tume-sokolaad-70-1000g\/","title":{"rendered":"Kakaoveski tume \u0161okolaad (70%) 1000g"},"content":{"rendered":"<p>Tume m\u00f5\u00f5dukalt magus \u0161okolaad.<br \/>\nVooluvus: 4\/5<br \/>\nKaal: 1000g<br \/>\nSisu 100g kohta:<br \/>\nEnergia: 605,3kcal\/2509,8kJ<br \/>\nRasvad: 46,9 g<br \/>\nS\u00fcsivesikud: 34,2 g (suhkur 30,4)<br \/>\nValgud: 7,5 g<br \/>\nKakaosisaldus: 70%<br \/>\nKoostisosad: kakaomass, kakaov\u00f5i, suhkur, vanilliin.<\/p>\n<p>Tootja: Natra Cacao, Hispaania<br \/>\nS\u00e4ilitustemperatuur: <strong>18 <\/strong>\u00b0<strong>C<br \/>\n<\/strong>V\u00f5ib sisaldada j\u00e4lgi <strong>piim, laktoos, soja ja p\u00e4hklid.<br \/>\n<\/strong><\/p>","protected":false},"excerpt":{"rendered":"<p>Tume m\u00f5\u00f5dukalt magus \u0161okolaad. Vooluvus: 4\/5 Mass: 1000g Sisu 100g kohta: Energia: 605,3kcal\/2509,8kJ Rasvad: 46,9g S\u00fcsivesikud: 34,2g (suhkur 30,4) Valgud: 7,5g Kakaosisaldus: 701 kookosv\u00f5i, koostis: kookosv\u00f5i . Tootja: Natra Cacao, Hispaania S\u00e4ilitustemperatuur: 18 \u00b0C V\u00f5ib sisaldada j\u00e4lgi piimast, laktoosist, sojast ja p\u00e4hklitest.<\/p>","protected":false},"featured_media":5406,"template":"","meta":{"_seopress_robots_primary_cat":"none","_seopress_titles_title":"","_seopress_titles_desc":"","_seopress_robots_index":""},"product_brand":[],"product_cat":[15,111],"product_tag":[],"class_list":{"0":"post-7803","1":"product","2":"type-product","3":"status-publish","4":"has-post-thumbnail","6":"product_cat-all-products","7":"product_cat-cacao-mill","9":"first","10":"outofstock","11":"taxable","12":"shipping-taxable","13":"purchasable","14":"product-type-simple"},"_links":{"self":[{"href":"https:\/\/candeebaar.ee\/et\/wp-json\/wp\/v2\/product\/7803","targetHints":{"allow":["GET"]}}],"collection":[{"href":"https:\/\/candeebaar.ee\/et\/wp-json\/wp\/v2\/product"}],"about":[{"href":"https:\/\/candeebaar.ee\/et\/wp-json\/wp\/v2\/types\/product"}],"version-history":[{"count":2,"href":"https:\/\/candeebaar.ee\/et\/wp-json\/wp\/v2\/product\/7803\/revisions"}],"predecessor-version":[{"id":12422,"href":"https:\/\/candeebaar.ee\/et\/wp-json\/wp\/v2\/product\/7803\/revisions\/12422"}],"wp:featuredmedia":[{"embeddable":true,"href":"https:\/\/candeebaar.ee\/et\/wp-json\/wp\/v2\/media\/5406"}],"wp:attachment":[{"href":"https:\/\/candeebaar.ee\/et\/wp-json\/wp\/v2\/media?parent=7803"}],"wp:term":[{"taxonomy":"product_brand","embeddable":true,"href":"https:\/\/candeebaar.ee\/et\/wp-json\/wp\/v2\/product_brand?post=7803"},{"taxonomy":"product_cat","embeddable":true,"href":"https:\/\/candeebaar.ee\/et\/wp-json\/wp\/v2\/product_cat?post=7803"},{"taxonomy":"product_tag","embeddable":true,"href":"https:\/\/candeebaar.ee\/et\/wp-json\/wp\/v2\/product_tag?post=7803"}],"curies":[{"name":"t\u00f6\u00f6leht","href":"https:\/\/api.w.org\/{rel}","templated":true}]}}